{"id":149,"date":"2016-04-16T11:46:19","date_gmt":"2016-04-16T09:46:19","guid":{"rendered":"http:\/\/jagdklub.localhost:8080\/?page_id=149"},"modified":"2026-03-13T14:17:31","modified_gmt":"2026-03-13T13:17:31","slug":"die-vorsitzenden","status":"publish","type":"page","link":"https:\/\/jagdklub-darmstadt.de\/hp\/die-vorsitzenden\/","title":{"rendered":"Die Vorsitzenden"},"content":{"rendered":"<p><strong>Bisherige Vorsitzende des Jagdklubs<\/strong><\/p>\n<p><span style=\"text-decoration: underline;\">Vorsitzende des hessischen Jagdklubs<\/span><br \/>\n1898 &#8211; 1901 Freiherr van der Hopp<br \/>\n1902 &#8211; 1923 Kommerzienrat Dr. h.c. Gustav Hickler<br \/>\n1924 &#8211; 1932 Geh. Oberforstrat Heinrich Ebel zusammen mit Prof. Karl Zimmer<br \/>\n1932 &#8211; 1933 Geh. Oberforstrat Heinrich Ebel<br \/>\n1933 &#8211; 1935 Lehrer R. Vonderheid<\/p>\n<p><span style=\"text-decoration: underline;\">Vorsitzender der deutschen J\u00e4gerschaft<\/span><br \/>\n1935 &#8211; Kriegsende Oberlandesgerichtsrat O. Hildebrand i.R.<\/p>\n<p><span style=\"text-decoration: underline;\">Vorsitzende des Jagdklub Darmstadt e.V.<\/span><br \/>\n1947 &#8211; 1950 Direktor Otto R\u00f6hm<br \/>\n1950 &#8211; 1958 Dr. jur. Georg Dahlem<br \/>\n1958 &#8211; 1959 Oberforstmeister Ernst-Ludwig Schiemer<br \/>\n1959 &#8211; 1960 Erhard Str\u00f6her<br \/>\n1960 &#8211; 1962 Landforstmeister Ludwig Rothmann<br \/>\n1962 &#8211; 1976 Landforstmeister Willy Grubel<br \/>\n1976 &#8211; 1992 Ltd. Forstdirektor Philipp Rudolph<br \/>\n1992 &#8211; 1994 Dr. jur. Rolph Niederberger<br \/>\n1994 &#8211; 1999 Joachim Thiede<br \/>\n2000 &#8211; 2001 Herbert Helm<br \/>\n2001 &#8211; 2002 Georg Erzgr\u00e4ber<br \/>\n2002 &#8211; 2013 Bernd Widmaier<br \/>\n2013 &#8211; 2022 Michael Hommel<br \/>\n2022 &#8211; Juni 2023 Rainald Mohr<br \/>\n2023 &#8211; heute Michael Hommel<\/p>\n","protected":false},"excerpt":{"rendered":"<p>Bisherige Vorsitzende des Jagdklubs Vorsitzende des hessischen Jagdklubs 1898 &#8211; 1901 Freiherr van der Hopp 1902 &#8211; 1923 Kommerzienrat Dr. h.c. Gustav Hickler 1924 &#8211; 1932 Geh. Oberforstrat Heinrich Ebel [&hellip;]<\/p>\n","protected":false},"author":7,"featured_media":0,"parent":0,"menu_order":0,"comment_status":"closed","ping_status":"closed","template":"","meta":{"_price":"","_stock":"","_tribe_ticket_header":"","_tribe_default_ticket_provider":"Tribe__Tickets_Plus__Commerce__WooCommerce__Main","_tribe_ticket_capacity":"0","_ticket_start_date":"","_ticket_end_date":"","_tribe_ticket_show_description":"","_tribe_ticket_show_not_going":false,"_tribe_ticket_use_global_stock":"","_tribe_ticket_global_stock_level":"","_global_stock_mode":"","_global_stock_cap":"","_tribe_rsvp_for_event":"","_tribe_ticket_going_count":"","_tribe_ticket_not_going_count":"","_tribe_tickets_list":"[]","_tribe_ticket_has_attendee_info_fields":false,"footnotes":""},"class_list":["post-149","page","type-page","status-publish","hentry"],"yoast_head":"<!-- This site is optimized with the Yoast SEO plugin v27.4 - https:\/\/yoast.com\/product\/yoast-seo-wordpress\/ -->\n<title>Die Vorsitzenden - Jagdklub Darmstadt<\/title>\n<meta name=\"robots\" content=\"index, follow, max-snippet:-1, max-image-preview:large, max-video-preview:-1\" \/>\n<link rel=\"canonical\" href=\"https:\/\/jagdklub-darmstadt.de\/hp\/die-vorsitzenden\/\" \/>\n<meta property=\"og:locale\" content=\"de_DE\" \/>\n<meta property=\"og:type\" content=\"article\" \/>\n<meta property=\"og:title\" content=\"Die Vorsitzenden - Jagdklub Darmstadt\" \/>\n<meta property=\"og:description\" content=\"Bisherige Vorsitzende des Jagdklubs Vorsitzende des hessischen Jagdklubs 1898 &#8211; 1901 Freiherr van der Hopp 1902 &#8211; 1923 Kommerzienrat Dr. h.c. Gustav Hickler 1924 &#8211; 1932 Geh. Oberforstrat Heinrich Ebel [&hellip;]\" \/>\n<meta property=\"og:url\" content=\"https:\/\/jagdklub-darmstadt.de\/hp\/die-vorsitzenden\/\" \/>\n<meta property=\"og:site_name\" content=\"Jagdklub Darmstadt\" \/>\n<meta property=\"article:modified_time\" content=\"2026-03-13T13:17:31+00:00\" \/>\n<meta name=\"twitter:card\" content=\"summary_large_image\" \/>\n<meta name=\"twitter:label1\" content=\"Gesch\u00e4tzte Lesezeit\" \/>\n\t<meta name=\"twitter:data1\" content=\"1\u00a0Minute\" \/>\n<script type=\"application\/ld+json\" class=\"yoast-schema-graph\">{\"@context\":\"https:\\\/\\\/schema.org\",\"@graph\":[{\"@type\":\"WebPage\",\"@id\":\"https:\\\/\\\/jagdklub-darmstadt.de\\\/hp\\\/die-vorsitzenden\\\/\",\"url\":\"https:\\\/\\\/jagdklub-darmstadt.de\\\/hp\\\/die-vorsitzenden\\\/\",\"name\":\"Die Vorsitzenden - Jagdklub Darmstadt\",\"isPartOf\":{\"@id\":\"https:\\\/\\\/jagdklub-darmstadt.de\\\/hp\\\/#website\"},\"datePublished\":\"2016-04-16T09:46:19+00:00\",\"dateModified\":\"2026-03-13T13:17:31+00:00\",\"breadcrumb\":{\"@id\":\"https:\\\/\\\/jagdklub-darmstadt.de\\\/hp\\\/die-vorsitzenden\\\/#breadcrumb\"},\"inLanguage\":\"de\",\"potentialAction\":[{\"@type\":\"ReadAction\",\"target\":[\"https:\\\/\\\/jagdklub-darmstadt.de\\\/hp\\\/die-vorsitzenden\\\/\"]}]},{\"@type\":\"BreadcrumbList\",\"@id\":\"https:\\\/\\\/jagdklub-darmstadt.de\\\/hp\\\/die-vorsitzenden\\\/#breadcrumb\",\"itemListElement\":[{\"@type\":\"ListItem\",\"position\":1,\"name\":\"Startseite\",\"item\":\"https:\\\/\\\/jagdklub-darmstadt.de\\\/hp\\\/\"},{\"@type\":\"ListItem\",\"position\":2,\"name\":\"Die Vorsitzenden\"}]},{\"@type\":\"WebSite\",\"@id\":\"https:\\\/\\\/jagdklub-darmstadt.de\\\/hp\\\/#website\",\"url\":\"https:\\\/\\\/jagdklub-darmstadt.de\\\/hp\\\/\",\"name\":\"Jagdklub Darmstadt\",\"description\":\"Die Webseite des Jagdklub Darmstadt, Verein f\u00fcr J\u00e4ger und Sportsch\u00fctzen e.V.\",\"publisher\":{\"@id\":\"https:\\\/\\\/jagdklub-darmstadt.de\\\/hp\\\/#organization\"},\"potentialAction\":[{\"@type\":\"SearchAction\",\"target\":{\"@type\":\"EntryPoint\",\"urlTemplate\":\"https:\\\/\\\/jagdklub-darmstadt.de\\\/hp\\\/?s={search_term_string}\"},\"query-input\":{\"@type\":\"PropertyValueSpecification\",\"valueRequired\":true,\"valueName\":\"search_term_string\"}}],\"inLanguage\":\"de\"},{\"@type\":\"Organization\",\"@id\":\"https:\\\/\\\/jagdklub-darmstadt.de\\\/hp\\\/#organization\",\"name\":\"Jagdklub Darmstadt, Verein f\u00fcr J\u00e4ger und Sportsch\u00fctzen e.V.\",\"url\":\"https:\\\/\\\/jagdklub-darmstadt.de\\\/hp\\\/\",\"logo\":{\"@type\":\"ImageObject\",\"inLanguage\":\"de\",\"@id\":\"https:\\\/\\\/jagdklub-darmstadt.de\\\/hp\\\/#\\\/schema\\\/logo\\\/image\\\/\",\"url\":\"https:\\\/\\\/jagdklub-darmstadt.de\\\/hp\\\/wp-content\\\/uploads\\\/2016\\\/06\\\/JKD-Logo.png\",\"contentUrl\":\"https:\\\/\\\/jagdklub-darmstadt.de\\\/hp\\\/wp-content\\\/uploads\\\/2016\\\/06\\\/JKD-Logo.png\",\"width\":279,\"height\":361,\"caption\":\"Jagdklub Darmstadt, Verein f\u00fcr J\u00e4ger und Sportsch\u00fctzen e.V.\"},\"image\":{\"@id\":\"https:\\\/\\\/jagdklub-darmstadt.de\\\/hp\\\/#\\\/schema\\\/logo\\\/image\\\/\"}}]}<\/script>\n<!-- \/ Yoast SEO plugin. -->","yoast_head_json":{"title":"Die Vorsitzenden - Jagdklub Darmstadt","robots":{"index":"index","follow":"follow","max-snippet":"max-snippet:-1","max-image-preview":"max-image-preview:large","max-video-preview":"max-video-preview:-1"},"canonical":"https:\/\/jagdklub-darmstadt.de\/hp\/die-vorsitzenden\/","og_locale":"de_DE","og_type":"article","og_title":"Die Vorsitzenden - Jagdklub Darmstadt","og_description":"Bisherige Vorsitzende des Jagdklubs Vorsitzende des hessischen Jagdklubs 1898 &#8211; 1901 Freiherr van der Hopp 1902 &#8211; 1923 Kommerzienrat Dr. h.c. Gustav Hickler 1924 &#8211; 1932 Geh. Oberforstrat Heinrich Ebel [&hellip;]","og_url":"https:\/\/jagdklub-darmstadt.de\/hp\/die-vorsitzenden\/","og_site_name":"Jagdklub Darmstadt","article_modified_time":"2026-03-13T13:17:31+00:00","twitter_card":"summary_large_image","twitter_misc":{"Gesch\u00e4tzte Lesezeit":"1\u00a0Minute"},"schema":{"@context":"https:\/\/schema.org","@graph":[{"@type":"WebPage","@id":"https:\/\/jagdklub-darmstadt.de\/hp\/die-vorsitzenden\/","url":"https:\/\/jagdklub-darmstadt.de\/hp\/die-vorsitzenden\/","name":"Die Vorsitzenden - Jagdklub Darmstadt","isPartOf":{"@id":"https:\/\/jagdklub-darmstadt.de\/hp\/#website"},"datePublished":"2016-04-16T09:46:19+00:00","dateModified":"2026-03-13T13:17:31+00:00","breadcrumb":{"@id":"https:\/\/jagdklub-darmstadt.de\/hp\/die-vorsitzenden\/#breadcrumb"},"inLanguage":"de","potentialAction":[{"@type":"ReadAction","target":["https:\/\/jagdklub-darmstadt.de\/hp\/die-vorsitzenden\/"]}]},{"@type":"BreadcrumbList","@id":"https:\/\/jagdklub-darmstadt.de\/hp\/die-vorsitzenden\/#breadcrumb","itemListElement":[{"@type":"ListItem","position":1,"name":"Startseite","item":"https:\/\/jagdklub-darmstadt.de\/hp\/"},{"@type":"ListItem","position":2,"name":"Die Vorsitzenden"}]},{"@type":"WebSite","@id":"https:\/\/jagdklub-darmstadt.de\/hp\/#website","url":"https:\/\/jagdklub-darmstadt.de\/hp\/","name":"Jagdklub Darmstadt","description":"Die Webseite des Jagdklub Darmstadt, Verein f\u00fcr J\u00e4ger und Sportsch\u00fctzen e.V.","publisher":{"@id":"https:\/\/jagdklub-darmstadt.de\/hp\/#organization"},"potentialAction":[{"@type":"SearchAction","target":{"@type":"EntryPoint","urlTemplate":"https:\/\/jagdklub-darmstadt.de\/hp\/?s={search_term_string}"},"query-input":{"@type":"PropertyValueSpecification","valueRequired":true,"valueName":"search_term_string"}}],"inLanguage":"de"},{"@type":"Organization","@id":"https:\/\/jagdklub-darmstadt.de\/hp\/#organization","name":"Jagdklub Darmstadt, Verein f\u00fcr J\u00e4ger und Sportsch\u00fctzen e.V.","url":"https:\/\/jagdklub-darmstadt.de\/hp\/","logo":{"@type":"ImageObject","inLanguage":"de","@id":"https:\/\/jagdklub-darmstadt.de\/hp\/#\/schema\/logo\/image\/","url":"https:\/\/jagdklub-darmstadt.de\/hp\/wp-content\/uploads\/2016\/06\/JKD-Logo.png","contentUrl":"https:\/\/jagdklub-darmstadt.de\/hp\/wp-content\/uploads\/2016\/06\/JKD-Logo.png","width":279,"height":361,"caption":"Jagdklub Darmstadt, Verein f\u00fcr J\u00e4ger und Sportsch\u00fctzen e.V."},"image":{"@id":"https:\/\/jagdklub-darmstadt.de\/hp\/#\/schema\/logo\/image\/"}}]}},"_links":{"self":[{"href":"https:\/\/jagdklub-darmstadt.de\/hp\/wp-json\/wp\/v2\/pages\/149","targetHints":{"allow":["GET"]}}],"collection":[{"href":"https:\/\/jagdklub-darmstadt.de\/hp\/wp-json\/wp\/v2\/pages"}],"about":[{"href":"https:\/\/jagdklub-darmstadt.de\/hp\/wp-json\/wp\/v2\/types\/page"}],"author":[{"embeddable":true,"href":"https:\/\/jagdklub-darmstadt.de\/hp\/wp-json\/wp\/v2\/users\/7"}],"replies":[{"embeddable":true,"href":"https:\/\/jagdklub-darmstadt.de\/hp\/wp-json\/wp\/v2\/comments?post=149"}],"version-history":[{"count":8,"href":"https:\/\/jagdklub-darmstadt.de\/hp\/wp-json\/wp\/v2\/pages\/149\/revisions"}],"predecessor-version":[{"id":6737,"href":"https:\/\/jagdklub-darmstadt.de\/hp\/wp-json\/wp\/v2\/pages\/149\/revisions\/6737"}],"wp:attachment":[{"href":"https:\/\/jagdklub-darmstadt.de\/hp\/wp-json\/wp\/v2\/media?parent=149"}],"curies":[{"name":"wp","href":"https:\/\/api.w.org\/{rel}","templated":true}]}}