{"id":151,"date":"2016-04-16T11:47:09","date_gmt":"2016-04-16T09:47:09","guid":{"rendered":"http:\/\/jagdklub.localhost:8080\/?page_id=151"},"modified":"2025-06-10T19:32:44","modified_gmt":"2025-06-10T17:32:44","slug":"kontakt","status":"publish","type":"page","link":"https:\/\/jagdklub-darmstadt.de\/hp\/kontakt\/","title":{"rendered":"Kontakt"},"content":{"rendered":"<p><strong>Jagdklub Darmstadt, Verein f\u00fcr J\u00e4ger und Sportsch\u00fctzen e.V.<\/strong><\/p>\n<p>Rheinstra\u00dfe 162<br \/>\n64295 Darmstadt<\/p>\n<p>FON B\u00fcro: (06151) 893153<br \/>\nFON Klubhaus: (06151) 893121<br \/>\nFON Werkstatt: (06151) 8008966<\/p>\n<p>FAX B\u00fcro: (06151) 893152<\/p>\n<p>E-Mail: <a href=\"mailto:mail@jagdklub-darmstadt.de\">mail<img loading=\"lazy\" decoding=\"async\" class=\"wp-image-2183 alignnone\" src=\"http:\/\/newhp.jagdklub-darmstadt.de\/wp-content\/uploads\/2016\/04\/at-zeichen-e1500412837457.png\" alt=\"\" width=\"14\" height=\"15\" srcset=\"https:\/\/jagdklub-darmstadt.de\/hp\/wp-content\/uploads\/2016\/04\/at-zeichen-e1500412837457.png 151w, https:\/\/jagdklub-darmstadt.de\/hp\/wp-content\/uploads\/2016\/04\/at-zeichen-e1500412837457-150x150.png 150w\" sizes=\"auto, (max-width: 14px) 100vw, 14px\" \/>jagdklub-darmstadt.de<\/a><\/p>\n<p>Mitgliederverwaltung: Stefan Bechtel [<a href=\"mailto:mitgliederverwaltung@jagdklub-darmstadt.de\">mitgliederverwaltung<img loading=\"lazy\" decoding=\"async\" class=\"wp-image-2183 alignnone\" src=\"http:\/\/newhp.jagdklub-darmstadt.de\/wp-content\/uploads\/2016\/04\/at-zeichen-e1500412837457.png\" alt=\"\" width=\"14\" height=\"15\" srcset=\"https:\/\/jagdklub-darmstadt.de\/hp\/wp-content\/uploads\/2016\/04\/at-zeichen-e1500412837457.png 151w, https:\/\/jagdklub-darmstadt.de\/hp\/wp-content\/uploads\/2016\/04\/at-zeichen-e1500412837457-150x150.png 150w\" sizes=\"auto, (max-width: 14px) 100vw, 14px\" \/>jagdklub-darmstadt.de<\/a>]<\/p>\n<h3><\/h3>\n","protected":false},"excerpt":{"rendered":"<p>Jagdklub Darmstadt, Verein f\u00fcr J\u00e4ger und Sportsch\u00fctzen e.V. Rheinstra\u00dfe 162 64295 Darmstadt FON B\u00fcro: (06151) 893153 FON Klubhaus: (06151) 893121 FON Werkstatt: (06151) 8008966 FAX B\u00fcro: (06151) 893152 E-Mail: mailjagdklub-darmstadt.de [&hellip;]<\/p>\n","protected":false},"author":7,"featured_media":0,"parent":0,"menu_order":0,"comment_status":"closed","ping_status":"closed","template":"","meta":{"_price":"","_stock":"","_tribe_ticket_header":"","_tribe_default_ticket_provider":"","_tribe_ticket_capacity":"0","_ticket_start_date":"","_ticket_end_date":"","_tribe_ticket_show_description":"","_tribe_ticket_show_not_going":false,"_tribe_ticket_use_global_stock":"","_tribe_ticket_global_stock_level":"","_global_stock_mode":"","_global_stock_cap":"","_tribe_rsvp_for_event":"","_tribe_ticket_going_count":"","_tribe_ticket_not_going_count":"","_tribe_tickets_list":"[]","_tribe_ticket_has_attendee_info_fields":false,"footnotes":""},"class_list":["post-151","page","type-page","status-publish","hentry"],"yoast_head":"<!-- This site is optimized with the Yoast SEO plugin v27.3 - https:\/\/yoast.com\/product\/yoast-seo-wordpress\/ -->\n<title>Kontakt - Jagdklub Darmstadt<\/title>\n<meta name=\"robots\" content=\"index, follow, max-snippet:-1, max-image-preview:large, max-video-preview:-1\" \/>\n<link rel=\"canonical\" href=\"https:\/\/jagdklub-darmstadt.de\/hp\/kontakt\/\" \/>\n<meta property=\"og:locale\" content=\"de_DE\" \/>\n<meta property=\"og:type\" content=\"article\" \/>\n<meta property=\"og:title\" content=\"Kontakt - Jagdklub Darmstadt\" \/>\n<meta property=\"og:description\" content=\"Jagdklub Darmstadt, Verein f\u00fcr J\u00e4ger und Sportsch\u00fctzen e.V. Rheinstra\u00dfe 162 64295 Darmstadt FON B\u00fcro: (06151) 893153 FON Klubhaus: (06151) 893121 FON Werkstatt: (06151) 8008966 FAX B\u00fcro: (06151) 893152 E-Mail: mailjagdklub-darmstadt.de [&hellip;]\" \/>\n<meta property=\"og:url\" content=\"https:\/\/jagdklub-darmstadt.de\/hp\/kontakt\/\" \/>\n<meta property=\"og:site_name\" content=\"Jagdklub Darmstadt\" \/>\n<meta property=\"article:modified_time\" content=\"2025-06-10T17:32:44+00:00\" \/>\n<meta property=\"og:image\" content=\"https:\/\/jagdklub-darmstadt.de\/hp\/wp-content\/uploads\/2016\/04\/at-zeichen-e1500412837457.png\" \/>\n\t<meta property=\"og:image:width\" content=\"151\" \/>\n\t<meta property=\"og:image:height\" content=\"166\" \/>\n\t<meta property=\"og:image:type\" content=\"image\/png\" \/>\n<meta name=\"twitter:card\" content=\"summary_large_image\" \/>\n<meta name=\"twitter:label1\" content=\"Gesch\u00e4tzte Lesezeit\" \/>\n\t<meta name=\"twitter:data1\" content=\"1\u00a0Minute\" \/>\n<script type=\"application\/ld+json\" class=\"yoast-schema-graph\">{\"@context\":\"https:\\\/\\\/schema.org\",\"@graph\":[{\"@type\":\"WebPage\",\"@id\":\"https:\\\/\\\/jagdklub-darmstadt.de\\\/hp\\\/kontakt\\\/\",\"url\":\"https:\\\/\\\/jagdklub-darmstadt.de\\\/hp\\\/kontakt\\\/\",\"name\":\"Kontakt - Jagdklub Darmstadt\",\"isPartOf\":{\"@id\":\"https:\\\/\\\/jagdklub-darmstadt.de\\\/hp\\\/#website\"},\"primaryImageOfPage\":{\"@id\":\"https:\\\/\\\/jagdklub-darmstadt.de\\\/hp\\\/kontakt\\\/#primaryimage\"},\"image\":{\"@id\":\"https:\\\/\\\/jagdklub-darmstadt.de\\\/hp\\\/kontakt\\\/#primaryimage\"},\"thumbnailUrl\":\"http:\\\/\\\/newhp.jagdklub-darmstadt.de\\\/wp-content\\\/uploads\\\/2016\\\/04\\\/at-zeichen-e1500412837457.png\",\"datePublished\":\"2016-04-16T09:47:09+00:00\",\"dateModified\":\"2025-06-10T17:32:44+00:00\",\"breadcrumb\":{\"@id\":\"https:\\\/\\\/jagdklub-darmstadt.de\\\/hp\\\/kontakt\\\/#breadcrumb\"},\"inLanguage\":\"de\",\"potentialAction\":[{\"@type\":\"ReadAction\",\"target\":[\"https:\\\/\\\/jagdklub-darmstadt.de\\\/hp\\\/kontakt\\\/\"]}]},{\"@type\":\"ImageObject\",\"inLanguage\":\"de\",\"@id\":\"https:\\\/\\\/jagdklub-darmstadt.de\\\/hp\\\/kontakt\\\/#primaryimage\",\"url\":\"http:\\\/\\\/newhp.jagdklub-darmstadt.de\\\/wp-content\\\/uploads\\\/2016\\\/04\\\/at-zeichen-e1500412837457.png\",\"contentUrl\":\"http:\\\/\\\/newhp.jagdklub-darmstadt.de\\\/wp-content\\\/uploads\\\/2016\\\/04\\\/at-zeichen-e1500412837457.png\"},{\"@type\":\"BreadcrumbList\",\"@id\":\"https:\\\/\\\/jagdklub-darmstadt.de\\\/hp\\\/kontakt\\\/#breadcrumb\",\"itemListElement\":[{\"@type\":\"ListItem\",\"position\":1,\"name\":\"Startseite\",\"item\":\"https:\\\/\\\/jagdklub-darmstadt.de\\\/hp\\\/\"},{\"@type\":\"ListItem\",\"position\":2,\"name\":\"Kontakt\"}]},{\"@type\":\"WebSite\",\"@id\":\"https:\\\/\\\/jagdklub-darmstadt.de\\\/hp\\\/#website\",\"url\":\"https:\\\/\\\/jagdklub-darmstadt.de\\\/hp\\\/\",\"name\":\"Jagdklub Darmstadt\",\"description\":\"Die Webseite des Jagdklub Darmstadt, Verein f\u00fcr J\u00e4ger und Sportsch\u00fctzen e.V.\",\"publisher\":{\"@id\":\"https:\\\/\\\/jagdklub-darmstadt.de\\\/hp\\\/#organization\"},\"potentialAction\":[{\"@type\":\"SearchAction\",\"target\":{\"@type\":\"EntryPoint\",\"urlTemplate\":\"https:\\\/\\\/jagdklub-darmstadt.de\\\/hp\\\/?s={search_term_string}\"},\"query-input\":{\"@type\":\"PropertyValueSpecification\",\"valueRequired\":true,\"valueName\":\"search_term_string\"}}],\"inLanguage\":\"de\"},{\"@type\":\"Organization\",\"@id\":\"https:\\\/\\\/jagdklub-darmstadt.de\\\/hp\\\/#organization\",\"name\":\"Jagdklub Darmstadt, Verein f\u00fcr J\u00e4ger und Sportsch\u00fctzen e.V.\",\"url\":\"https:\\\/\\\/jagdklub-darmstadt.de\\\/hp\\\/\",\"logo\":{\"@type\":\"ImageObject\",\"inLanguage\":\"de\",\"@id\":\"https:\\\/\\\/jagdklub-darmstadt.de\\\/hp\\\/#\\\/schema\\\/logo\\\/image\\\/\",\"url\":\"https:\\\/\\\/jagdklub-darmstadt.de\\\/hp\\\/wp-content\\\/uploads\\\/2016\\\/06\\\/JKD-Logo.png\",\"contentUrl\":\"https:\\\/\\\/jagdklub-darmstadt.de\\\/hp\\\/wp-content\\\/uploads\\\/2016\\\/06\\\/JKD-Logo.png\",\"width\":279,\"height\":361,\"caption\":\"Jagdklub Darmstadt, Verein f\u00fcr J\u00e4ger und Sportsch\u00fctzen e.V.\"},\"image\":{\"@id\":\"https:\\\/\\\/jagdklub-darmstadt.de\\\/hp\\\/#\\\/schema\\\/logo\\\/image\\\/\"}}]}<\/script>\n<!-- \/ Yoast SEO plugin. -->","yoast_head_json":{"title":"Kontakt - Jagdklub Darmstadt","robots":{"index":"index","follow":"follow","max-snippet":"max-snippet:-1","max-image-preview":"max-image-preview:large","max-video-preview":"max-video-preview:-1"},"canonical":"https:\/\/jagdklub-darmstadt.de\/hp\/kontakt\/","og_locale":"de_DE","og_type":"article","og_title":"Kontakt - Jagdklub Darmstadt","og_description":"Jagdklub Darmstadt, Verein f\u00fcr J\u00e4ger und Sportsch\u00fctzen e.V. Rheinstra\u00dfe 162 64295 Darmstadt FON B\u00fcro: (06151) 893153 FON Klubhaus: (06151) 893121 FON Werkstatt: (06151) 8008966 FAX B\u00fcro: (06151) 893152 E-Mail: mailjagdklub-darmstadt.de [&hellip;]","og_url":"https:\/\/jagdklub-darmstadt.de\/hp\/kontakt\/","og_site_name":"Jagdklub Darmstadt","article_modified_time":"2025-06-10T17:32:44+00:00","og_image":[{"width":151,"height":166,"url":"https:\/\/jagdklub-darmstadt.de\/hp\/wp-content\/uploads\/2016\/04\/at-zeichen-e1500412837457.png","type":"image\/png"}],"twitter_card":"summary_large_image","twitter_misc":{"Gesch\u00e4tzte Lesezeit":"1\u00a0Minute"},"schema":{"@context":"https:\/\/schema.org","@graph":[{"@type":"WebPage","@id":"https:\/\/jagdklub-darmstadt.de\/hp\/kontakt\/","url":"https:\/\/jagdklub-darmstadt.de\/hp\/kontakt\/","name":"Kontakt - Jagdklub Darmstadt","isPartOf":{"@id":"https:\/\/jagdklub-darmstadt.de\/hp\/#website"},"primaryImageOfPage":{"@id":"https:\/\/jagdklub-darmstadt.de\/hp\/kontakt\/#primaryimage"},"image":{"@id":"https:\/\/jagdklub-darmstadt.de\/hp\/kontakt\/#primaryimage"},"thumbnailUrl":"http:\/\/newhp.jagdklub-darmstadt.de\/wp-content\/uploads\/2016\/04\/at-zeichen-e1500412837457.png","datePublished":"2016-04-16T09:47:09+00:00","dateModified":"2025-06-10T17:32:44+00:00","breadcrumb":{"@id":"https:\/\/jagdklub-darmstadt.de\/hp\/kontakt\/#breadcrumb"},"inLanguage":"de","potentialAction":[{"@type":"ReadAction","target":["https:\/\/jagdklub-darmstadt.de\/hp\/kontakt\/"]}]},{"@type":"ImageObject","inLanguage":"de","@id":"https:\/\/jagdklub-darmstadt.de\/hp\/kontakt\/#primaryimage","url":"http:\/\/newhp.jagdklub-darmstadt.de\/wp-content\/uploads\/2016\/04\/at-zeichen-e1500412837457.png","contentUrl":"http:\/\/newhp.jagdklub-darmstadt.de\/wp-content\/uploads\/2016\/04\/at-zeichen-e1500412837457.png"},{"@type":"BreadcrumbList","@id":"https:\/\/jagdklub-darmstadt.de\/hp\/kontakt\/#breadcrumb","itemListElement":[{"@type":"ListItem","position":1,"name":"Startseite","item":"https:\/\/jagdklub-darmstadt.de\/hp\/"},{"@type":"ListItem","position":2,"name":"Kontakt"}]},{"@type":"WebSite","@id":"https:\/\/jagdklub-darmstadt.de\/hp\/#website","url":"https:\/\/jagdklub-darmstadt.de\/hp\/","name":"Jagdklub Darmstadt","description":"Die Webseite des Jagdklub Darmstadt, Verein f\u00fcr J\u00e4ger und Sportsch\u00fctzen e.V.","publisher":{"@id":"https:\/\/jagdklub-darmstadt.de\/hp\/#organization"},"potentialAction":[{"@type":"SearchAction","target":{"@type":"EntryPoint","urlTemplate":"https:\/\/jagdklub-darmstadt.de\/hp\/?s={search_term_string}"},"query-input":{"@type":"PropertyValueSpecification","valueRequired":true,"valueName":"search_term_string"}}],"inLanguage":"de"},{"@type":"Organization","@id":"https:\/\/jagdklub-darmstadt.de\/hp\/#organization","name":"Jagdklub Darmstadt, Verein f\u00fcr J\u00e4ger und Sportsch\u00fctzen e.V.","url":"https:\/\/jagdklub-darmstadt.de\/hp\/","logo":{"@type":"ImageObject","inLanguage":"de","@id":"https:\/\/jagdklub-darmstadt.de\/hp\/#\/schema\/logo\/image\/","url":"https:\/\/jagdklub-darmstadt.de\/hp\/wp-content\/uploads\/2016\/06\/JKD-Logo.png","contentUrl":"https:\/\/jagdklub-darmstadt.de\/hp\/wp-content\/uploads\/2016\/06\/JKD-Logo.png","width":279,"height":361,"caption":"Jagdklub Darmstadt, Verein f\u00fcr J\u00e4ger und Sportsch\u00fctzen e.V."},"image":{"@id":"https:\/\/jagdklub-darmstadt.de\/hp\/#\/schema\/logo\/image\/"}}]}},"_links":{"self":[{"href":"https:\/\/jagdklub-darmstadt.de\/hp\/wp-json\/wp\/v2\/pages\/151","targetHints":{"allow":["GET"]}}],"collection":[{"href":"https:\/\/jagdklub-darmstadt.de\/hp\/wp-json\/wp\/v2\/pages"}],"about":[{"href":"https:\/\/jagdklub-darmstadt.de\/hp\/wp-json\/wp\/v2\/types\/page"}],"author":[{"embeddable":true,"href":"https:\/\/jagdklub-darmstadt.de\/hp\/wp-json\/wp\/v2\/users\/7"}],"replies":[{"embeddable":true,"href":"https:\/\/jagdklub-darmstadt.de\/hp\/wp-json\/wp\/v2\/comments?post=151"}],"version-history":[{"count":11,"href":"https:\/\/jagdklub-darmstadt.de\/hp\/wp-json\/wp\/v2\/pages\/151\/revisions"}],"predecessor-version":[{"id":6313,"href":"https:\/\/jagdklub-darmstadt.de\/hp\/wp-json\/wp\/v2\/pages\/151\/revisions\/6313"}],"wp:attachment":[{"href":"https:\/\/jagdklub-darmstadt.de\/hp\/wp-json\/wp\/v2\/media?parent=151"}],"curies":[{"name":"wp","href":"https:\/\/api.w.org\/{rel}","templated":true}]}}