{"id":161,"date":"2016-04-16T11:51:15","date_gmt":"2016-04-16T09:51:15","guid":{"rendered":"http:\/\/jagdklub.localhost:8080\/?page_id=161"},"modified":"2016-05-11T17:34:05","modified_gmt":"2016-05-11T15:34:05","slug":"veranstaltungsbilder","status":"publish","type":"page","link":"https:\/\/jagdklub-darmstadt.de\/hp\/veranstaltungsbilder\/","title":{"rendered":"Veranstaltungsbilder"},"content":{"rendered":"<div class=\"table-responsive\">\n<table id=\"tablepress-1\" class=\"tablepress tablepress-id-1\">\n<thead>\n<tr class=\"row-1\">\n\t<td class=\"column-1\"><\/td><td class=\"column-2\"><\/td><td class=\"column-3\"><\/td>\n<\/tr>\n<\/thead>\n<tbody class=\"row-striping row-hover\">\n<tr class=\"row-2\">\n\t<td class=\"column-1\"><b>2014<\/b><\/td><td class=\"column-2\"><\/td><td class=\"column-3\"><\/td>\n<\/tr>\n<tr class=\"row-3\">\n\t<td class=\"column-1\"><\/td><td class=\"column-2\"><\/td><td class=\"column-3\"><\/td>\n<\/tr>\n<tr class=\"row-4\">\n\t<td class=\"column-1\"><\/td><td class=\"column-2\">01.05.2014<\/td><td class=\"column-3\"><a href=\"\/2016\/06\/24\/1-mai-2014\/\">1. Mai 2014<\/a><\/td>\n<\/tr>\n<tr class=\"row-5\">\n\t<td class=\"column-1\"><\/td><td class=\"column-2\">12.04.2014<\/td><td class=\"column-3\"><a href=\"http:\/\/www.jagdklub-darmstadt.de\/?menue=chronik&amp;stat=1&amp;link=showbilder&amp;_DIR=Arbeitseinsatz_2014_4\">Arbeitseinsatz April 2014<\/a><\/td>\n<\/tr>\n<tr class=\"row-6\">\n\t<td class=\"column-1\"><\/td><td class=\"column-2\">28.03.2014<\/td><td class=\"column-3\"><a href=\"http:\/\/www.jagdklub-darmstadt.de\/?menue=chronik&amp;stat=1&amp;link=showbilder&amp;_DIR=JHV_2014\">Jahreshauptversammlung 2014<\/a><\/td>\n<\/tr>\n<tr class=\"row-7\">\n\t<td class=\"column-1\"><\/td><td class=\"column-2\">08.03.2014<\/td><td class=\"column-3\"><a href=\"http:\/\/www.jagdklub-darmstadt.de\/?menue=chronik&amp;stat=1&amp;link=showbilder&amp;_DIR=ArbeitseinsatzMar14\">Arbeitseinsatz - M\u00e4rz 2014<\/a><\/td>\n<\/tr>\n<tr class=\"row-8\">\n\t<td class=\"column-1\"><\/td><td class=\"column-2\">08.02.2014<\/td><td class=\"column-3\"><a href=\"http:\/\/www.jagdklub-darmstadt.de\/?menue=chronik&amp;stat=1&amp;link=showbilder&amp;_DIR=ArbeitseinsatzFeb14\">Arbeitseinsatz - Februar 2014<\/a><\/td>\n<\/tr>\n<tr class=\"row-9\">\n\t<td class=\"column-1\"><\/td><td class=\"column-2\">20.01.2014<\/td><td class=\"column-3\"><a href=\"http:\/\/www.jagdklub-darmstadt.de\/?menue=chronik&amp;stat=1&amp;link=showbilder&amp;_DIR=Jagdhornblaeser14\">Jagdhornbl\u00e4ser JKD<\/a><\/td>\n<\/tr>\n<tr class=\"row-10\">\n\t<td class=\"column-1\"><\/td><td class=\"column-2\">12.01.2014<\/td><td class=\"column-3\"><a href=\"http:\/\/www.jagdklub-darmstadt.de\/?menue=chronik&amp;stat=1&amp;link=showbilder&amp;_DIR=Neujahrsempfang14\">Neujahrsempfang 2014<\/a><\/td>\n<\/tr>\n<tr class=\"row-11\">\n\t<td class=\"column-1\"><\/td><td class=\"column-2\"><\/td><td class=\"column-3\"><\/td>\n<\/tr>\n<tr class=\"row-12\">\n\t<td class=\"column-1\"><b>2013<\/b><\/td><td class=\"column-2\"><\/td><td class=\"column-3\"><\/td>\n<\/tr>\n<tr class=\"row-13\">\n\t<td class=\"column-1\"><\/td><td class=\"column-2\"><\/td><td class=\"column-3\"><\/td>\n<\/tr>\n<tr class=\"row-14\">\n\t<td class=\"column-1\"><\/td><td class=\"column-2\">02.12.2013<\/td><td class=\"column-3\"><a href=\"http:\/\/www.jagdklub-darmstadt.de\/?menue=chronik&amp;stat=1&amp;link=showbilder&amp;_DIR=Weihnachtsbaum13\">Weihnachtsbaum<\/a><\/td>\n<\/tr>\n<tr class=\"row-15\">\n\t<td class=\"column-1\"><\/td><td class=\"column-2\">01.11.2013<\/td><td class=\"column-3\"><a href=\"http:\/\/www.jagdklub-darmstadt.de\/?menue=chronik&amp;stat=1&amp;link=showbilder&amp;_DIR=Hubertusmesse13\">Hubertusmesse \/ J\u00e4gerschlag 2013<\/a><\/td>\n<\/tr>\n<tr class=\"row-16\">\n\t<td class=\"column-1\"><\/td><td class=\"column-2\">01.11.2013<\/td><td class=\"column-3\"><a href=\"http:\/\/www.jagdklub-darmstadt.de\/?menue=chronik&amp;stat=1&amp;link=showbilder&amp;_DIR=HelferHubertusmesse13\">Hubertusmesse \/ J\u00e4gerschlag 2013 - Danke an die Helfer!<\/a><\/td>\n<\/tr>\n<tr class=\"row-17\">\n\t<td class=\"column-1\"><\/td><td class=\"column-2\">13.07.2013<\/td><td class=\"column-3\"><a href=\"http:\/\/www.jagdklub-darmstadt.de\/?menue=chronik&amp;stat=1&amp;link=showbilder&amp;_DIR=ArbeitseinsatzJul13\">Arbeitseinsatz - Juli 2013<\/a><\/td>\n<\/tr>\n<tr class=\"row-18\">\n\t<td class=\"column-1\"><\/td><td class=\"column-2\">29.06.2013<\/td><td class=\"column-3\"><a href=\"http:\/\/www.jagdklub-darmstadt.de\/?menue=chronik&amp;stat=1&amp;link=showbilder&amp;_DIR=HelferSommerfest13\">Helfer beim Sommerfest \"OHNE GEHT GAR NICHTS\"<\/a><\/td>\n<\/tr>\n<tr class=\"row-19\">\n\t<td class=\"column-1\"><\/td><td class=\"column-2\">29.06.2013<\/td><td class=\"column-3\"><a href=\"http:\/\/www.jagdklub-darmstadt.de\/?menue=chronik&amp;stat=1&amp;link=showbilder&amp;_DIR=Sommerfest13\">Sommerfest und Klubmeisterschaft<\/a><\/td>\n<\/tr>\n<tr class=\"row-20\">\n\t<td class=\"column-1\"><\/td><td class=\"column-2\">26.06.2013<\/td><td class=\"column-3\"><a href=\"http:\/\/www.jagdklub-darmstadt.de\/?menue=chronik&amp;stat=1&amp;link=showbilder&amp;_DIR=VorbereitungSommerfest13\">Vorbereitung Sommerfest und Klubmeisterschaft<\/a><\/td>\n<\/tr>\n<tr class=\"row-21\">\n\t<td class=\"column-1\"><\/td><td class=\"column-2\">22.06.2013<\/td><td class=\"column-3\"><a href=\"http:\/\/www.jagdklub-darmstadt.de\/?menue=chronik&amp;stat=1&amp;link=showbilder&amp;_DIR=SchulungStandaufsichten13\">Schulung Standaufsichten<\/a><\/td>\n<\/tr>\n<tr class=\"row-22\">\n\t<td class=\"column-1\"><\/td><td class=\"column-2\">17.06.2013<\/td><td class=\"column-3\"><a href=\"http:\/\/www.jagdklub-darmstadt.de\/?menue=chronik&amp;stat=1&amp;link=showbilder&amp;_DIR=SchiessstandJun2013\">Schiessstand 17.06.2013<\/a><\/td>\n<\/tr>\n<tr class=\"row-23\">\n\t<td class=\"column-1\"><\/td><td class=\"column-2\">08.06.2013<\/td><td class=\"column-3\"><a href=\"http:\/\/www.jagdklub-darmstadt.de\/?menue=chronik&amp;stat=1&amp;link=showbilder&amp;_DIR=Landeswettbewerb-Blasen2013\">Bilder Landeswettbewerb in Jagdhornblasen 2013 Kranichstein<\/a><\/td>\n<\/tr>\n<tr class=\"row-24\">\n\t<td class=\"column-1\"><\/td><td class=\"column-2\">08.06.2013<\/td><td class=\"column-3\"><a href=\"http:\/\/www.jagdklub-darmstadt.de\/?menue=chronik&amp;stat=1&amp;link=showbilder&amp;_DIR=ArbeitseinsatzJun13_2\">Arbeitseinsatz - Juni 2013<\/a><\/td>\n<\/tr>\n<tr class=\"row-25\">\n\t<td class=\"column-1\"><\/td><td class=\"column-2\">01.06.2013<\/td><td class=\"column-3\"><a href=\"http:\/\/www.jagdklub-darmstadt.de\/?menue=chronik&amp;stat=1&amp;link=showbilder&amp;_DIR=ArbeitseinsatzJun13_1\">Arbeitseinsatz - Juni 2013<\/a><\/td>\n<\/tr>\n<tr class=\"row-26\">\n\t<td class=\"column-1\"><\/td><td class=\"column-2\">03.05.2013<\/td><td class=\"column-3\"><a href=\"http:\/\/www.jagdklub-darmstadt.de\/?menue=chronik&amp;stat=1&amp;link=showbilder&amp;_DIR=jhv2013\">Jahreshauptversammlung<\/a><\/td>\n<\/tr>\n<tr class=\"row-27\">\n\t<td class=\"column-1\"><\/td><td class=\"column-2\">02.05.2013<\/td><td class=\"column-3\"><a href=\"http:\/\/www.jagdklub-darmstadt.de\/?menue=chronik&amp;stat=1&amp;link=showbilder&amp;_DIR=schiesspruefung13\">Schie\u00dfpr\u00fcfung<\/a><\/td>\n<\/tr>\n<tr class=\"row-28\">\n\t<td class=\"column-1\"><\/td><td class=\"column-2\">01.05.2013<\/td><td class=\"column-3\"><a href=\"http:\/\/www.jagdklub-darmstadt.de\/?menue=chronik&amp;stat=1&amp;link=showbilder&amp;_DIR=1.Mai-Arbeitseinsatz\">1. Mai im JKD<\/a><\/td>\n<\/tr>\n<tr class=\"row-29\">\n\t<td class=\"column-1\"><\/td><td class=\"column-2\">14.04.2013<\/td><td class=\"column-3\"><a href=\"http:\/\/www.jagdklub-darmstadt.de\/?menue=chronik&amp;stat=1&amp;link=showbilder&amp;_DIR=Blaeserseminar13\">Bl\u00e4serseminar im JKD Klubhaus<\/a><\/td>\n<\/tr>\n<tr class=\"row-30\">\n\t<td class=\"column-1\"><\/td><td class=\"column-2\">13.04.2013<\/td><td class=\"column-3\"><a href=\"http:\/\/www.jagdklub-darmstadt.de\/?menue=chronik&amp;stat=1&amp;link=showbilder&amp;_DIR=ArbeitseinsatzApr13_2\">Arbeitseinsatz - April 2013<\/a><\/td>\n<\/tr>\n<tr class=\"row-31\">\n\t<td class=\"column-1\"><\/td><td class=\"column-2\">05.04.2013<\/td><td class=\"column-3\"><a href=\"http:\/\/www.jagdklub-darmstadt.de\/?menue=chronik&amp;stat=1&amp;link=showbilder&amp;_DIR=ArbeitseinsatzApr13\">Arbeitseinsatz - 2x100m<\/a><\/td>\n<\/tr>\n<tr class=\"row-32\">\n\t<td class=\"column-1\"><\/td><td class=\"column-2\">09.03.2013<\/td><td class=\"column-3\"><a href=\"http:\/\/www.jagdklub-darmstadt.de\/?menue=chronik&amp;stat=1&amp;link=showbilder&amp;_DIR=ArbeitseinsatzMar13\">Arbeitseinsatz - M\u00e4rz 2013<\/a><\/td>\n<\/tr>\n<tr class=\"row-33\">\n\t<td class=\"column-1\"><\/td><td class=\"column-2\">21.01.2013<\/td><td class=\"column-3\"><a href=\"http:\/\/www.jagdklub-darmstadt.de\/?menue=chronik&amp;stat=1&amp;link=showbilder&amp;_DIR=winter2013\">Winter Wonderland 2013<\/a><\/td>\n<\/tr>\n<tr class=\"row-34\">\n\t<td class=\"column-1\"><\/td><td class=\"column-2\">13.01.2013<\/td><td class=\"column-3\"><a href=\"http:\/\/www.jagdklub-darmstadt.de\/?menue=chronik&amp;stat=1&amp;link=showbilder&amp;_DIR=Neujahrsempfang13\">Neujahrsempfang<\/a><\/td>\n<\/tr>\n<tr class=\"row-35\">\n\t<td class=\"column-1\"><\/td><td class=\"column-2\">12.01.2013<\/td><td class=\"column-3\"><a href=\"http:\/\/www.jagdklub-darmstadt.de\/?menue=chronik&amp;stat=1&amp;link=showbilder&amp;_DIR=ArbeitseinsatzJan13\">Arbeitseinsatz - Vorbereitung Neujahrsempfang<\/a><\/td>\n<\/tr>\n<tr class=\"row-36\">\n\t<td class=\"column-1\"><\/td><td class=\"column-2\"><\/td><td class=\"column-3\"><\/td>\n<\/tr>\n<tr class=\"row-37\">\n\t<td class=\"column-1\"><b>2012<\/b><\/td><td class=\"column-2\"><\/td><td class=\"column-3\"><\/td>\n<\/tr>\n<tr class=\"row-38\">\n\t<td class=\"column-1\"><\/td><td class=\"column-2\"><\/td><td class=\"column-3\"><\/td>\n<\/tr>\n<tr class=\"row-39\">\n\t<td class=\"column-1\"><\/td><td class=\"column-2\">27.10.2012<\/td><td class=\"column-3\"><a href=\"http:\/\/www.jagdklub-darmstadt.de\/?menue=chronik&amp;stat=1&amp;link=showbilder&amp;_DIR=jjs2012\">Hubertusmesse und J\u00e4gerschlag<\/a><\/td>\n<\/tr>\n<tr class=\"row-40\">\n\t<td class=\"column-1\"><\/td><td class=\"column-2\"><\/td><td class=\"column-3\"><\/td>\n<\/tr>\n<tr class=\"row-41\">\n\t<td class=\"column-1\"><b>2011<\/b><\/td><td class=\"column-2\"><\/td><td class=\"column-3\"><\/td>\n<\/tr>\n<tr class=\"row-42\">\n\t<td class=\"column-1\"><\/td><td class=\"column-2\"><\/td><td class=\"column-3\"><\/td>\n<\/tr>\n<tr class=\"row-43\">\n\t<td class=\"column-1\"><\/td><td class=\"column-2\">27.07.2011<\/td><td class=\"column-3\"><a href=\"http:\/\/www.jagdklub-darmstadt.de\/?menue=chronik&amp;stat=1&amp;link=showbilder&amp;_DIR=Ferienspiele_7_2011\">Ferienspiele Lernort Natur beim Jagdklub Darmstadt e.V.<\/a><\/td>\n<\/tr>\n<tr class=\"row-44\">\n\t<td class=\"column-1\"><\/td><td class=\"column-2\">18.06.2011<\/td><td class=\"column-3\"><a href=\"http:\/\/www.jagdklub-darmstadt.de\/?menue=chronik&amp;stat=1&amp;link=showbilder&amp;_DIR=jjs2011\">Klubmeisterschaft, Sommerfest und J\u00e4gerschlag beim Jagdklub Darmstadt e.V.<\/a><\/td>\n<\/tr>\n<tr class=\"row-45\">\n\t<td class=\"column-1\"><\/td><td class=\"column-2\">12.06.2011<\/td><td class=\"column-3\"><a href=\"http:\/\/www.jagdklub-darmstadt.de\/?menue=chronik&amp;stat=1&amp;link=showbilder&amp;_DIR=Gauwandertag2011\">Brauchtumsbl\u00e4ser beim Gauwandertag in Pfungstadt-Hahn<\/a><\/td>\n<\/tr>\n<tr class=\"row-46\">\n\t<td class=\"column-1\"><\/td><td class=\"column-2\">18.02.2011<\/td><td class=\"column-3\"><a href=\"http:\/\/www.jagdklub-darmstadt.de\/?menue=chronik&amp;stat=1&amp;link=showbilder&amp;_DIR=2011_Lesung_Belletristik\">Belletristik-Lesung Herr. G\u00f6tzfried<\/a><\/td>\n<\/tr>\n<tr class=\"row-47\">\n\t<td class=\"column-1\"><\/td><td class=\"column-2\"><\/td><td class=\"column-3\"><\/td>\n<\/tr>\n<tr class=\"row-48\">\n\t<td class=\"column-1\"><b>2010<\/b><\/td><td class=\"column-2\"><\/td><td class=\"column-3\"><\/td>\n<\/tr>\n<tr class=\"row-49\">\n\t<td class=\"column-1\"><\/td><td class=\"column-2\"><\/td><td class=\"column-3\"><\/td>\n<\/tr>\n<tr class=\"row-50\">\n\t<td class=\"column-1\"><\/td><td class=\"column-2\">05.08.2010<\/td><td class=\"column-3\"><a href=\"http:\/\/www.jagdklub-darmstadt.de\/?menue=chronik&amp;stat=1&amp;link=showbilder&amp;_DIR=Ferienspiele_7_2010_2\">Ferienspiele Lernort Natur (Teil 2) beim Jagdklub Darmstadt e.V.<\/a><\/td>\n<\/tr>\n<tr class=\"row-51\">\n\t<td class=\"column-1\"><\/td><td class=\"column-2\">07.07.2010<\/td><td class=\"column-3\"><a href=\"http:\/\/www.jagdklub-darmstadt.de\/?menue=chronik&amp;stat=1&amp;link=showbilder&amp;_DIR=Ferienspiele_7_2010\">Ferienspiele Lernort Natur (Teil 1) beim Jagdklub Darmstadt e.V.<\/a><\/td>\n<\/tr>\n<tr class=\"row-52\">\n\t<td class=\"column-1\"><\/td><td class=\"column-2\">19.06.2010<\/td><td class=\"column-3\"><a href=\"http:\/\/www.jagdklub-darmstadt.de\/?menue=chronik&amp;stat=1&amp;link=showbilder&amp;_DIR=jjs2010\">Tag der offenen T\u00fcr, Klubmeisterschaft, Sommerfest und J\u00e4gerschlag beim Jagdklub Darmstadt e.V.<\/a><\/td>\n<\/tr>\n<tr class=\"row-53\">\n\t<td class=\"column-1\"><\/td><td class=\"column-2\">10.-13.06.2010<\/td><td class=\"column-3\"><a href=\"http:\/\/www.jagdklub-darmstadt.de\/?menue=chronik&amp;stat=1&amp;link=showbilder&amp;_DIR=mkp2010\">Monte-Kali-Pokalschie\u00dfen<\/a><\/td>\n<\/tr>\n<tr class=\"row-54\">\n\t<td class=\"column-1\"><\/td><td class=\"column-2\">10. - 12.05.2010<\/td><td class=\"column-3\"><a href=\"http:\/\/www.jagdklub-darmstadt.de\/?menue=chronik&amp;stat=1&amp;link=2010_Schulprojekttag\">Schulprojekttage<\/a><\/td>\n<\/tr>\n<tr class=\"row-55\">\n\t<td class=\"column-1\"><\/td><td class=\"column-2\">19.03.2010<\/td><td class=\"column-3\"><a href=\"http:\/\/www.jagdklub-darmstadt.de\/?menue=chronik&amp;stat=1&amp;link=showbilder&amp;_DIR=jhv2010\">Jahreshauptversammlung des Jagdklub Darmstadt e.V.<\/a><\/td>\n<\/tr>\n<tr class=\"row-56\">\n\t<td class=\"column-1\"><\/td><td class=\"column-2\"><\/td><td class=\"column-3\"><\/td>\n<\/tr>\n<tr class=\"row-57\">\n\t<td class=\"column-1\"><b>2009<\/b><\/td><td class=\"column-2\"><\/td><td class=\"column-3\"><\/td>\n<\/tr>\n<tr class=\"row-58\">\n\t<td class=\"column-1\"><\/td><td class=\"column-2\"><\/td><td class=\"column-3\"><\/td>\n<\/tr>\n<tr class=\"row-59\">\n\t<td class=\"column-1\"><\/td><td class=\"column-2\">05.07.2009<\/td><td class=\"column-3\"><a href=\"http:\/\/www.jagdklub-darmstadt.de\/?menue=chronik&amp;stat=1&amp;link=showbilder&amp;_DIR=TdoT2009\">Tag der offenen T\u00fcr beim Jagdklub Darmstadt e.V.<\/a><\/td>\n<\/tr>\n<tr class=\"row-60\">\n\t<td class=\"column-1\"><\/td><td class=\"column-2\">04.07.2009<\/td><td class=\"column-3\"><a href=\"http:\/\/www.jagdklub-darmstadt.de\/?menue=chronik&amp;stat=1&amp;link=showbilder&amp;_DIR=jjs2009\">Klubmeisterschaft, Sommerfest und J\u00e4gerschlag beim Jagdklub Darmstadt e.V.<\/a><\/td>\n<\/tr>\n<tr class=\"row-61\">\n\t<td class=\"column-1\"><\/td><td class=\"column-2\">24.-25.04.2009<\/td><td class=\"column-3\"><a href=\"http:\/\/www.jagdklub-darmstadt.de\/?menue=chronik&amp;stat=1&amp;link=showbilder&amp;_DIR=mkp2009\">Monte-Kali-Pokalschie\u00dfen<\/a><\/td>\n<\/tr>\n<tr class=\"row-62\">\n\t<td class=\"column-1\"><\/td><td class=\"column-2\"><\/td><td class=\"column-3\"><\/td>\n<\/tr>\n<tr class=\"row-63\">\n\t<td class=\"column-1\"><b>2008<\/b><\/td><td class=\"column-2\"><\/td><td class=\"column-3\"><\/td>\n<\/tr>\n<tr class=\"row-64\">\n\t<td class=\"column-1\"><\/td><td class=\"column-2\"><\/td><td class=\"column-3\"><\/td>\n<\/tr>\n<tr class=\"row-65\">\n\t<td class=\"column-1\"><\/td><td class=\"column-2\">09.08.2008<\/td><td class=\"column-3\"><a href=\"http:\/\/www.jagdklub-darmstadt.de\/?menue=chronik&amp;stat=1&amp;link=showbilder&amp;_DIR=jjs2008\">Klubmeisterschaft, Sommerfest und J\u00e4gerschlag beim Jagdklub Darmstadt e.V.<\/a><\/td>\n<\/tr>\n<tr class=\"row-66\">\n\t<td class=\"column-1\"><\/td><td class=\"column-2\">2008<\/td><td class=\"column-3\"><a href=\"http:\/\/www.jagdklub-darmstadt.de\/?menue=chronik&amp;stat=1&amp;link=showbilder&amp;_DIR=moortour\">Exkursion durch das Pfungst\u00e4dter Moor<\/a><\/td>\n<\/tr>\n<tr class=\"row-67\">\n\t<td class=\"column-1\"><\/td><td class=\"column-2\">26.-27.04.2008<\/td><td class=\"column-3\"><a href=\"http:\/\/www.jagdklub-darmstadt.de\/?menue=chronik&amp;stat=1&amp;link=showbilder&amp;_DIR=mkp2008\">Monte-Kali-Pokalschie\u00dfen<\/a><\/td>\n<\/tr>\n<tr class=\"row-68\">\n\t<td class=\"column-1\"><\/td><td class=\"column-2\">18.04.2008<\/td><td class=\"column-3\"><a href=\"http:\/\/www.jagdklub-darmstadt.de\/?menue=chronik&amp;stat=1&amp;link=showbilder&amp;_DIR=jhv2008\">Jahreshauptversammlung des Jagdklub Darmstadt e.V.<\/a><\/td>\n<\/tr>\n<tr class=\"row-69\">\n\t<td class=\"column-1\"><\/td><td class=\"column-2\"><\/td><td class=\"column-3\"><\/td>\n<\/tr>\n<tr class=\"row-70\">\n\t<td class=\"column-1\"><b>2007<\/b><\/td><td class=\"column-2\"><\/td><td class=\"column-3\"><\/td>\n<\/tr>\n<tr class=\"row-71\">\n\t<td class=\"column-1\"><\/td><td class=\"column-2\"><\/td><td class=\"column-3\"><\/td>\n<\/tr>\n<tr class=\"row-72\">\n\t<td class=\"column-1\"><\/td><td class=\"column-2\">25.08.2007<\/td><td class=\"column-3\"><a href=\"http:\/\/www.jagdklub-darmstadt.de\/?menue=chronik&amp;stat=1&amp;link=showbilder&amp;_DIR=jjs2007\">Klubmeisterschaft, Sommerfest und J\u00e4gerschlag beim Jagdklub Darmstadt e.V.<\/a><\/td>\n<\/tr>\n<tr class=\"row-73\">\n\t<td class=\"column-1\"><\/td><td class=\"column-2\"><\/td><td class=\"column-3\"><\/td>\n<\/tr>\n<tr class=\"row-74\">\n\t<td class=\"column-1\"><b>2006<\/b><\/td><td class=\"column-2\"><\/td><td class=\"column-3\"><\/td>\n<\/tr>\n<tr class=\"row-75\">\n\t<td class=\"column-1\"><\/td><td class=\"column-2\"><\/td><td class=\"column-3\"><\/td>\n<\/tr>\n<tr class=\"row-76\">\n\t<td class=\"column-1\"><\/td><td class=\"column-2\">2006<\/td><td class=\"column-3\"><a href=\"http:\/\/www.jagdklub-darmstadt.de\/?menue=chronik&amp;stat=1&amp;link=showbilder&amp;_DIR=jjs2006\">Klubmeisterschaft, Sommerfest und J\u00e4gerschlag beim Jagdklub Darmstadt e.V.<\/a><\/td>\n<\/tr>\n<tr class=\"row-77\">\n\t<td class=\"column-1\"><\/td><td class=\"column-2\">2006<\/td><td class=\"column-3\"><a href=\"http:\/\/www.jagdklub-darmstadt.de\/?menue=chronik&amp;stat=1&amp;link=showbilder&amp;_DIR=jagdHund2006\">Jagd &amp; Hund 2006<\/a><\/td>\n<\/tr>\n<tr class=\"row-78\">\n\t<td class=\"column-1\"><\/td><td class=\"column-2\"><\/td><td class=\"column-3\"><\/td>\n<\/tr>\n<tr class=\"row-79\">\n\t<td class=\"column-1\"><b>2005<\/b><\/td><td class=\"column-2\"><\/td><td class=\"column-3\"><\/td>\n<\/tr>\n<tr class=\"row-80\">\n\t<td class=\"column-1\"><\/td><td class=\"column-2\"><\/td><td class=\"column-3\"><\/td>\n<\/tr>\n<tr class=\"row-81\">\n\t<td class=\"column-1\"><\/td><td class=\"column-2\">2005<\/td><td class=\"column-3\"><a href=\"http:\/\/www.jagdklub-darmstadt.de\/?menue=chronik&amp;stat=1&amp;link=showbilder&amp;_DIR=jjs2005\">Klubmeisterschaft, Sommerfest und Jungj\u00e4gerschlag beim Jagdklub Darmstadt e.V.<\/a><\/td>\n<\/tr>\n<\/tbody>\n<\/table>\n<\/div><!-- #tablepress-1 from cache -->\n","protected":false},"excerpt":{"rendered":"","protected":false},"author":7,"featured_media":0,"parent":0,"menu_order":0,"comment_status":"closed","ping_status":"closed","template":"","meta":{"_price":"","_stock":"","_tribe_ticket_header":"","_tribe_default_ticket_provider":"","_tribe_ticket_capacity":"0","_ticket_start_date":"","_ticket_end_date":"","_tribe_ticket_show_description":"","_tribe_ticket_show_not_going":false,"_tribe_ticket_use_global_stock":"","_tribe_ticket_global_stock_level":"","_global_stock_mode":"","_global_stock_cap":"","_tribe_rsvp_for_event":"","_tribe_ticket_going_count":"","_tribe_ticket_not_going_count":"","_tribe_tickets_list":"[]","_tribe_ticket_has_attendee_info_fields":false,"footnotes":""},"class_list":["post-161","page","type-page","status-publish","hentry"],"yoast_head":"<!-- This site is optimized with the Yoast SEO plugin v27.3 - https:\/\/yoast.com\/product\/yoast-seo-wordpress\/ -->\n<title>Veranstaltungsbilder - Jagdklub Darmstadt<\/title>\n<meta name=\"robots\" content=\"index, follow, max-snippet:-1, max-image-preview:large, max-video-preview:-1\" \/>\n<link rel=\"canonical\" href=\"https:\/\/jagdklub-darmstadt.de\/hp\/veranstaltungsbilder\/\" \/>\n<meta property=\"og:locale\" content=\"de_DE\" \/>\n<meta property=\"og:type\" content=\"article\" \/>\n<meta property=\"og:title\" content=\"Veranstaltungsbilder - Jagdklub Darmstadt\" \/>\n<meta property=\"og:url\" content=\"https:\/\/jagdklub-darmstadt.de\/hp\/veranstaltungsbilder\/\" \/>\n<meta property=\"og:site_name\" content=\"Jagdklub Darmstadt\" \/>\n<meta property=\"article:modified_time\" content=\"2016-05-11T15:34:05+00:00\" \/>\n<meta name=\"twitter:card\" content=\"summary_large_image\" \/>\n<script type=\"application\/ld+json\" class=\"yoast-schema-graph\">{\"@context\":\"https:\\\/\\\/schema.org\",\"@graph\":[{\"@type\":\"WebPage\",\"@id\":\"https:\\\/\\\/jagdklub-darmstadt.de\\\/hp\\\/veranstaltungsbilder\\\/\",\"url\":\"https:\\\/\\\/jagdklub-darmstadt.de\\\/hp\\\/veranstaltungsbilder\\\/\",\"name\":\"Veranstaltungsbilder - Jagdklub Darmstadt\",\"isPartOf\":{\"@id\":\"https:\\\/\\\/jagdklub-darmstadt.de\\\/hp\\\/#website\"},\"datePublished\":\"2016-04-16T09:51:15+00:00\",\"dateModified\":\"2016-05-11T15:34:05+00:00\",\"breadcrumb\":{\"@id\":\"https:\\\/\\\/jagdklub-darmstadt.de\\\/hp\\\/veranstaltungsbilder\\\/#breadcrumb\"},\"inLanguage\":\"de\",\"potentialAction\":[{\"@type\":\"ReadAction\",\"target\":[\"https:\\\/\\\/jagdklub-darmstadt.de\\\/hp\\\/veranstaltungsbilder\\\/\"]}]},{\"@type\":\"BreadcrumbList\",\"@id\":\"https:\\\/\\\/jagdklub-darmstadt.de\\\/hp\\\/veranstaltungsbilder\\\/#breadcrumb\",\"itemListElement\":[{\"@type\":\"ListItem\",\"position\":1,\"name\":\"Startseite\",\"item\":\"https:\\\/\\\/jagdklub-darmstadt.de\\\/hp\\\/\"},{\"@type\":\"ListItem\",\"position\":2,\"name\":\"Veranstaltungsbilder\"}]},{\"@type\":\"WebSite\",\"@id\":\"https:\\\/\\\/jagdklub-darmstadt.de\\\/hp\\\/#website\",\"url\":\"https:\\\/\\\/jagdklub-darmstadt.de\\\/hp\\\/\",\"name\":\"Jagdklub Darmstadt\",\"description\":\"Die Webseite des Jagdklub Darmstadt, Verein f\u00fcr J\u00e4ger und Sportsch\u00fctzen e.V.\",\"publisher\":{\"@id\":\"https:\\\/\\\/jagdklub-darmstadt.de\\\/hp\\\/#organization\"},\"potentialAction\":[{\"@type\":\"SearchAction\",\"target\":{\"@type\":\"EntryPoint\",\"urlTemplate\":\"https:\\\/\\\/jagdklub-darmstadt.de\\\/hp\\\/?s={search_term_string}\"},\"query-input\":{\"@type\":\"PropertyValueSpecification\",\"valueRequired\":true,\"valueName\":\"search_term_string\"}}],\"inLanguage\":\"de\"},{\"@type\":\"Organization\",\"@id\":\"https:\\\/\\\/jagdklub-darmstadt.de\\\/hp\\\/#organization\",\"name\":\"Jagdklub Darmstadt, Verein f\u00fcr J\u00e4ger und Sportsch\u00fctzen e.V.\",\"url\":\"https:\\\/\\\/jagdklub-darmstadt.de\\\/hp\\\/\",\"logo\":{\"@type\":\"ImageObject\",\"inLanguage\":\"de\",\"@id\":\"https:\\\/\\\/jagdklub-darmstadt.de\\\/hp\\\/#\\\/schema\\\/logo\\\/image\\\/\",\"url\":\"https:\\\/\\\/jagdklub-darmstadt.de\\\/hp\\\/wp-content\\\/uploads\\\/2016\\\/06\\\/JKD-Logo.png\",\"contentUrl\":\"https:\\\/\\\/jagdklub-darmstadt.de\\\/hp\\\/wp-content\\\/uploads\\\/2016\\\/06\\\/JKD-Logo.png\",\"width\":279,\"height\":361,\"caption\":\"Jagdklub Darmstadt, Verein f\u00fcr J\u00e4ger und Sportsch\u00fctzen e.V.\"},\"image\":{\"@id\":\"https:\\\/\\\/jagdklub-darmstadt.de\\\/hp\\\/#\\\/schema\\\/logo\\\/image\\\/\"}}]}<\/script>\n<!-- \/ Yoast SEO plugin. -->","yoast_head_json":{"title":"Veranstaltungsbilder - Jagdklub Darmstadt","robots":{"index":"index","follow":"follow","max-snippet":"max-snippet:-1","max-image-preview":"max-image-preview:large","max-video-preview":"max-video-preview:-1"},"canonical":"https:\/\/jagdklub-darmstadt.de\/hp\/veranstaltungsbilder\/","og_locale":"de_DE","og_type":"article","og_title":"Veranstaltungsbilder - Jagdklub Darmstadt","og_url":"https:\/\/jagdklub-darmstadt.de\/hp\/veranstaltungsbilder\/","og_site_name":"Jagdklub Darmstadt","article_modified_time":"2016-05-11T15:34:05+00:00","twitter_card":"summary_large_image","schema":{"@context":"https:\/\/schema.org","@graph":[{"@type":"WebPage","@id":"https:\/\/jagdklub-darmstadt.de\/hp\/veranstaltungsbilder\/","url":"https:\/\/jagdklub-darmstadt.de\/hp\/veranstaltungsbilder\/","name":"Veranstaltungsbilder - Jagdklub Darmstadt","isPartOf":{"@id":"https:\/\/jagdklub-darmstadt.de\/hp\/#website"},"datePublished":"2016-04-16T09:51:15+00:00","dateModified":"2016-05-11T15:34:05+00:00","breadcrumb":{"@id":"https:\/\/jagdklub-darmstadt.de\/hp\/veranstaltungsbilder\/#breadcrumb"},"inLanguage":"de","potentialAction":[{"@type":"ReadAction","target":["https:\/\/jagdklub-darmstadt.de\/hp\/veranstaltungsbilder\/"]}]},{"@type":"BreadcrumbList","@id":"https:\/\/jagdklub-darmstadt.de\/hp\/veranstaltungsbilder\/#breadcrumb","itemListElement":[{"@type":"ListItem","position":1,"name":"Startseite","item":"https:\/\/jagdklub-darmstadt.de\/hp\/"},{"@type":"ListItem","position":2,"name":"Veranstaltungsbilder"}]},{"@type":"WebSite","@id":"https:\/\/jagdklub-darmstadt.de\/hp\/#website","url":"https:\/\/jagdklub-darmstadt.de\/hp\/","name":"Jagdklub Darmstadt","description":"Die Webseite des Jagdklub Darmstadt, Verein f\u00fcr J\u00e4ger und Sportsch\u00fctzen e.V.","publisher":{"@id":"https:\/\/jagdklub-darmstadt.de\/hp\/#organization"},"potentialAction":[{"@type":"SearchAction","target":{"@type":"EntryPoint","urlTemplate":"https:\/\/jagdklub-darmstadt.de\/hp\/?s={search_term_string}"},"query-input":{"@type":"PropertyValueSpecification","valueRequired":true,"valueName":"search_term_string"}}],"inLanguage":"de"},{"@type":"Organization","@id":"https:\/\/jagdklub-darmstadt.de\/hp\/#organization","name":"Jagdklub Darmstadt, Verein f\u00fcr J\u00e4ger und Sportsch\u00fctzen e.V.","url":"https:\/\/jagdklub-darmstadt.de\/hp\/","logo":{"@type":"ImageObject","inLanguage":"de","@id":"https:\/\/jagdklub-darmstadt.de\/hp\/#\/schema\/logo\/image\/","url":"https:\/\/jagdklub-darmstadt.de\/hp\/wp-content\/uploads\/2016\/06\/JKD-Logo.png","contentUrl":"https:\/\/jagdklub-darmstadt.de\/hp\/wp-content\/uploads\/2016\/06\/JKD-Logo.png","width":279,"height":361,"caption":"Jagdklub Darmstadt, Verein f\u00fcr J\u00e4ger und Sportsch\u00fctzen e.V."},"image":{"@id":"https:\/\/jagdklub-darmstadt.de\/hp\/#\/schema\/logo\/image\/"}}]}},"_links":{"self":[{"href":"https:\/\/jagdklub-darmstadt.de\/hp\/wp-json\/wp\/v2\/pages\/161","targetHints":{"allow":["GET"]}}],"collection":[{"href":"https:\/\/jagdklub-darmstadt.de\/hp\/wp-json\/wp\/v2\/pages"}],"about":[{"href":"https:\/\/jagdklub-darmstadt.de\/hp\/wp-json\/wp\/v2\/types\/page"}],"author":[{"embeddable":true,"href":"https:\/\/jagdklub-darmstadt.de\/hp\/wp-json\/wp\/v2\/users\/7"}],"replies":[{"embeddable":true,"href":"https:\/\/jagdklub-darmstadt.de\/hp\/wp-json\/wp\/v2\/comments?post=161"}],"version-history":[{"count":2,"href":"https:\/\/jagdklub-darmstadt.de\/hp\/wp-json\/wp\/v2\/pages\/161\/revisions"}],"predecessor-version":[{"id":220,"href":"https:\/\/jagdklub-darmstadt.de\/hp\/wp-json\/wp\/v2\/pages\/161\/revisions\/220"}],"wp:attachment":[{"href":"https:\/\/jagdklub-darmstadt.de\/hp\/wp-json\/wp\/v2\/media?parent=161"}],"curies":[{"name":"wp","href":"https:\/\/api.w.org\/{rel}","templated":true}]}}