{"id":1944,"date":"2017-05-10T10:14:10","date_gmt":"2017-05-10T08:14:10","guid":{"rendered":"http:\/\/newhp.jagdklub-darmstadt.de\/?page_id=1944"},"modified":"2019-07-01T15:40:10","modified_gmt":"2019-07-01T13:40:10","slug":"vorstand","status":"publish","type":"page","link":"https:\/\/jagdklub-darmstadt.de\/hp\/vorstand\/","title":{"rendered":"Gesch\u00e4ftsf\u00fchrender Vorstand"},"content":{"rendered":"<div class=\"table-responsive\">\n<table id=\"tablepress-9\" class=\"tablepress tablepress-id-9 tbody-has-connected-cells\">\n<tbody class=\"row-hover\">\n<tr class=\"row-1\">\n\t<td colspan=\"2\" class=\"column-1\"><strong>1. Vorsitzender<\/strong><\/td>\n<\/tr>\n<tr class=\"row-2\">\n\t<td class=\"column-1\">Name:<\/td><td class=\"column-2\">Michael Hommel<\/td>\n<\/tr>\n<tr class=\"row-3\">\n\t<td class=\"column-1\">Telefon:<\/td><td class=\"column-2\">+49 173 3287012<\/td>\n<\/tr>\n<tr class=\"row-4\">\n\t<td class=\"column-1\">E-Mail<\/td><td class=\"column-2\">1.Vorsitzender@jagdklub-darmstadt.de<\/td>\n<\/tr>\n<tr class=\"row-5\">\n\t<td class=\"column-1\">&nbsp;<\/td><td class=\"column-2\"><\/td>\n<\/tr>\n<tr class=\"row-6\">\n\t<td colspan=\"2\" class=\"column-1\"><strong>2. Vorsitzender<\/strong><\/td>\n<\/tr>\n<tr class=\"row-7\">\n\t<td class=\"column-1\">Name:<\/td><td class=\"column-2\">Bernd Widmaier<\/td>\n<\/tr>\n<tr class=\"row-8\">\n\t<td class=\"column-1\">E-Mail<\/td><td class=\"column-2\">2.Vorsitzender@jagdklub-darmstadt.de <\/td>\n<\/tr>\n<tr class=\"row-9\">\n\t<td class=\"column-1\">&nbsp;<\/td><td class=\"column-2\"><\/td>\n<\/tr>\n<tr class=\"row-10\">\n\t<td colspan=\"2\" class=\"column-1\"><strong>Gesch\u00e4ftsf\u00fchrer<\/strong><\/td>\n<\/tr>\n<tr class=\"row-11\">\n\t<td class=\"column-1\">Name:<\/td><td class=\"column-2\">Florian Gurgul<\/td>\n<\/tr>\n<tr class=\"row-12\">\n\t<td class=\"column-1\">E-Mail:<\/td><td class=\"column-2\">1.geschaeftsfuehrer@jagdklub-darmstadt.de<\/td>\n<\/tr>\n<tr class=\"row-13\">\n\t<td class=\"column-1\">&nbsp;<\/td><td class=\"column-2\"><\/td>\n<\/tr>\n<tr class=\"row-14\">\n\t<td colspan=\"2\" class=\"column-1\"><strong>2. Gesch\u00e4ftsf\u00fchrerin<\/strong><\/td>\n<\/tr>\n<tr class=\"row-15\">\n\t<td class=\"column-1\">Name:<\/td><td class=\"column-2\">Ursel Bechtel<\/td>\n<\/tr>\n<tr class=\"row-16\">\n\t<td class=\"column-1\">E-Mail:<\/td><td class=\"column-2\">2.geschaeftsfuehrerin@jagdklub-darmstadt.de<\/td>\n<\/tr>\n<tr class=\"row-17\">\n\t<td class=\"column-1\">&nbsp;<\/td><td class=\"column-2\"><\/td>\n<\/tr>\n<tr class=\"row-18\">\n\t<td colspan=\"2\" class=\"column-1\"><strong>Schatzmeister<\/strong><\/td>\n<\/tr>\n<tr class=\"row-19\">\n\t<td class=\"column-1\">Name:<\/td><td class=\"column-2\">Melanie Koslowski<\/td>\n<\/tr>\n<tr class=\"row-20\">\n\t<td class=\"column-1\">E-Mail:<\/td><td class=\"column-2\">1.schatzmeister@jagdklub-darmstadt.de <\/td>\n<\/tr>\n<tr class=\"row-21\">\n\t<td class=\"column-1\">&nbsp;<\/td><td class=\"column-2\"><\/td>\n<\/tr>\n<tr class=\"row-22\">\n\t<td colspan=\"2\" class=\"column-1\"><strong>2. Schatzmeister<\/strong><\/td>\n<\/tr>\n<tr class=\"row-23\">\n\t<td class=\"column-1\">Name:<\/td><td class=\"column-2\">Jens Rickert<\/td>\n<\/tr>\n<tr class=\"row-24\">\n\t<td class=\"column-1\">E-Mail:<\/td><td class=\"column-2\">2.schatzmeister@jagdklub-darmstadt.de <\/td>\n<\/tr>\n<tr class=\"row-25\">\n\t<td class=\"column-1\">&nbsp;<\/td><td class=\"column-2\"><\/td>\n<\/tr>\n<tr class=\"row-26\">\n\t<td colspan=\"2\" class=\"column-1\"><strong>Schriftf\u00fchrer<\/strong><\/td>\n<\/tr>\n<tr class=\"row-27\">\n\t<td class=\"column-1\">Name:<\/td><td class=\"column-2\">Katharina G\u00f6rmann<\/td>\n<\/tr>\n<tr class=\"row-28\">\n\t<td class=\"column-1\">E-Mail:<\/td><td class=\"column-2\">1.schriftfuehrer@jagdklub-darmstadt.de<\/td>\n<\/tr>\n<tr class=\"row-29\">\n\t<td class=\"column-1\">&nbsp;<\/td><td class=\"column-2\"><\/td>\n<\/tr>\n<tr class=\"row-30\">\n\t<td colspan=\"2\" class=\"column-1\"><strong>2. Schriftf\u00fchrerin<\/strong><\/td>\n<\/tr>\n<tr class=\"row-31\">\n\t<td class=\"column-1\">Name:<\/td><td class=\"column-2\">Manuela Schultz<\/td>\n<\/tr>\n<tr class=\"row-32\">\n\t<td class=\"column-1\">E-Mail:<\/td><td class=\"column-2\">2.schriftfuehrer@jagdklub-darmstadt.de <\/td>\n<\/tr>\n<tr class=\"row-33\">\n\t<td class=\"column-1\">&nbsp;<\/td><td class=\"column-2\"><\/td>\n<\/tr>\n<tr class=\"row-34\">\n\t<td colspan=\"2\" class=\"column-1\"><strong>Mitgliederbetreuer<\/strong><\/td>\n<\/tr>\n<tr class=\"row-35\">\n\t<td class=\"column-1\">Name:<\/td><td class=\"column-2\">Stefan Bechtel <\/td>\n<\/tr>\n<tr class=\"row-36\">\n\t<td class=\"column-1\">E-Mail:<\/td><td class=\"column-2\">mitgliederverwaltung@jagdklub-darmstadt.de <\/td>\n<\/tr>\n<\/tbody>\n<\/table>\n<\/div><!-- #tablepress-9 from cache -->\n","protected":false},"excerpt":{"rendered":"","protected":false},"author":7,"featured_media":0,"parent":0,"menu_order":2,"comment_status":"closed","ping_status":"closed","template":"","meta":{"_price":"","_stock":"","_tribe_ticket_header":"","_tribe_default_ticket_provider":"","_tribe_ticket_capacity":"0","_ticket_start_date":"","_ticket_end_date":"","_tribe_ticket_show_description":"","_tribe_ticket_show_not_going":false,"_tribe_ticket_use_global_stock":"","_tribe_ticket_global_stock_level":"","_global_stock_mode":"","_global_stock_cap":"","_tribe_rsvp_for_event":"","_tribe_ticket_going_count":"","_tribe_ticket_not_going_count":"","_tribe_tickets_list":"[]","_tribe_ticket_has_attendee_info_fields":false,"footnotes":""},"class_list":["post-1944","page","type-page","status-publish","hentry"],"yoast_head":"<!-- This site is optimized with the Yoast SEO plugin v27.3 - https:\/\/yoast.com\/product\/yoast-seo-wordpress\/ -->\n<title>Gesch\u00e4ftsf\u00fchrender Vorstand - Jagdklub Darmstadt<\/title>\n<meta name=\"robots\" content=\"index, follow, max-snippet:-1, max-image-preview:large, max-video-preview:-1\" \/>\n<link rel=\"canonical\" href=\"https:\/\/jagdklub-darmstadt.de\/hp\/vorstand\/\" \/>\n<meta property=\"og:locale\" content=\"de_DE\" \/>\n<meta property=\"og:type\" content=\"article\" \/>\n<meta property=\"og:title\" content=\"Gesch\u00e4ftsf\u00fchrender Vorstand - Jagdklub Darmstadt\" \/>\n<meta property=\"og:url\" content=\"https:\/\/jagdklub-darmstadt.de\/hp\/vorstand\/\" \/>\n<meta property=\"og:site_name\" content=\"Jagdklub Darmstadt\" \/>\n<meta property=\"article:modified_time\" content=\"2019-07-01T13:40:10+00:00\" \/>\n<meta name=\"twitter:card\" content=\"summary_large_image\" \/>\n<script type=\"application\/ld+json\" class=\"yoast-schema-graph\">{\"@context\":\"https:\\\/\\\/schema.org\",\"@graph\":[{\"@type\":\"WebPage\",\"@id\":\"https:\\\/\\\/jagdklub-darmstadt.de\\\/hp\\\/vorstand\\\/\",\"url\":\"https:\\\/\\\/jagdklub-darmstadt.de\\\/hp\\\/vorstand\\\/\",\"name\":\"Gesch\u00e4ftsf\u00fchrender Vorstand - Jagdklub Darmstadt\",\"isPartOf\":{\"@id\":\"https:\\\/\\\/jagdklub-darmstadt.de\\\/hp\\\/#website\"},\"datePublished\":\"2017-05-10T08:14:10+00:00\",\"dateModified\":\"2019-07-01T13:40:10+00:00\",\"breadcrumb\":{\"@id\":\"https:\\\/\\\/jagdklub-darmstadt.de\\\/hp\\\/vorstand\\\/#breadcrumb\"},\"inLanguage\":\"de\",\"potentialAction\":[{\"@type\":\"ReadAction\",\"target\":[\"https:\\\/\\\/jagdklub-darmstadt.de\\\/hp\\\/vorstand\\\/\"]}]},{\"@type\":\"BreadcrumbList\",\"@id\":\"https:\\\/\\\/jagdklub-darmstadt.de\\\/hp\\\/vorstand\\\/#breadcrumb\",\"itemListElement\":[{\"@type\":\"ListItem\",\"position\":1,\"name\":\"Startseite\",\"item\":\"https:\\\/\\\/jagdklub-darmstadt.de\\\/hp\\\/\"},{\"@type\":\"ListItem\",\"position\":2,\"name\":\"Gesch\u00e4ftsf\u00fchrender Vorstand\"}]},{\"@type\":\"WebSite\",\"@id\":\"https:\\\/\\\/jagdklub-darmstadt.de\\\/hp\\\/#website\",\"url\":\"https:\\\/\\\/jagdklub-darmstadt.de\\\/hp\\\/\",\"name\":\"Jagdklub Darmstadt\",\"description\":\"Die Webseite des Jagdklub Darmstadt, Verein f\u00fcr J\u00e4ger und Sportsch\u00fctzen e.V.\",\"publisher\":{\"@id\":\"https:\\\/\\\/jagdklub-darmstadt.de\\\/hp\\\/#organization\"},\"potentialAction\":[{\"@type\":\"SearchAction\",\"target\":{\"@type\":\"EntryPoint\",\"urlTemplate\":\"https:\\\/\\\/jagdklub-darmstadt.de\\\/hp\\\/?s={search_term_string}\"},\"query-input\":{\"@type\":\"PropertyValueSpecification\",\"valueRequired\":true,\"valueName\":\"search_term_string\"}}],\"inLanguage\":\"de\"},{\"@type\":\"Organization\",\"@id\":\"https:\\\/\\\/jagdklub-darmstadt.de\\\/hp\\\/#organization\",\"name\":\"Jagdklub Darmstadt, Verein f\u00fcr J\u00e4ger und Sportsch\u00fctzen e.V.\",\"url\":\"https:\\\/\\\/jagdklub-darmstadt.de\\\/hp\\\/\",\"logo\":{\"@type\":\"ImageObject\",\"inLanguage\":\"de\",\"@id\":\"https:\\\/\\\/jagdklub-darmstadt.de\\\/hp\\\/#\\\/schema\\\/logo\\\/image\\\/\",\"url\":\"https:\\\/\\\/jagdklub-darmstadt.de\\\/hp\\\/wp-content\\\/uploads\\\/2016\\\/06\\\/JKD-Logo.png\",\"contentUrl\":\"https:\\\/\\\/jagdklub-darmstadt.de\\\/hp\\\/wp-content\\\/uploads\\\/2016\\\/06\\\/JKD-Logo.png\",\"width\":279,\"height\":361,\"caption\":\"Jagdklub Darmstadt, Verein f\u00fcr J\u00e4ger und Sportsch\u00fctzen e.V.\"},\"image\":{\"@id\":\"https:\\\/\\\/jagdklub-darmstadt.de\\\/hp\\\/#\\\/schema\\\/logo\\\/image\\\/\"}}]}<\/script>\n<!-- \/ Yoast SEO plugin. -->","yoast_head_json":{"title":"Gesch\u00e4ftsf\u00fchrender Vorstand - Jagdklub Darmstadt","robots":{"index":"index","follow":"follow","max-snippet":"max-snippet:-1","max-image-preview":"max-image-preview:large","max-video-preview":"max-video-preview:-1"},"canonical":"https:\/\/jagdklub-darmstadt.de\/hp\/vorstand\/","og_locale":"de_DE","og_type":"article","og_title":"Gesch\u00e4ftsf\u00fchrender Vorstand - Jagdklub Darmstadt","og_url":"https:\/\/jagdklub-darmstadt.de\/hp\/vorstand\/","og_site_name":"Jagdklub Darmstadt","article_modified_time":"2019-07-01T13:40:10+00:00","twitter_card":"summary_large_image","schema":{"@context":"https:\/\/schema.org","@graph":[{"@type":"WebPage","@id":"https:\/\/jagdklub-darmstadt.de\/hp\/vorstand\/","url":"https:\/\/jagdklub-darmstadt.de\/hp\/vorstand\/","name":"Gesch\u00e4ftsf\u00fchrender Vorstand - Jagdklub Darmstadt","isPartOf":{"@id":"https:\/\/jagdklub-darmstadt.de\/hp\/#website"},"datePublished":"2017-05-10T08:14:10+00:00","dateModified":"2019-07-01T13:40:10+00:00","breadcrumb":{"@id":"https:\/\/jagdklub-darmstadt.de\/hp\/vorstand\/#breadcrumb"},"inLanguage":"de","potentialAction":[{"@type":"ReadAction","target":["https:\/\/jagdklub-darmstadt.de\/hp\/vorstand\/"]}]},{"@type":"BreadcrumbList","@id":"https:\/\/jagdklub-darmstadt.de\/hp\/vorstand\/#breadcrumb","itemListElement":[{"@type":"ListItem","position":1,"name":"Startseite","item":"https:\/\/jagdklub-darmstadt.de\/hp\/"},{"@type":"ListItem","position":2,"name":"Gesch\u00e4ftsf\u00fchrender Vorstand"}]},{"@type":"WebSite","@id":"https:\/\/jagdklub-darmstadt.de\/hp\/#website","url":"https:\/\/jagdklub-darmstadt.de\/hp\/","name":"Jagdklub Darmstadt","description":"Die Webseite des Jagdklub Darmstadt, Verein f\u00fcr J\u00e4ger und Sportsch\u00fctzen e.V.","publisher":{"@id":"https:\/\/jagdklub-darmstadt.de\/hp\/#organization"},"potentialAction":[{"@type":"SearchAction","target":{"@type":"EntryPoint","urlTemplate":"https:\/\/jagdklub-darmstadt.de\/hp\/?s={search_term_string}"},"query-input":{"@type":"PropertyValueSpecification","valueRequired":true,"valueName":"search_term_string"}}],"inLanguage":"de"},{"@type":"Organization","@id":"https:\/\/jagdklub-darmstadt.de\/hp\/#organization","name":"Jagdklub Darmstadt, Verein f\u00fcr J\u00e4ger und Sportsch\u00fctzen e.V.","url":"https:\/\/jagdklub-darmstadt.de\/hp\/","logo":{"@type":"ImageObject","inLanguage":"de","@id":"https:\/\/jagdklub-darmstadt.de\/hp\/#\/schema\/logo\/image\/","url":"https:\/\/jagdklub-darmstadt.de\/hp\/wp-content\/uploads\/2016\/06\/JKD-Logo.png","contentUrl":"https:\/\/jagdklub-darmstadt.de\/hp\/wp-content\/uploads\/2016\/06\/JKD-Logo.png","width":279,"height":361,"caption":"Jagdklub Darmstadt, Verein f\u00fcr J\u00e4ger und Sportsch\u00fctzen e.V."},"image":{"@id":"https:\/\/jagdklub-darmstadt.de\/hp\/#\/schema\/logo\/image\/"}}]}},"_links":{"self":[{"href":"https:\/\/jagdklub-darmstadt.de\/hp\/wp-json\/wp\/v2\/pages\/1944","targetHints":{"allow":["GET"]}}],"collection":[{"href":"https:\/\/jagdklub-darmstadt.de\/hp\/wp-json\/wp\/v2\/pages"}],"about":[{"href":"https:\/\/jagdklub-darmstadt.de\/hp\/wp-json\/wp\/v2\/types\/page"}],"author":[{"embeddable":true,"href":"https:\/\/jagdklub-darmstadt.de\/hp\/wp-json\/wp\/v2\/users\/7"}],"replies":[{"embeddable":true,"href":"https:\/\/jagdklub-darmstadt.de\/hp\/wp-json\/wp\/v2\/comments?post=1944"}],"version-history":[{"count":17,"href":"https:\/\/jagdklub-darmstadt.de\/hp\/wp-json\/wp\/v2\/pages\/1944\/revisions"}],"predecessor-version":[{"id":3082,"href":"https:\/\/jagdklub-darmstadt.de\/hp\/wp-json\/wp\/v2\/pages\/1944\/revisions\/3082"}],"wp:attachment":[{"href":"https:\/\/jagdklub-darmstadt.de\/hp\/wp-json\/wp\/v2\/media?parent=1944"}],"curies":[{"name":"wp","href":"https:\/\/api.w.org\/{rel}","templated":true}]}}