{"id":1985,"date":"2017-05-10T14:29:14","date_gmt":"2017-05-10T12:29:14","guid":{"rendered":"http:\/\/newhp.jagdklub-darmstadt.de\/?page_id=1985"},"modified":"2024-03-22T11:01:21","modified_gmt":"2024-03-22T10:01:21","slug":"sportschuetzen","status":"publish","type":"page","link":"https:\/\/jagdklub-darmstadt.de\/hp\/abteilungen\/sportschuetzen\/","title":{"rendered":"Sportsch\u00fctzen"},"content":{"rendered":"<h2>Die Sportsch\u00fctzen des Jagdklub Darmstadt<\/h2>\n<p>Mit der Schlie\u00dfung des Wurfscheibenstandes hat sich das sportliche Schiessen mehr auf Kurzwaffendisziplinen verlagert. Durch den Bau des Pistolenstandes, mit Duellanlage f\u00fcr die Disziplinen des Deutschen Sch\u00fctzenbun- des, konnten die Sch\u00fctzen effektiver trainieren und die Leistungen bzw. Ringzahlen steigern. Zwischen 1980 und 1990 entwickelte sich ein Kader von Wettkampfsch\u00fctzen wie Kurt R\u00fcgemer, G\u00fcnter Sulzmann, Gerhard Knauer, Heinz Speckhardt und Bernd Endre\u00df. Eine zentrale Person der Mannschaft war und ist Gerhard Knauer. Gerhard nimmt sich gerne die Zeit, interessierten \u201cJungsch\u00fctzen\u201c sein Wissen zu vermitteln und tr\u00e4gt damit wesentlich zum Erfolg der Mannschaft des Jagdklubs bei.<\/p>\n<p>1990 \u2013 2000 hat sich dieser Kader erweitert. Mit Wolfgang Rillich kam 1990 ein neuer Jungsch\u00fctze in den Klub. Ab 1995 bis 2000 traten Andreas Willing, Thorsten J\u00f6ckel, Thomas Dirk, Thomas Pomaska und Barbara Helmerich in die Sportsch\u00fctzenabteilung ein.<br \/>\n2008 bis 2022 verst\u00e4rkten Wolfgang Ewald, Martin Keller, Nikolaus C. Thoma, Christian Herrmann, Danny Sch\u00fctz, Ernst L. Sch\u00fctz, Stefan G\u00e4rtner, Frank Labisch und Wolfgang Egert. Mit diesen Sch\u00fctzen konnte der Jagdklub bei Rundenk\u00e4mpfen, Kreismeisterschaf- ten und Gaumeisterschaften immer wieder Siege und vordere Pl\u00e4tze mit der Sportpistole, aber meistens mit Gro\u00dfkaliber Gebrauchs-Pistole und Revolver erzielen. Die Au\ufb02istung aller Ergebnisse w\u00e4re zu umfangreich, teils auch nicht nachvollziehbar.<\/p>\n<p>War es doch fr\u00fcher so, dass die Mannschaft des Klubs oft bel\u00e4chelt wurde, so kam es zu der Aussage einer gegnerischen Mannschaft:<br \/>\n\u201eHeute kommen die Jagdklub Fuzzis\u201c. Zur Zeit ist es so, dass gesagt wird: \u201eMorgen kommt der Jagdklub, da m\u00fcssen wir unsere besten Leute am Start haben\u201c.<br \/>\nZum Jahreswechsel 2017 \/ 2018 fand eine Gebietsreform im Hessischen Sch\u00fctzenverband statt. Die Sch\u00fctzenkreise und Sch\u00fctzengaue wurden aufgel\u00f6st und 27 Sch\u00fctzenbezirke gegr\u00fcndet.<br \/>\nDer Sch\u00fctzenbezirk 36 Rhein &#8211; Main &#8211; Modau erschloss sich aus dem Sch\u00fctzenkreis 91 Darmstadt und dem Sch\u00fctzenkreis 95 Gro\u00df &#8211; Gerau.<br \/>\nIn diesem Sch\u00fctzenkreis sind z. Z. 36 Sch\u00fctzenvereine, auch der Jagdklub Darmstadt vertreten.<br \/>\nZu erw\u00e4hnen w\u00e4re, dass die Mannschaften des Jagdklubs: 10 x Kreismeister, 1 x Gaumeister und seit 2018 2 x Bezirksmeister waren. In der Einzelwertung wurde: Barbara Helmerich 3 x Kreismeisterin und 4 x Gaumeisterin.<\/p>\n<h2>Bester Sch\u00fctze<\/h2>\n<p>Wolfgang Rillich erreichte 43 x Kreismeister, 15 x Gaumeister und seit 2018 5 x Bezirkmeister.<br \/>\nBei Hessenmeisterschaften erreichte er 1 x Gold, 5 x Silber, 3 x Bronze im Gro\u00dfkaliber.<\/p>\n<p>Die erste Gro\u00df-Kailber Mannschaft schie\u00dft derzeit erfolgreich in der Oberliga!<\/p>\n","protected":false},"excerpt":{"rendered":"<p>Die Sportsch\u00fctzen des Jagdklub Darmstadt Mit der Schlie\u00dfung des Wurfscheibenstandes hat sich das sportliche Schiessen mehr auf Kurzwaffendisziplinen verlagert. Durch den Bau des Pistolenstandes, mit Duellanlage f\u00fcr die Disziplinen des [&hellip;]<\/p>\n","protected":false},"author":7,"featured_media":0,"parent":1979,"menu_order":1,"comment_status":"closed","ping_status":"closed","template":"","meta":{"_price":"","_stock":"","_tribe_ticket_header":"","_tribe_default_ticket_provider":"","_tribe_ticket_capacity":"0","_ticket_start_date":"","_ticket_end_date":"","_tribe_ticket_show_description":"","_tribe_ticket_show_not_going":false,"_tribe_ticket_use_global_stock":"","_tribe_ticket_global_stock_level":"","_global_stock_mode":"","_global_stock_cap":"","_tribe_rsvp_for_event":"","_tribe_ticket_going_count":"","_tribe_ticket_not_going_count":"","_tribe_tickets_list":"[]","_tribe_ticket_has_attendee_info_fields":false,"footnotes":""},"class_list":["post-1985","page","type-page","status-publish","hentry"],"yoast_head":"<!-- This site is optimized with the Yoast SEO plugin v27.3 - https:\/\/yoast.com\/product\/yoast-seo-wordpress\/ -->\n<title>Sportsch\u00fctzen - Jagdklub Darmstadt<\/title>\n<meta name=\"robots\" content=\"index, follow, max-snippet:-1, max-image-preview:large, max-video-preview:-1\" \/>\n<link rel=\"canonical\" href=\"https:\/\/jagdklub-darmstadt.de\/hp\/abteilungen\/sportschuetzen\/\" \/>\n<meta property=\"og:locale\" content=\"de_DE\" \/>\n<meta property=\"og:type\" content=\"article\" \/>\n<meta property=\"og:title\" content=\"Sportsch\u00fctzen - Jagdklub Darmstadt\" \/>\n<meta property=\"og:description\" content=\"Die Sportsch\u00fctzen des Jagdklub Darmstadt Mit der Schlie\u00dfung des Wurfscheibenstandes hat sich das sportliche Schiessen mehr auf Kurzwaffendisziplinen verlagert. Durch den Bau des Pistolenstandes, mit Duellanlage f\u00fcr die Disziplinen des [&hellip;]\" \/>\n<meta property=\"og:url\" content=\"https:\/\/jagdklub-darmstadt.de\/hp\/abteilungen\/sportschuetzen\/\" \/>\n<meta property=\"og:site_name\" content=\"Jagdklub Darmstadt\" \/>\n<meta property=\"article:modified_time\" content=\"2024-03-22T10:01:21+00:00\" \/>\n<meta name=\"twitter:card\" content=\"summary_large_image\" \/>\n<meta name=\"twitter:label1\" content=\"Gesch\u00e4tzte Lesezeit\" \/>\n\t<meta name=\"twitter:data1\" content=\"3\u00a0Minuten\" \/>\n<script type=\"application\/ld+json\" class=\"yoast-schema-graph\">{\"@context\":\"https:\\\/\\\/schema.org\",\"@graph\":[{\"@type\":\"WebPage\",\"@id\":\"https:\\\/\\\/jagdklub-darmstadt.de\\\/hp\\\/abteilungen\\\/sportschuetzen\\\/\",\"url\":\"https:\\\/\\\/jagdklub-darmstadt.de\\\/hp\\\/abteilungen\\\/sportschuetzen\\\/\",\"name\":\"Sportsch\u00fctzen - Jagdklub Darmstadt\",\"isPartOf\":{\"@id\":\"https:\\\/\\\/jagdklub-darmstadt.de\\\/hp\\\/#website\"},\"datePublished\":\"2017-05-10T12:29:14+00:00\",\"dateModified\":\"2024-03-22T10:01:21+00:00\",\"breadcrumb\":{\"@id\":\"https:\\\/\\\/jagdklub-darmstadt.de\\\/hp\\\/abteilungen\\\/sportschuetzen\\\/#breadcrumb\"},\"inLanguage\":\"de\",\"potentialAction\":[{\"@type\":\"ReadAction\",\"target\":[\"https:\\\/\\\/jagdklub-darmstadt.de\\\/hp\\\/abteilungen\\\/sportschuetzen\\\/\"]}]},{\"@type\":\"BreadcrumbList\",\"@id\":\"https:\\\/\\\/jagdklub-darmstadt.de\\\/hp\\\/abteilungen\\\/sportschuetzen\\\/#breadcrumb\",\"itemListElement\":[{\"@type\":\"ListItem\",\"position\":1,\"name\":\"Startseite\",\"item\":\"https:\\\/\\\/jagdklub-darmstadt.de\\\/hp\\\/\"},{\"@type\":\"ListItem\",\"position\":2,\"name\":\"Abteilungen\",\"item\":\"https:\\\/\\\/jagdklub-darmstadt.de\\\/hp\\\/abteilungen\\\/\"},{\"@type\":\"ListItem\",\"position\":3,\"name\":\"Sportsch\u00fctzen\"}]},{\"@type\":\"WebSite\",\"@id\":\"https:\\\/\\\/jagdklub-darmstadt.de\\\/hp\\\/#website\",\"url\":\"https:\\\/\\\/jagdklub-darmstadt.de\\\/hp\\\/\",\"name\":\"Jagdklub Darmstadt\",\"description\":\"Die Webseite des Jagdklub Darmstadt, Verein f\u00fcr J\u00e4ger und Sportsch\u00fctzen e.V.\",\"publisher\":{\"@id\":\"https:\\\/\\\/jagdklub-darmstadt.de\\\/hp\\\/#organization\"},\"potentialAction\":[{\"@type\":\"SearchAction\",\"target\":{\"@type\":\"EntryPoint\",\"urlTemplate\":\"https:\\\/\\\/jagdklub-darmstadt.de\\\/hp\\\/?s={search_term_string}\"},\"query-input\":{\"@type\":\"PropertyValueSpecification\",\"valueRequired\":true,\"valueName\":\"search_term_string\"}}],\"inLanguage\":\"de\"},{\"@type\":\"Organization\",\"@id\":\"https:\\\/\\\/jagdklub-darmstadt.de\\\/hp\\\/#organization\",\"name\":\"Jagdklub Darmstadt, Verein f\u00fcr J\u00e4ger und Sportsch\u00fctzen e.V.\",\"url\":\"https:\\\/\\\/jagdklub-darmstadt.de\\\/hp\\\/\",\"logo\":{\"@type\":\"ImageObject\",\"inLanguage\":\"de\",\"@id\":\"https:\\\/\\\/jagdklub-darmstadt.de\\\/hp\\\/#\\\/schema\\\/logo\\\/image\\\/\",\"url\":\"https:\\\/\\\/jagdklub-darmstadt.de\\\/hp\\\/wp-content\\\/uploads\\\/2016\\\/06\\\/JKD-Logo.png\",\"contentUrl\":\"https:\\\/\\\/jagdklub-darmstadt.de\\\/hp\\\/wp-content\\\/uploads\\\/2016\\\/06\\\/JKD-Logo.png\",\"width\":279,\"height\":361,\"caption\":\"Jagdklub Darmstadt, Verein f\u00fcr J\u00e4ger und Sportsch\u00fctzen e.V.\"},\"image\":{\"@id\":\"https:\\\/\\\/jagdklub-darmstadt.de\\\/hp\\\/#\\\/schema\\\/logo\\\/image\\\/\"}}]}<\/script>\n<!-- \/ Yoast SEO plugin. -->","yoast_head_json":{"title":"Sportsch\u00fctzen - Jagdklub Darmstadt","robots":{"index":"index","follow":"follow","max-snippet":"max-snippet:-1","max-image-preview":"max-image-preview:large","max-video-preview":"max-video-preview:-1"},"canonical":"https:\/\/jagdklub-darmstadt.de\/hp\/abteilungen\/sportschuetzen\/","og_locale":"de_DE","og_type":"article","og_title":"Sportsch\u00fctzen - Jagdklub Darmstadt","og_description":"Die Sportsch\u00fctzen des Jagdklub Darmstadt Mit der Schlie\u00dfung des Wurfscheibenstandes hat sich das sportliche Schiessen mehr auf Kurzwaffendisziplinen verlagert. Durch den Bau des Pistolenstandes, mit Duellanlage f\u00fcr die Disziplinen des [&hellip;]","og_url":"https:\/\/jagdklub-darmstadt.de\/hp\/abteilungen\/sportschuetzen\/","og_site_name":"Jagdklub Darmstadt","article_modified_time":"2024-03-22T10:01:21+00:00","twitter_card":"summary_large_image","twitter_misc":{"Gesch\u00e4tzte Lesezeit":"3\u00a0Minuten"},"schema":{"@context":"https:\/\/schema.org","@graph":[{"@type":"WebPage","@id":"https:\/\/jagdklub-darmstadt.de\/hp\/abteilungen\/sportschuetzen\/","url":"https:\/\/jagdklub-darmstadt.de\/hp\/abteilungen\/sportschuetzen\/","name":"Sportsch\u00fctzen - Jagdklub Darmstadt","isPartOf":{"@id":"https:\/\/jagdklub-darmstadt.de\/hp\/#website"},"datePublished":"2017-05-10T12:29:14+00:00","dateModified":"2024-03-22T10:01:21+00:00","breadcrumb":{"@id":"https:\/\/jagdklub-darmstadt.de\/hp\/abteilungen\/sportschuetzen\/#breadcrumb"},"inLanguage":"de","potentialAction":[{"@type":"ReadAction","target":["https:\/\/jagdklub-darmstadt.de\/hp\/abteilungen\/sportschuetzen\/"]}]},{"@type":"BreadcrumbList","@id":"https:\/\/jagdklub-darmstadt.de\/hp\/abteilungen\/sportschuetzen\/#breadcrumb","itemListElement":[{"@type":"ListItem","position":1,"name":"Startseite","item":"https:\/\/jagdklub-darmstadt.de\/hp\/"},{"@type":"ListItem","position":2,"name":"Abteilungen","item":"https:\/\/jagdklub-darmstadt.de\/hp\/abteilungen\/"},{"@type":"ListItem","position":3,"name":"Sportsch\u00fctzen"}]},{"@type":"WebSite","@id":"https:\/\/jagdklub-darmstadt.de\/hp\/#website","url":"https:\/\/jagdklub-darmstadt.de\/hp\/","name":"Jagdklub Darmstadt","description":"Die Webseite des Jagdklub Darmstadt, Verein f\u00fcr J\u00e4ger und Sportsch\u00fctzen e.V.","publisher":{"@id":"https:\/\/jagdklub-darmstadt.de\/hp\/#organization"},"potentialAction":[{"@type":"SearchAction","target":{"@type":"EntryPoint","urlTemplate":"https:\/\/jagdklub-darmstadt.de\/hp\/?s={search_term_string}"},"query-input":{"@type":"PropertyValueSpecification","valueRequired":true,"valueName":"search_term_string"}}],"inLanguage":"de"},{"@type":"Organization","@id":"https:\/\/jagdklub-darmstadt.de\/hp\/#organization","name":"Jagdklub Darmstadt, Verein f\u00fcr J\u00e4ger und Sportsch\u00fctzen e.V.","url":"https:\/\/jagdklub-darmstadt.de\/hp\/","logo":{"@type":"ImageObject","inLanguage":"de","@id":"https:\/\/jagdklub-darmstadt.de\/hp\/#\/schema\/logo\/image\/","url":"https:\/\/jagdklub-darmstadt.de\/hp\/wp-content\/uploads\/2016\/06\/JKD-Logo.png","contentUrl":"https:\/\/jagdklub-darmstadt.de\/hp\/wp-content\/uploads\/2016\/06\/JKD-Logo.png","width":279,"height":361,"caption":"Jagdklub Darmstadt, Verein f\u00fcr J\u00e4ger und Sportsch\u00fctzen e.V."},"image":{"@id":"https:\/\/jagdklub-darmstadt.de\/hp\/#\/schema\/logo\/image\/"}}]}},"_links":{"self":[{"href":"https:\/\/jagdklub-darmstadt.de\/hp\/wp-json\/wp\/v2\/pages\/1985","targetHints":{"allow":["GET"]}}],"collection":[{"href":"https:\/\/jagdklub-darmstadt.de\/hp\/wp-json\/wp\/v2\/pages"}],"about":[{"href":"https:\/\/jagdklub-darmstadt.de\/hp\/wp-json\/wp\/v2\/types\/page"}],"author":[{"embeddable":true,"href":"https:\/\/jagdklub-darmstadt.de\/hp\/wp-json\/wp\/v2\/users\/7"}],"replies":[{"embeddable":true,"href":"https:\/\/jagdklub-darmstadt.de\/hp\/wp-json\/wp\/v2\/comments?post=1985"}],"version-history":[{"count":9,"href":"https:\/\/jagdklub-darmstadt.de\/hp\/wp-json\/wp\/v2\/pages\/1985\/revisions"}],"predecessor-version":[{"id":5757,"href":"https:\/\/jagdklub-darmstadt.de\/hp\/wp-json\/wp\/v2\/pages\/1985\/revisions\/5757"}],"up":[{"embeddable":true,"href":"https:\/\/jagdklub-darmstadt.de\/hp\/wp-json\/wp\/v2\/pages\/1979"}],"wp:attachment":[{"href":"https:\/\/jagdklub-darmstadt.de\/hp\/wp-json\/wp\/v2\/media?parent=1985"}],"curies":[{"name":"wp","href":"https:\/\/api.w.org\/{rel}","templated":true}]}}