{"id":1987,"date":"2017-05-10T14:26:06","date_gmt":"2017-05-10T12:26:06","guid":{"rendered":"http:\/\/newhp.jagdklub-darmstadt.de\/?page_id=1987"},"modified":"2025-02-10T14:09:04","modified_gmt":"2025-02-10T13:09:04","slug":"jagdhornblaeser","status":"publish","type":"page","link":"https:\/\/jagdklub-darmstadt.de\/hp\/abteilungen\/jagdhornblaeser\/","title":{"rendered":"Jagdhornbl\u00e4ser"},"content":{"rendered":"<h1>Bl\u00e4serkorps des Jagdklub Darmstadt<\/h1>\n<p>Das Bl\u00e4serkorps ist als Bl\u00e4serabteilung im Jagdklub Darmstadt, Verein f\u00fcr J\u00e4ger und Sportsch\u00fctzen e.V. organisiert und hat sich zum Ziel gesetzt, das Jagdhornblasen als Teil des jagdlichen Brauchtums zu pflegen. Die Freude am Jagdhornblasen, der Musik und eine gute Kameradschaft untereinander ist f\u00fcr die Gruppe eine Selbstverst\u00e4ndlichkeit.<\/p>\n<p>Da auf Gesellschaftsjagden die Kommunikation \u00fcberwiegend \u00fcber Signale per Jagdh\u00f6rner betrieben wird, ist eine Beherrschung dieser Signale f\u00fcr uns als J\u00e4ger selbstverst\u00e4ndlich. Doch f\u00fcr uns bleibt es nicht nur bei den reinen Jagdleitsignalen, auch Naturnhornmusik oder auf chromatischer Tonleiter aufbauende Musik, von Weihnachsliedern, Schlagern bis hin zu Evergreens sind uns nicht fremd und werten unser Repertoire stetig auf.<br \/>\nUm dieses Spektrum an St\u00fccken abdecken zu k\u00f6nnen, kommen bei uns F\u00fcrst-Pless-H\u00f6rner, Parforce-H\u00f6rner, Waldh\u00f6rner und Ventilh\u00f6rner zum Einsatz.<\/p>\n<p>\u00dcber das Jahr verteilt haben wir eine stattliche Anzahl an Auftritten. Diese umfassen Geburtstage und Beerdigungen von Vereinsmitgliedern, Auftritte bei Veranstaltungen der Stadt Darmstadt, Veranstaltungen des Landkreises Darmstadt-Dieburg, Festivit\u00e4ten bei befreundeten Bl\u00e4sergruppen aber auch viele andere Auftritte bei privaten und \u00f6ffentlichen Anl\u00e4ssen wie Hochzeiten, Vereinsfesten etc.<\/p>\n<p><video poster=\"https:\/\/jagdklub-darmstadt.de\/hp\/wp-content\/uploads\/2025\/02\/Blaeser2025-scaled.jpg\" preload=\"auto\" controls=\"controls\" width=\"100%\" ><source src=\"https:\/\/jagdklub-darmstadt.de\/hp\/wp-content\/uploads\/2024\/03\/Blaeser_Narcotic.mp4\" type=\"video\/mp4\" \/><\/video><br \/>\nBl\u00e4sercorps Jagdklub Darmstadt: Traditionsbewusst &#8211; Modern &#8211; Fetzig!<\/p>\n<hr \/>\n<h2>Neues aus der Bl\u00e4serecke<\/h2>\n<p>Folgen Sie unseren Post und seinen Sie virtuell mit dabei: <a href=\"https:\/\/jagdklub-darmstadt.de\/hp\/category\/blaeserecke\/\">&lt;News&gt;<\/a><\/p>\n<h2>Sie wollen Jagdhornblasen lernen?<\/h2>\n<p>Dann finden Sie weitere Informationen: <a href=\"https:\/\/jagdklub-darmstadt.de\/hp\/abteilungen\/jagdhornblaesen-lernen\/\">&lt;Jagdhornblasen lernen&gt;<\/a><\/p>\n<h2>Wann wir proben?<\/h2>\n<p>Unsere \u00dcbungsstunden finden Sie hier: <a href=\"https:\/\/jagdklub-darmstadt.de\/hp\/abteilungen\/jagdhornblasen-uebungsstunden\/\">&lt;\u00dcbungsstunden&gt;<\/a><\/p>\n","protected":false},"excerpt":{"rendered":"<p>Bl\u00e4serkorps des Jagdklub Darmstadt Das Bl\u00e4serkorps ist als Bl\u00e4serabteilung im Jagdklub Darmstadt, Verein f\u00fcr J\u00e4ger und Sportsch\u00fctzen e.V. organisiert und hat sich zum Ziel gesetzt, das Jagdhornblasen als Teil des [&hellip;]<\/p>\n","protected":false},"author":7,"featured_media":0,"parent":1979,"menu_order":3,"comment_status":"closed","ping_status":"closed","template":"","meta":{"_price":"","_stock":"","_tribe_ticket_header":"","_tribe_default_ticket_provider":"","_tribe_ticket_capacity":"0","_ticket_start_date":"","_ticket_end_date":"","_tribe_ticket_show_description":"","_tribe_ticket_show_not_going":false,"_tribe_ticket_use_global_stock":"","_tribe_ticket_global_stock_level":"","_global_stock_mode":"","_global_stock_cap":"","_tribe_rsvp_for_event":"","_tribe_ticket_going_count":"","_tribe_ticket_not_going_count":"","_tribe_tickets_list":"[]","_tribe_ticket_has_attendee_info_fields":false,"footnotes":""},"class_list":["post-1987","page","type-page","status-publish","hentry"],"yoast_head":"<!-- This site is optimized with the Yoast SEO plugin v27.4 - https:\/\/yoast.com\/product\/yoast-seo-wordpress\/ -->\n<title>Jagdhornbl\u00e4ser - Jagdklub Darmstadt<\/title>\n<meta name=\"robots\" content=\"index, follow, max-snippet:-1, max-image-preview:large, max-video-preview:-1\" \/>\n<link rel=\"canonical\" href=\"https:\/\/jagdklub-darmstadt.de\/hp\/abteilungen\/jagdhornblaeser\/\" \/>\n<meta property=\"og:locale\" content=\"de_DE\" \/>\n<meta property=\"og:type\" content=\"article\" \/>\n<meta property=\"og:title\" content=\"Jagdhornbl\u00e4ser - Jagdklub Darmstadt\" \/>\n<meta property=\"og:description\" content=\"Bl\u00e4serkorps des Jagdklub Darmstadt Das Bl\u00e4serkorps ist als Bl\u00e4serabteilung im Jagdklub Darmstadt, Verein f\u00fcr J\u00e4ger und Sportsch\u00fctzen e.V. organisiert und hat sich zum Ziel gesetzt, das Jagdhornblasen als Teil des [&hellip;]\" \/>\n<meta property=\"og:url\" content=\"https:\/\/jagdklub-darmstadt.de\/hp\/abteilungen\/jagdhornblaeser\/\" \/>\n<meta property=\"og:site_name\" content=\"Jagdklub Darmstadt\" \/>\n<meta property=\"article:modified_time\" content=\"2025-02-10T13:09:04+00:00\" \/>\n<meta name=\"twitter:card\" content=\"summary_large_image\" \/>\n<meta name=\"twitter:label1\" content=\"Gesch\u00e4tzte Lesezeit\" \/>\n\t<meta name=\"twitter:data1\" content=\"2\u00a0Minuten\" \/>\n<script type=\"application\/ld+json\" class=\"yoast-schema-graph\">{\"@context\":\"https:\\\/\\\/schema.org\",\"@graph\":[{\"@type\":\"WebPage\",\"@id\":\"https:\\\/\\\/jagdklub-darmstadt.de\\\/hp\\\/abteilungen\\\/jagdhornblaeser\\\/\",\"url\":\"https:\\\/\\\/jagdklub-darmstadt.de\\\/hp\\\/abteilungen\\\/jagdhornblaeser\\\/\",\"name\":\"Jagdhornbl\u00e4ser - Jagdklub Darmstadt\",\"isPartOf\":{\"@id\":\"https:\\\/\\\/jagdklub-darmstadt.de\\\/hp\\\/#website\"},\"datePublished\":\"2017-05-10T12:26:06+00:00\",\"dateModified\":\"2025-02-10T13:09:04+00:00\",\"breadcrumb\":{\"@id\":\"https:\\\/\\\/jagdklub-darmstadt.de\\\/hp\\\/abteilungen\\\/jagdhornblaeser\\\/#breadcrumb\"},\"inLanguage\":\"de\",\"potentialAction\":[{\"@type\":\"ReadAction\",\"target\":[\"https:\\\/\\\/jagdklub-darmstadt.de\\\/hp\\\/abteilungen\\\/jagdhornblaeser\\\/\"]}]},{\"@type\":\"BreadcrumbList\",\"@id\":\"https:\\\/\\\/jagdklub-darmstadt.de\\\/hp\\\/abteilungen\\\/jagdhornblaeser\\\/#breadcrumb\",\"itemListElement\":[{\"@type\":\"ListItem\",\"position\":1,\"name\":\"Startseite\",\"item\":\"https:\\\/\\\/jagdklub-darmstadt.de\\\/hp\\\/\"},{\"@type\":\"ListItem\",\"position\":2,\"name\":\"Abteilungen\",\"item\":\"https:\\\/\\\/jagdklub-darmstadt.de\\\/hp\\\/abteilungen\\\/\"},{\"@type\":\"ListItem\",\"position\":3,\"name\":\"Jagdhornbl\u00e4ser\"}]},{\"@type\":\"WebSite\",\"@id\":\"https:\\\/\\\/jagdklub-darmstadt.de\\\/hp\\\/#website\",\"url\":\"https:\\\/\\\/jagdklub-darmstadt.de\\\/hp\\\/\",\"name\":\"Jagdklub Darmstadt\",\"description\":\"Die Webseite des Jagdklub Darmstadt, Verein f\u00fcr J\u00e4ger und Sportsch\u00fctzen e.V.\",\"publisher\":{\"@id\":\"https:\\\/\\\/jagdklub-darmstadt.de\\\/hp\\\/#organization\"},\"potentialAction\":[{\"@type\":\"SearchAction\",\"target\":{\"@type\":\"EntryPoint\",\"urlTemplate\":\"https:\\\/\\\/jagdklub-darmstadt.de\\\/hp\\\/?s={search_term_string}\"},\"query-input\":{\"@type\":\"PropertyValueSpecification\",\"valueRequired\":true,\"valueName\":\"search_term_string\"}}],\"inLanguage\":\"de\"},{\"@type\":\"Organization\",\"@id\":\"https:\\\/\\\/jagdklub-darmstadt.de\\\/hp\\\/#organization\",\"name\":\"Jagdklub Darmstadt, Verein f\u00fcr J\u00e4ger und Sportsch\u00fctzen e.V.\",\"url\":\"https:\\\/\\\/jagdklub-darmstadt.de\\\/hp\\\/\",\"logo\":{\"@type\":\"ImageObject\",\"inLanguage\":\"de\",\"@id\":\"https:\\\/\\\/jagdklub-darmstadt.de\\\/hp\\\/#\\\/schema\\\/logo\\\/image\\\/\",\"url\":\"https:\\\/\\\/jagdklub-darmstadt.de\\\/hp\\\/wp-content\\\/uploads\\\/2016\\\/06\\\/JKD-Logo.png\",\"contentUrl\":\"https:\\\/\\\/jagdklub-darmstadt.de\\\/hp\\\/wp-content\\\/uploads\\\/2016\\\/06\\\/JKD-Logo.png\",\"width\":279,\"height\":361,\"caption\":\"Jagdklub Darmstadt, Verein f\u00fcr J\u00e4ger und Sportsch\u00fctzen e.V.\"},\"image\":{\"@id\":\"https:\\\/\\\/jagdklub-darmstadt.de\\\/hp\\\/#\\\/schema\\\/logo\\\/image\\\/\"}}]}<\/script>\n<!-- \/ Yoast SEO plugin. -->","yoast_head_json":{"title":"Jagdhornbl\u00e4ser - Jagdklub Darmstadt","robots":{"index":"index","follow":"follow","max-snippet":"max-snippet:-1","max-image-preview":"max-image-preview:large","max-video-preview":"max-video-preview:-1"},"canonical":"https:\/\/jagdklub-darmstadt.de\/hp\/abteilungen\/jagdhornblaeser\/","og_locale":"de_DE","og_type":"article","og_title":"Jagdhornbl\u00e4ser - Jagdklub Darmstadt","og_description":"Bl\u00e4serkorps des Jagdklub Darmstadt Das Bl\u00e4serkorps ist als Bl\u00e4serabteilung im Jagdklub Darmstadt, Verein f\u00fcr J\u00e4ger und Sportsch\u00fctzen e.V. organisiert und hat sich zum Ziel gesetzt, das Jagdhornblasen als Teil des [&hellip;]","og_url":"https:\/\/jagdklub-darmstadt.de\/hp\/abteilungen\/jagdhornblaeser\/","og_site_name":"Jagdklub Darmstadt","article_modified_time":"2025-02-10T13:09:04+00:00","twitter_card":"summary_large_image","twitter_misc":{"Gesch\u00e4tzte Lesezeit":"2\u00a0Minuten"},"schema":{"@context":"https:\/\/schema.org","@graph":[{"@type":"WebPage","@id":"https:\/\/jagdklub-darmstadt.de\/hp\/abteilungen\/jagdhornblaeser\/","url":"https:\/\/jagdklub-darmstadt.de\/hp\/abteilungen\/jagdhornblaeser\/","name":"Jagdhornbl\u00e4ser - Jagdklub Darmstadt","isPartOf":{"@id":"https:\/\/jagdklub-darmstadt.de\/hp\/#website"},"datePublished":"2017-05-10T12:26:06+00:00","dateModified":"2025-02-10T13:09:04+00:00","breadcrumb":{"@id":"https:\/\/jagdklub-darmstadt.de\/hp\/abteilungen\/jagdhornblaeser\/#breadcrumb"},"inLanguage":"de","potentialAction":[{"@type":"ReadAction","target":["https:\/\/jagdklub-darmstadt.de\/hp\/abteilungen\/jagdhornblaeser\/"]}]},{"@type":"BreadcrumbList","@id":"https:\/\/jagdklub-darmstadt.de\/hp\/abteilungen\/jagdhornblaeser\/#breadcrumb","itemListElement":[{"@type":"ListItem","position":1,"name":"Startseite","item":"https:\/\/jagdklub-darmstadt.de\/hp\/"},{"@type":"ListItem","position":2,"name":"Abteilungen","item":"https:\/\/jagdklub-darmstadt.de\/hp\/abteilungen\/"},{"@type":"ListItem","position":3,"name":"Jagdhornbl\u00e4ser"}]},{"@type":"WebSite","@id":"https:\/\/jagdklub-darmstadt.de\/hp\/#website","url":"https:\/\/jagdklub-darmstadt.de\/hp\/","name":"Jagdklub Darmstadt","description":"Die Webseite des Jagdklub Darmstadt, Verein f\u00fcr J\u00e4ger und Sportsch\u00fctzen e.V.","publisher":{"@id":"https:\/\/jagdklub-darmstadt.de\/hp\/#organization"},"potentialAction":[{"@type":"SearchAction","target":{"@type":"EntryPoint","urlTemplate":"https:\/\/jagdklub-darmstadt.de\/hp\/?s={search_term_string}"},"query-input":{"@type":"PropertyValueSpecification","valueRequired":true,"valueName":"search_term_string"}}],"inLanguage":"de"},{"@type":"Organization","@id":"https:\/\/jagdklub-darmstadt.de\/hp\/#organization","name":"Jagdklub Darmstadt, Verein f\u00fcr J\u00e4ger und Sportsch\u00fctzen e.V.","url":"https:\/\/jagdklub-darmstadt.de\/hp\/","logo":{"@type":"ImageObject","inLanguage":"de","@id":"https:\/\/jagdklub-darmstadt.de\/hp\/#\/schema\/logo\/image\/","url":"https:\/\/jagdklub-darmstadt.de\/hp\/wp-content\/uploads\/2016\/06\/JKD-Logo.png","contentUrl":"https:\/\/jagdklub-darmstadt.de\/hp\/wp-content\/uploads\/2016\/06\/JKD-Logo.png","width":279,"height":361,"caption":"Jagdklub Darmstadt, Verein f\u00fcr J\u00e4ger und Sportsch\u00fctzen e.V."},"image":{"@id":"https:\/\/jagdklub-darmstadt.de\/hp\/#\/schema\/logo\/image\/"}}]}},"_links":{"self":[{"href":"https:\/\/jagdklub-darmstadt.de\/hp\/wp-json\/wp\/v2\/pages\/1987","targetHints":{"allow":["GET"]}}],"collection":[{"href":"https:\/\/jagdklub-darmstadt.de\/hp\/wp-json\/wp\/v2\/pages"}],"about":[{"href":"https:\/\/jagdklub-darmstadt.de\/hp\/wp-json\/wp\/v2\/types\/page"}],"author":[{"embeddable":true,"href":"https:\/\/jagdklub-darmstadt.de\/hp\/wp-json\/wp\/v2\/users\/7"}],"replies":[{"embeddable":true,"href":"https:\/\/jagdklub-darmstadt.de\/hp\/wp-json\/wp\/v2\/comments?post=1987"}],"version-history":[{"count":17,"href":"https:\/\/jagdklub-darmstadt.de\/hp\/wp-json\/wp\/v2\/pages\/1987\/revisions"}],"predecessor-version":[{"id":6086,"href":"https:\/\/jagdklub-darmstadt.de\/hp\/wp-json\/wp\/v2\/pages\/1987\/revisions\/6086"}],"up":[{"embeddable":true,"href":"https:\/\/jagdklub-darmstadt.de\/hp\/wp-json\/wp\/v2\/pages\/1979"}],"wp:attachment":[{"href":"https:\/\/jagdklub-darmstadt.de\/hp\/wp-json\/wp\/v2\/media?parent=1987"}],"curies":[{"name":"wp","href":"https:\/\/api.w.org\/{rel}","templated":true}]}}