{"id":2536,"date":"2018-08-28T21:37:24","date_gmt":"2018-08-28T19:37:24","guid":{"rendered":"https:\/\/jagdklub-darmstadt.de\/hp\/?page_id=2536"},"modified":"2024-02-26T14:38:43","modified_gmt":"2024-02-26T13:38:43","slug":"jagdhornblaesen-lernen","status":"publish","type":"page","link":"https:\/\/jagdklub-darmstadt.de\/hp\/abteilungen\/jagdhornblaesen-lernen\/","title":{"rendered":"Jagdhornblasen lernen"},"content":{"rendered":"<h2><strong>Lernen Sie Jagdhornblasen &#8230; Anf\u00e4ngerkurs<\/strong>\r\n<strong>Interesse am Jagdhornblasen? Bei uns sind Sie richtig.<\/strong><\/h2>\r\nErlernen Sie bei uns das Jagdhornblasen. Egal, ob Sie einen Jagdschein besitzen oder nicht, wir sind offen f\u00fcr jeden, der Interesse am Jagdhornblasen hat.\r\nUnter fachkundiger Leitung bieten wir immer Montags von 18:30 bis 19:30 Uhr Anf\u00e4ngertraining an. In diesem Kurs werden Sie fit f\u00fcr das Musizieren in unserer Runde gemacht. Mit dem Hintergrund, dass Sie nach etwa 4\u00a0 Monaten in unsere normale Bl\u00e4sergruppe wechseln, erhalten Sie Unterricht in Atem- und Blastechnik, Notenlesen und der Besonderheiten f\u00fcr die sp\u00e4teren Auftritte. In diesem Kurs werden Ihnen \u00fcberwiegend St\u00fccke aus dem Bereich der Jagdleitsignale beigebracht.\r\n<h2><strong>Ablauf und Materialien<\/strong><\/h2>\r\nIn der Regel dauert das Anf\u00e4ngertraining ca. 4 Monate und umfasst jeweils einmal w\u00f6chentlich ca. eine Stunde. Der \u00dcbungsort ist der Schulungsraum auf dem Klubgel\u00e4nde des Jagdklub Darmstadt. Je nach Stand des musikalischen K\u00f6nnens ist eine Verl\u00e4ngerung oder Verk\u00fcrzung m\u00f6glich. Dies erfolgt jeweils nach Absprache.\r\n\r\nDamit Sie auch mitspielen k\u00f6nnen, ben\u00f6tigen Sie ein Jagdhorn (F\u00fcrst-Pless-Horn oder Parforce-Horn). Sollten Sie bereits ein Horn besitzen, bringen Sie es einfach mit. F\u00fcr alle Anderen hat der Verein einen kleinen Vorrat an Jagdh\u00f6rnern, die f\u00fcr kurze Zeit verliehen werden k\u00f6nnen. Das Beste ist jedoch, wenn Sie sich im Laufe der Zeit ein eigenes Jagdhorn mit Stimmzug oder sogar ein Ventilhorn zulegen. Empfehlungen hierzu erhalten Sie nat\u00fcrlich auch im Anf\u00e4ngertraining.\r\n\r\nBei Ihrer Anmeldung zum Kurs bekommen Sie mitgeteilt, welche Notenhefte f\u00fcr den Kurs ben\u00f6tigt werden. Diese Hefte werden sp\u00e4ter im Bl\u00e4serkorps bei den \u00dcbungsabenden auch weiterhin verwendet. F\u00fcr Ansatz\u00fcbungen o.\u00e4. stellen wir Ihnen einen Ordner zusammen, welchen Sie in der ersten Stunde zur Verf\u00fcgung gestellt bekommen.\r\n<h2><strong>Anmeldung<\/strong><\/h2>\r\nSchreiben Sie uns bitte einfach eine E-Mail oder rufen Sie uns kurz an und kommen Sie dann zur nachsten \u00dcungsstunde hinzu!\r\n<div id=\"Freizeittabelle\" align=\"left\">\r\n<table style=\"width: 69.72%; height: 110px;\" width=\"700\">\r\n<tbody>\r\n<tr>\r\n<td style=\"width: 98.9957%;\" colspan=\"2\" align=\"left\"><b>Abteilungsleitung<\/b><\/td>\r\n<\/tr>\r\n<tr>\r\n<td style=\"width: 15.495%;\" align=\"left\" width=\"150\"><b>Name:<\/b><\/td>\r\n<td style=\"width: 83.5007%;\" align=\"left\">Bechtel, Ursel<\/td>\r\n<\/tr>\r\n<tr>\r\n<td style=\"width: 15.495%;\" align=\"left\"><b>Telefon:<\/b><\/td>\r\n<td style=\"width: 83.5007%;\" align=\"left\">(0178) 8592926<\/td>\r\n<\/tr>\r\n<tr>\r\n<td style=\"width: 15.495%;\" align=\"left\"><b>E-Mail:<\/b><\/td>\r\n<td style=\"width: 83.5007%;\" align=\"left\"><a href=\"mailto:ursel.bechtel@jagdhornblaeser-darmstadt.de\">ursel.bechtel<\/a><a href=\"mailto:mail@jagdklub-darmstadt.de\"><img loading=\"lazy\" decoding=\"async\" class=\"wp-image-2183 alignnone\" src=\"http:\/\/newhp.jagdklub-darmstadt.de\/wp-content\/uploads\/2016\/04\/at-zeichen-e1500412837457.png\" sizes=\"auto, (max-width: 14px) 100vw, 14px\" srcset=\"https:\/\/jagdklub-darmstadt.de\/hp\/wp-content\/uploads\/2016\/04\/at-zeichen-e1500412837457.png 151w, https:\/\/jagdklub-darmstadt.de\/hp\/wp-content\/uploads\/2016\/04\/at-zeichen-e1500412837457-150x150.png 150w\" alt=\"\" width=\"14\" height=\"15\" \/><\/a><a href=\"mailto:ursel.bechtel@jagdhornblaeser-darmstadt.de\">jagdhornblaeser-darmstadt.de<\/a><\/td>\r\n<\/tr>\r\n<tr>\r\n<td style=\"width: 15.495%;\" align=\"left\" width=\"150\"><\/td>\r\n<td style=\"width: 83.5007%;\" align=\"left\"><\/td>\r\n<\/tr>\r\n<tr>\r\n<td style=\"width: 15.495%;\" align=\"left\"><\/td>\r\n<td style=\"width: 83.5007%;\" align=\"left\"><\/td>\r\n<\/tr>\r\n<tr>\r\n<td style=\"width: 15.495%;\" align=\"left\"><\/td>\r\n<td style=\"width: 83.5007%;\" align=\"left\"><\/td>\r\n<\/tr>\r\n<\/tbody>\r\n<\/table>\r\n<\/div>\r\n&nbsp;\r\n\r\n<!-- \/wp:post-content -->","protected":false},"excerpt":{"rendered":"<p>Lernen Sie Jagdhornblasen &#8230; Anf\u00e4ngerkurs Interesse am Jagdhornblasen? Bei uns sind Sie richtig. Erlernen Sie bei uns das Jagdhornblasen. Egal, ob Sie einen Jagdschein besitzen oder nicht, wir sind offen [&hellip;]<\/p>\n","protected":false},"author":7,"featured_media":0,"parent":1979,"menu_order":3,"comment_status":"closed","ping_status":"closed","template":"","meta":{"_price":"","_stock":"","_tribe_ticket_header":"","_tribe_default_ticket_provider":"","_tribe_ticket_capacity":"0","_ticket_start_date":"","_ticket_end_date":"","_tribe_ticket_show_description":"","_tribe_ticket_show_not_going":false,"_tribe_ticket_use_global_stock":"","_tribe_ticket_global_stock_level":"","_global_stock_mode":"","_global_stock_cap":"","_tribe_rsvp_for_event":"","_tribe_ticket_going_count":"","_tribe_ticket_not_going_count":"","_tribe_tickets_list":"[]","_tribe_ticket_has_attendee_info_fields":false,"footnotes":""},"class_list":["post-2536","page","type-page","status-publish","hentry"],"yoast_head":"<!-- This site is optimized with the Yoast SEO plugin v27.3 - https:\/\/yoast.com\/product\/yoast-seo-wordpress\/ -->\n<title>Jagdhornblasen lernen - Jagdklub Darmstadt<\/title>\n<meta name=\"robots\" content=\"index, follow, max-snippet:-1, max-image-preview:large, max-video-preview:-1\" \/>\n<link rel=\"canonical\" href=\"https:\/\/jagdklub-darmstadt.de\/hp\/abteilungen\/jagdhornblaesen-lernen\/\" \/>\n<meta property=\"og:locale\" content=\"de_DE\" \/>\n<meta property=\"og:type\" content=\"article\" \/>\n<meta property=\"og:title\" content=\"Jagdhornblasen lernen - Jagdklub Darmstadt\" \/>\n<meta property=\"og:description\" content=\"Lernen Sie Jagdhornblasen &#8230; Anf\u00e4ngerkurs Interesse am Jagdhornblasen? Bei uns sind Sie richtig. Erlernen Sie bei uns das Jagdhornblasen. Egal, ob Sie einen Jagdschein besitzen oder nicht, wir sind offen [&hellip;]\" \/>\n<meta property=\"og:url\" content=\"https:\/\/jagdklub-darmstadt.de\/hp\/abteilungen\/jagdhornblaesen-lernen\/\" \/>\n<meta property=\"og:site_name\" content=\"Jagdklub Darmstadt\" \/>\n<meta property=\"article:modified_time\" content=\"2024-02-26T13:38:43+00:00\" \/>\n<meta property=\"og:image\" content=\"http:\/\/newhp.jagdklub-darmstadt.de\/wp-content\/uploads\/2016\/04\/at-zeichen-e1500412837457.png\" \/>\n<meta name=\"twitter:card\" content=\"summary_large_image\" \/>\n<meta name=\"twitter:label1\" content=\"Gesch\u00e4tzte Lesezeit\" \/>\n\t<meta name=\"twitter:data1\" content=\"2\u00a0Minuten\" \/>\n<script type=\"application\/ld+json\" class=\"yoast-schema-graph\">{\"@context\":\"https:\\\/\\\/schema.org\",\"@graph\":[{\"@type\":\"WebPage\",\"@id\":\"https:\\\/\\\/jagdklub-darmstadt.de\\\/hp\\\/abteilungen\\\/jagdhornblaesen-lernen\\\/\",\"url\":\"https:\\\/\\\/jagdklub-darmstadt.de\\\/hp\\\/abteilungen\\\/jagdhornblaesen-lernen\\\/\",\"name\":\"Jagdhornblasen lernen - Jagdklub Darmstadt\",\"isPartOf\":{\"@id\":\"https:\\\/\\\/jagdklub-darmstadt.de\\\/hp\\\/#website\"},\"primaryImageOfPage\":{\"@id\":\"https:\\\/\\\/jagdklub-darmstadt.de\\\/hp\\\/abteilungen\\\/jagdhornblaesen-lernen\\\/#primaryimage\"},\"image\":{\"@id\":\"https:\\\/\\\/jagdklub-darmstadt.de\\\/hp\\\/abteilungen\\\/jagdhornblaesen-lernen\\\/#primaryimage\"},\"thumbnailUrl\":\"http:\\\/\\\/newhp.jagdklub-darmstadt.de\\\/wp-content\\\/uploads\\\/2016\\\/04\\\/at-zeichen-e1500412837457.png\",\"datePublished\":\"2018-08-28T19:37:24+00:00\",\"dateModified\":\"2024-02-26T13:38:43+00:00\",\"breadcrumb\":{\"@id\":\"https:\\\/\\\/jagdklub-darmstadt.de\\\/hp\\\/abteilungen\\\/jagdhornblaesen-lernen\\\/#breadcrumb\"},\"inLanguage\":\"de\",\"potentialAction\":[{\"@type\":\"ReadAction\",\"target\":[\"https:\\\/\\\/jagdklub-darmstadt.de\\\/hp\\\/abteilungen\\\/jagdhornblaesen-lernen\\\/\"]}]},{\"@type\":\"ImageObject\",\"inLanguage\":\"de\",\"@id\":\"https:\\\/\\\/jagdklub-darmstadt.de\\\/hp\\\/abteilungen\\\/jagdhornblaesen-lernen\\\/#primaryimage\",\"url\":\"http:\\\/\\\/newhp.jagdklub-darmstadt.de\\\/wp-content\\\/uploads\\\/2016\\\/04\\\/at-zeichen-e1500412837457.png\",\"contentUrl\":\"http:\\\/\\\/newhp.jagdklub-darmstadt.de\\\/wp-content\\\/uploads\\\/2016\\\/04\\\/at-zeichen-e1500412837457.png\"},{\"@type\":\"BreadcrumbList\",\"@id\":\"https:\\\/\\\/jagdklub-darmstadt.de\\\/hp\\\/abteilungen\\\/jagdhornblaesen-lernen\\\/#breadcrumb\",\"itemListElement\":[{\"@type\":\"ListItem\",\"position\":1,\"name\":\"Startseite\",\"item\":\"https:\\\/\\\/jagdklub-darmstadt.de\\\/hp\\\/\"},{\"@type\":\"ListItem\",\"position\":2,\"name\":\"Abteilungen\",\"item\":\"https:\\\/\\\/jagdklub-darmstadt.de\\\/hp\\\/abteilungen\\\/\"},{\"@type\":\"ListItem\",\"position\":3,\"name\":\"Jagdhornblasen lernen\"}]},{\"@type\":\"WebSite\",\"@id\":\"https:\\\/\\\/jagdklub-darmstadt.de\\\/hp\\\/#website\",\"url\":\"https:\\\/\\\/jagdklub-darmstadt.de\\\/hp\\\/\",\"name\":\"Jagdklub Darmstadt\",\"description\":\"Die Webseite des Jagdklub Darmstadt, Verein f\u00fcr J\u00e4ger und Sportsch\u00fctzen e.V.\",\"publisher\":{\"@id\":\"https:\\\/\\\/jagdklub-darmstadt.de\\\/hp\\\/#organization\"},\"potentialAction\":[{\"@type\":\"SearchAction\",\"target\":{\"@type\":\"EntryPoint\",\"urlTemplate\":\"https:\\\/\\\/jagdklub-darmstadt.de\\\/hp\\\/?s={search_term_string}\"},\"query-input\":{\"@type\":\"PropertyValueSpecification\",\"valueRequired\":true,\"valueName\":\"search_term_string\"}}],\"inLanguage\":\"de\"},{\"@type\":\"Organization\",\"@id\":\"https:\\\/\\\/jagdklub-darmstadt.de\\\/hp\\\/#organization\",\"name\":\"Jagdklub Darmstadt, Verein f\u00fcr J\u00e4ger und Sportsch\u00fctzen e.V.\",\"url\":\"https:\\\/\\\/jagdklub-darmstadt.de\\\/hp\\\/\",\"logo\":{\"@type\":\"ImageObject\",\"inLanguage\":\"de\",\"@id\":\"https:\\\/\\\/jagdklub-darmstadt.de\\\/hp\\\/#\\\/schema\\\/logo\\\/image\\\/\",\"url\":\"https:\\\/\\\/jagdklub-darmstadt.de\\\/hp\\\/wp-content\\\/uploads\\\/2016\\\/06\\\/JKD-Logo.png\",\"contentUrl\":\"https:\\\/\\\/jagdklub-darmstadt.de\\\/hp\\\/wp-content\\\/uploads\\\/2016\\\/06\\\/JKD-Logo.png\",\"width\":279,\"height\":361,\"caption\":\"Jagdklub Darmstadt, Verein f\u00fcr J\u00e4ger und Sportsch\u00fctzen e.V.\"},\"image\":{\"@id\":\"https:\\\/\\\/jagdklub-darmstadt.de\\\/hp\\\/#\\\/schema\\\/logo\\\/image\\\/\"}}]}<\/script>\n<!-- \/ Yoast SEO plugin. -->","yoast_head_json":{"title":"Jagdhornblasen lernen - Jagdklub Darmstadt","robots":{"index":"index","follow":"follow","max-snippet":"max-snippet:-1","max-image-preview":"max-image-preview:large","max-video-preview":"max-video-preview:-1"},"canonical":"https:\/\/jagdklub-darmstadt.de\/hp\/abteilungen\/jagdhornblaesen-lernen\/","og_locale":"de_DE","og_type":"article","og_title":"Jagdhornblasen lernen - Jagdklub Darmstadt","og_description":"Lernen Sie Jagdhornblasen &#8230; Anf\u00e4ngerkurs Interesse am Jagdhornblasen? Bei uns sind Sie richtig. Erlernen Sie bei uns das Jagdhornblasen. Egal, ob Sie einen Jagdschein besitzen oder nicht, wir sind offen [&hellip;]","og_url":"https:\/\/jagdklub-darmstadt.de\/hp\/abteilungen\/jagdhornblaesen-lernen\/","og_site_name":"Jagdklub Darmstadt","article_modified_time":"2024-02-26T13:38:43+00:00","og_image":[{"url":"http:\/\/newhp.jagdklub-darmstadt.de\/wp-content\/uploads\/2016\/04\/at-zeichen-e1500412837457.png","type":"","width":"","height":""}],"twitter_card":"summary_large_image","twitter_misc":{"Gesch\u00e4tzte Lesezeit":"2\u00a0Minuten"},"schema":{"@context":"https:\/\/schema.org","@graph":[{"@type":"WebPage","@id":"https:\/\/jagdklub-darmstadt.de\/hp\/abteilungen\/jagdhornblaesen-lernen\/","url":"https:\/\/jagdklub-darmstadt.de\/hp\/abteilungen\/jagdhornblaesen-lernen\/","name":"Jagdhornblasen lernen - Jagdklub Darmstadt","isPartOf":{"@id":"https:\/\/jagdklub-darmstadt.de\/hp\/#website"},"primaryImageOfPage":{"@id":"https:\/\/jagdklub-darmstadt.de\/hp\/abteilungen\/jagdhornblaesen-lernen\/#primaryimage"},"image":{"@id":"https:\/\/jagdklub-darmstadt.de\/hp\/abteilungen\/jagdhornblaesen-lernen\/#primaryimage"},"thumbnailUrl":"http:\/\/newhp.jagdklub-darmstadt.de\/wp-content\/uploads\/2016\/04\/at-zeichen-e1500412837457.png","datePublished":"2018-08-28T19:37:24+00:00","dateModified":"2024-02-26T13:38:43+00:00","breadcrumb":{"@id":"https:\/\/jagdklub-darmstadt.de\/hp\/abteilungen\/jagdhornblaesen-lernen\/#breadcrumb"},"inLanguage":"de","potentialAction":[{"@type":"ReadAction","target":["https:\/\/jagdklub-darmstadt.de\/hp\/abteilungen\/jagdhornblaesen-lernen\/"]}]},{"@type":"ImageObject","inLanguage":"de","@id":"https:\/\/jagdklub-darmstadt.de\/hp\/abteilungen\/jagdhornblaesen-lernen\/#primaryimage","url":"http:\/\/newhp.jagdklub-darmstadt.de\/wp-content\/uploads\/2016\/04\/at-zeichen-e1500412837457.png","contentUrl":"http:\/\/newhp.jagdklub-darmstadt.de\/wp-content\/uploads\/2016\/04\/at-zeichen-e1500412837457.png"},{"@type":"BreadcrumbList","@id":"https:\/\/jagdklub-darmstadt.de\/hp\/abteilungen\/jagdhornblaesen-lernen\/#breadcrumb","itemListElement":[{"@type":"ListItem","position":1,"name":"Startseite","item":"https:\/\/jagdklub-darmstadt.de\/hp\/"},{"@type":"ListItem","position":2,"name":"Abteilungen","item":"https:\/\/jagdklub-darmstadt.de\/hp\/abteilungen\/"},{"@type":"ListItem","position":3,"name":"Jagdhornblasen lernen"}]},{"@type":"WebSite","@id":"https:\/\/jagdklub-darmstadt.de\/hp\/#website","url":"https:\/\/jagdklub-darmstadt.de\/hp\/","name":"Jagdklub Darmstadt","description":"Die Webseite des Jagdklub Darmstadt, Verein f\u00fcr J\u00e4ger und Sportsch\u00fctzen e.V.","publisher":{"@id":"https:\/\/jagdklub-darmstadt.de\/hp\/#organization"},"potentialAction":[{"@type":"SearchAction","target":{"@type":"EntryPoint","urlTemplate":"https:\/\/jagdklub-darmstadt.de\/hp\/?s={search_term_string}"},"query-input":{"@type":"PropertyValueSpecification","valueRequired":true,"valueName":"search_term_string"}}],"inLanguage":"de"},{"@type":"Organization","@id":"https:\/\/jagdklub-darmstadt.de\/hp\/#organization","name":"Jagdklub Darmstadt, Verein f\u00fcr J\u00e4ger und Sportsch\u00fctzen e.V.","url":"https:\/\/jagdklub-darmstadt.de\/hp\/","logo":{"@type":"ImageObject","inLanguage":"de","@id":"https:\/\/jagdklub-darmstadt.de\/hp\/#\/schema\/logo\/image\/","url":"https:\/\/jagdklub-darmstadt.de\/hp\/wp-content\/uploads\/2016\/06\/JKD-Logo.png","contentUrl":"https:\/\/jagdklub-darmstadt.de\/hp\/wp-content\/uploads\/2016\/06\/JKD-Logo.png","width":279,"height":361,"caption":"Jagdklub Darmstadt, Verein f\u00fcr J\u00e4ger und Sportsch\u00fctzen e.V."},"image":{"@id":"https:\/\/jagdklub-darmstadt.de\/hp\/#\/schema\/logo\/image\/"}}]}},"_links":{"self":[{"href":"https:\/\/jagdklub-darmstadt.de\/hp\/wp-json\/wp\/v2\/pages\/2536","targetHints":{"allow":["GET"]}}],"collection":[{"href":"https:\/\/jagdklub-darmstadt.de\/hp\/wp-json\/wp\/v2\/pages"}],"about":[{"href":"https:\/\/jagdklub-darmstadt.de\/hp\/wp-json\/wp\/v2\/types\/page"}],"author":[{"embeddable":true,"href":"https:\/\/jagdklub-darmstadt.de\/hp\/wp-json\/wp\/v2\/users\/7"}],"replies":[{"embeddable":true,"href":"https:\/\/jagdklub-darmstadt.de\/hp\/wp-json\/wp\/v2\/comments?post=2536"}],"version-history":[{"count":8,"href":"https:\/\/jagdklub-darmstadt.de\/hp\/wp-json\/wp\/v2\/pages\/2536\/revisions"}],"predecessor-version":[{"id":5703,"href":"https:\/\/jagdklub-darmstadt.de\/hp\/wp-json\/wp\/v2\/pages\/2536\/revisions\/5703"}],"up":[{"embeddable":true,"href":"https:\/\/jagdklub-darmstadt.de\/hp\/wp-json\/wp\/v2\/pages\/1979"}],"wp:attachment":[{"href":"https:\/\/jagdklub-darmstadt.de\/hp\/wp-json\/wp\/v2\/media?parent=2536"}],"curies":[{"name":"wp","href":"https:\/\/api.w.org\/{rel}","templated":true}]}}