{"id":3195,"date":"2019-12-20T00:43:55","date_gmt":"2019-12-19T23:43:55","guid":{"rendered":"https:\/\/jagdklub-darmstadt.de\/hp\/?page_id=3195"},"modified":"2024-03-22T09:58:34","modified_gmt":"2024-03-22T08:58:34","slug":"standaufsichten","status":"publish","type":"page","link":"https:\/\/jagdklub-darmstadt.de\/hp\/abteilungen\/standaufsichten\/","title":{"rendered":"Standaufsichten"},"content":{"rendered":"<p>Um einen m\u00f6glichst reibungslosen Schie\u00dfbetrieb zu gew\u00e4hrleisten, machen eine Menge Vereinsmitglieder Aufsicht auf dem Schie\u00dfstand, im Schichtbetrieb an drei Tagen der Woche. Zu diesen Zeiten ist auch f\u00fcr G\u00e4ste die Nutzung der Schie\u00dfanlagen m\u00f6glich.<\/p>\n<p>Jedes Mitglied im JKD kann seine Arbeitsstunden als Aufsicht leisten, wenn die dazu notwendige Schulung absolviert wurde. Vorteil: Aufsichten k\u00f6nnen sich selbst beaufsichtigen, auch wenn sie den Stand alleine nutzen. Dies ist dann auch an Tagen au\u00dferhalb der regul\u00e4ren Schie\u00dfzeiten m\u00f6glich!<\/p>\n<p>Schulungen zur Schie\u00dfstand-Aufsicht finden bei Bedarf in unregelm\u00e4\u00dfigen Abst\u00e4nden statt und sind Voraussetzung, um Aufsicht f\u00fchren zu d\u00fcrfen dann mit einem Transponder Zugang zum Klubgel\u00e4nde bekommen zu k\u00f6nnen.<\/p>\n<p>Erfassung von Arbeitsstunden erfolgt \u00fcber dieses <a href=\"https:\/\/jagdklub-darmstadt.de\/hp\/erfassungas\/\">&lt;Formular&gt;<\/a><\/p>\n","protected":false},"excerpt":{"rendered":"<p>Um einen m\u00f6glichst reibungslosen Schie\u00dfbetrieb zu gew\u00e4hrleisten, machen eine Menge Vereinsmitglieder Aufsicht auf dem Schie\u00dfstand, im Schichtbetrieb an drei Tagen der Woche. Zu diesen Zeiten ist auch f\u00fcr G\u00e4ste die [&hellip;]<\/p>\n","protected":false},"author":15,"featured_media":0,"parent":1979,"menu_order":1,"comment_status":"closed","ping_status":"closed","template":"","meta":{"_price":"","_stock":"","_tribe_ticket_header":"","_tribe_default_ticket_provider":"","_tribe_ticket_capacity":"0","_ticket_start_date":"","_ticket_end_date":"","_tribe_ticket_show_description":"","_tribe_ticket_show_not_going":false,"_tribe_ticket_use_global_stock":"","_tribe_ticket_global_stock_level":"","_global_stock_mode":"","_global_stock_cap":"","_tribe_rsvp_for_event":"","_tribe_ticket_going_count":"","_tribe_ticket_not_going_count":"","_tribe_tickets_list":"[]","_tribe_ticket_has_attendee_info_fields":false,"footnotes":""},"class_list":["post-3195","page","type-page","status-publish","hentry"],"yoast_head":"<!-- This site is optimized with the Yoast SEO plugin v27.5 - https:\/\/yoast.com\/product\/yoast-seo-wordpress\/ -->\n<title>Standaufsichten - Jagdklub Darmstadt<\/title>\n<meta name=\"robots\" content=\"index, follow, max-snippet:-1, max-image-preview:large, max-video-preview:-1\" \/>\n<link rel=\"canonical\" href=\"https:\/\/jagdklub-darmstadt.de\/hp\/abteilungen\/standaufsichten\/\" \/>\n<meta property=\"og:locale\" content=\"de_DE\" \/>\n<meta property=\"og:type\" content=\"article\" \/>\n<meta property=\"og:title\" content=\"Standaufsichten - Jagdklub Darmstadt\" \/>\n<meta property=\"og:description\" content=\"Um einen m\u00f6glichst reibungslosen Schie\u00dfbetrieb zu gew\u00e4hrleisten, machen eine Menge Vereinsmitglieder Aufsicht auf dem Schie\u00dfstand, im Schichtbetrieb an drei Tagen der Woche. Zu diesen Zeiten ist auch f\u00fcr G\u00e4ste die [&hellip;]\" \/>\n<meta property=\"og:url\" content=\"https:\/\/jagdklub-darmstadt.de\/hp\/abteilungen\/standaufsichten\/\" \/>\n<meta property=\"og:site_name\" content=\"Jagdklub Darmstadt\" \/>\n<meta property=\"article:modified_time\" content=\"2024-03-22T08:58:34+00:00\" \/>\n<meta name=\"twitter:card\" content=\"summary_large_image\" \/>\n<meta name=\"twitter:label1\" content=\"Gesch\u00e4tzte Lesezeit\" \/>\n\t<meta name=\"twitter:data1\" content=\"1\u00a0Minute\" \/>\n<script type=\"application\/ld+json\" class=\"yoast-schema-graph\">{\"@context\":\"https:\\\/\\\/schema.org\",\"@graph\":[{\"@type\":\"WebPage\",\"@id\":\"https:\\\/\\\/jagdklub-darmstadt.de\\\/hp\\\/abteilungen\\\/standaufsichten\\\/\",\"url\":\"https:\\\/\\\/jagdklub-darmstadt.de\\\/hp\\\/abteilungen\\\/standaufsichten\\\/\",\"name\":\"Standaufsichten - Jagdklub Darmstadt\",\"isPartOf\":{\"@id\":\"https:\\\/\\\/jagdklub-darmstadt.de\\\/hp\\\/#website\"},\"datePublished\":\"2019-12-19T23:43:55+00:00\",\"dateModified\":\"2024-03-22T08:58:34+00:00\",\"breadcrumb\":{\"@id\":\"https:\\\/\\\/jagdklub-darmstadt.de\\\/hp\\\/abteilungen\\\/standaufsichten\\\/#breadcrumb\"},\"inLanguage\":\"de\",\"potentialAction\":[{\"@type\":\"ReadAction\",\"target\":[\"https:\\\/\\\/jagdklub-darmstadt.de\\\/hp\\\/abteilungen\\\/standaufsichten\\\/\"]}]},{\"@type\":\"BreadcrumbList\",\"@id\":\"https:\\\/\\\/jagdklub-darmstadt.de\\\/hp\\\/abteilungen\\\/standaufsichten\\\/#breadcrumb\",\"itemListElement\":[{\"@type\":\"ListItem\",\"position\":1,\"name\":\"Startseite\",\"item\":\"https:\\\/\\\/jagdklub-darmstadt.de\\\/hp\\\/\"},{\"@type\":\"ListItem\",\"position\":2,\"name\":\"Abteilungen\",\"item\":\"https:\\\/\\\/jagdklub-darmstadt.de\\\/hp\\\/abteilungen\\\/\"},{\"@type\":\"ListItem\",\"position\":3,\"name\":\"Standaufsichten\"}]},{\"@type\":\"WebSite\",\"@id\":\"https:\\\/\\\/jagdklub-darmstadt.de\\\/hp\\\/#website\",\"url\":\"https:\\\/\\\/jagdklub-darmstadt.de\\\/hp\\\/\",\"name\":\"Jagdklub Darmstadt\",\"description\":\"Die Webseite des Jagdklub Darmstadt, Verein f\u00fcr J\u00e4ger und Sportsch\u00fctzen e.V.\",\"publisher\":{\"@id\":\"https:\\\/\\\/jagdklub-darmstadt.de\\\/hp\\\/#organization\"},\"potentialAction\":[{\"@type\":\"SearchAction\",\"target\":{\"@type\":\"EntryPoint\",\"urlTemplate\":\"https:\\\/\\\/jagdklub-darmstadt.de\\\/hp\\\/?s={search_term_string}\"},\"query-input\":{\"@type\":\"PropertyValueSpecification\",\"valueRequired\":true,\"valueName\":\"search_term_string\"}}],\"inLanguage\":\"de\"},{\"@type\":\"Organization\",\"@id\":\"https:\\\/\\\/jagdklub-darmstadt.de\\\/hp\\\/#organization\",\"name\":\"Jagdklub Darmstadt, Verein f\u00fcr J\u00e4ger und Sportsch\u00fctzen e.V.\",\"url\":\"https:\\\/\\\/jagdklub-darmstadt.de\\\/hp\\\/\",\"logo\":{\"@type\":\"ImageObject\",\"inLanguage\":\"de\",\"@id\":\"https:\\\/\\\/jagdklub-darmstadt.de\\\/hp\\\/#\\\/schema\\\/logo\\\/image\\\/\",\"url\":\"https:\\\/\\\/jagdklub-darmstadt.de\\\/hp\\\/wp-content\\\/uploads\\\/2016\\\/06\\\/JKD-Logo.png\",\"contentUrl\":\"https:\\\/\\\/jagdklub-darmstadt.de\\\/hp\\\/wp-content\\\/uploads\\\/2016\\\/06\\\/JKD-Logo.png\",\"width\":279,\"height\":361,\"caption\":\"Jagdklub Darmstadt, Verein f\u00fcr J\u00e4ger und Sportsch\u00fctzen e.V.\"},\"image\":{\"@id\":\"https:\\\/\\\/jagdklub-darmstadt.de\\\/hp\\\/#\\\/schema\\\/logo\\\/image\\\/\"}}]}<\/script>\n<!-- \/ Yoast SEO plugin. -->","yoast_head_json":{"title":"Standaufsichten - Jagdklub Darmstadt","robots":{"index":"index","follow":"follow","max-snippet":"max-snippet:-1","max-image-preview":"max-image-preview:large","max-video-preview":"max-video-preview:-1"},"canonical":"https:\/\/jagdklub-darmstadt.de\/hp\/abteilungen\/standaufsichten\/","og_locale":"de_DE","og_type":"article","og_title":"Standaufsichten - Jagdklub Darmstadt","og_description":"Um einen m\u00f6glichst reibungslosen Schie\u00dfbetrieb zu gew\u00e4hrleisten, machen eine Menge Vereinsmitglieder Aufsicht auf dem Schie\u00dfstand, im Schichtbetrieb an drei Tagen der Woche. Zu diesen Zeiten ist auch f\u00fcr G\u00e4ste die [&hellip;]","og_url":"https:\/\/jagdklub-darmstadt.de\/hp\/abteilungen\/standaufsichten\/","og_site_name":"Jagdklub Darmstadt","article_modified_time":"2024-03-22T08:58:34+00:00","twitter_card":"summary_large_image","twitter_misc":{"Gesch\u00e4tzte Lesezeit":"1\u00a0Minute"},"schema":{"@context":"https:\/\/schema.org","@graph":[{"@type":"WebPage","@id":"https:\/\/jagdklub-darmstadt.de\/hp\/abteilungen\/standaufsichten\/","url":"https:\/\/jagdklub-darmstadt.de\/hp\/abteilungen\/standaufsichten\/","name":"Standaufsichten - Jagdklub Darmstadt","isPartOf":{"@id":"https:\/\/jagdklub-darmstadt.de\/hp\/#website"},"datePublished":"2019-12-19T23:43:55+00:00","dateModified":"2024-03-22T08:58:34+00:00","breadcrumb":{"@id":"https:\/\/jagdklub-darmstadt.de\/hp\/abteilungen\/standaufsichten\/#breadcrumb"},"inLanguage":"de","potentialAction":[{"@type":"ReadAction","target":["https:\/\/jagdklub-darmstadt.de\/hp\/abteilungen\/standaufsichten\/"]}]},{"@type":"BreadcrumbList","@id":"https:\/\/jagdklub-darmstadt.de\/hp\/abteilungen\/standaufsichten\/#breadcrumb","itemListElement":[{"@type":"ListItem","position":1,"name":"Startseite","item":"https:\/\/jagdklub-darmstadt.de\/hp\/"},{"@type":"ListItem","position":2,"name":"Abteilungen","item":"https:\/\/jagdklub-darmstadt.de\/hp\/abteilungen\/"},{"@type":"ListItem","position":3,"name":"Standaufsichten"}]},{"@type":"WebSite","@id":"https:\/\/jagdklub-darmstadt.de\/hp\/#website","url":"https:\/\/jagdklub-darmstadt.de\/hp\/","name":"Jagdklub Darmstadt","description":"Die Webseite des Jagdklub Darmstadt, Verein f\u00fcr J\u00e4ger und Sportsch\u00fctzen e.V.","publisher":{"@id":"https:\/\/jagdklub-darmstadt.de\/hp\/#organization"},"potentialAction":[{"@type":"SearchAction","target":{"@type":"EntryPoint","urlTemplate":"https:\/\/jagdklub-darmstadt.de\/hp\/?s={search_term_string}"},"query-input":{"@type":"PropertyValueSpecification","valueRequired":true,"valueName":"search_term_string"}}],"inLanguage":"de"},{"@type":"Organization","@id":"https:\/\/jagdklub-darmstadt.de\/hp\/#organization","name":"Jagdklub Darmstadt, Verein f\u00fcr J\u00e4ger und Sportsch\u00fctzen e.V.","url":"https:\/\/jagdklub-darmstadt.de\/hp\/","logo":{"@type":"ImageObject","inLanguage":"de","@id":"https:\/\/jagdklub-darmstadt.de\/hp\/#\/schema\/logo\/image\/","url":"https:\/\/jagdklub-darmstadt.de\/hp\/wp-content\/uploads\/2016\/06\/JKD-Logo.png","contentUrl":"https:\/\/jagdklub-darmstadt.de\/hp\/wp-content\/uploads\/2016\/06\/JKD-Logo.png","width":279,"height":361,"caption":"Jagdklub Darmstadt, Verein f\u00fcr J\u00e4ger und Sportsch\u00fctzen e.V."},"image":{"@id":"https:\/\/jagdklub-darmstadt.de\/hp\/#\/schema\/logo\/image\/"}}]}},"_links":{"self":[{"href":"https:\/\/jagdklub-darmstadt.de\/hp\/wp-json\/wp\/v2\/pages\/3195","targetHints":{"allow":["GET"]}}],"collection":[{"href":"https:\/\/jagdklub-darmstadt.de\/hp\/wp-json\/wp\/v2\/pages"}],"about":[{"href":"https:\/\/jagdklub-darmstadt.de\/hp\/wp-json\/wp\/v2\/types\/page"}],"author":[{"embeddable":true,"href":"https:\/\/jagdklub-darmstadt.de\/hp\/wp-json\/wp\/v2\/users\/15"}],"replies":[{"embeddable":true,"href":"https:\/\/jagdklub-darmstadt.de\/hp\/wp-json\/wp\/v2\/comments?post=3195"}],"version-history":[{"count":16,"href":"https:\/\/jagdklub-darmstadt.de\/hp\/wp-json\/wp\/v2\/pages\/3195\/revisions"}],"predecessor-version":[{"id":5744,"href":"https:\/\/jagdklub-darmstadt.de\/hp\/wp-json\/wp\/v2\/pages\/3195\/revisions\/5744"}],"up":[{"embeddable":true,"href":"https:\/\/jagdklub-darmstadt.de\/hp\/wp-json\/wp\/v2\/pages\/1979"}],"wp:attachment":[{"href":"https:\/\/jagdklub-darmstadt.de\/hp\/wp-json\/wp\/v2\/media?parent=3195"}],"curies":[{"name":"wp","href":"https:\/\/api.w.org\/{rel}","templated":true}]}}