{"id":3262,"date":"2020-04-06T22:10:45","date_gmt":"2020-04-06T20:10:45","guid":{"rendered":"https:\/\/jagdklub-darmstadt.de\/hp\/?page_id=3262"},"modified":"2025-05-22T21:42:38","modified_gmt":"2025-05-22T19:42:38","slug":"reservierung_stand","status":"publish","type":"page","link":"https:\/\/jagdklub-darmstadt.de\/hp\/reservierung_stand\/","title":{"rendered":"Reservierung des Schie\u00dfstandes"},"content":{"rendered":"<p><span style=\"color: #000000;\">Die derzeitigen Regelungen zur Benutzung der Schie\u00df- und Sportst\u00e4tte des JKD finden Sie <a style=\"color: #000000;\" href=\"https:\/\/jagdklub-darmstadt.de\/hp\/2021\/08\/23\/corona_regeln\/\">hier<\/a>!<\/span><\/p>\n<p><span style=\"color: #ff0000;\">Ab sofort ist <span style=\"text-decoration: underline;\">vor Ort<\/span> nur noch <span style=\"text-decoration: underline;\">Kartenzahlung<\/span> m\u00f6glich!<\/span><span style=\"color: #ff0000;\"><br \/>\nDas Einschie\u00dfen von Waffen gestatten wir nur noch auf Stand 2 (neuer laufender Keiler). <\/span><\/p>\n<p><span style=\"color: #ff0000;\">Die Nutzung des lfd. Keilers mit elektronischer Trefferpunktanzeige kann nur nach erfolgter Einweisung oder in Verbindung mit einer eingewiesenen Aufsicht erfolgen!<\/span><\/p>\n<hr \/>\n<div class=\"table-responsive\">\n<table id=\"tablepress-11\" class=\"tablepress tablepress-id-11\">\n<thead>\n<tr class=\"row-1\">\n\t<th class=\"column-1\"><b>Folgende St\u00e4nde k\u00f6nnen derzeit gebucht werden:<\/b><\/th>\n<\/tr>\n<\/thead>\n<tbody class=\"row-striping row-hover\">\n<tr class=\"row-2\">\n\t<td class=\"column-1\"><a href=\"https:\/\/jagdklub-darmstadt.de\/hp\/buchung-4x100-meter-stand\/\">Buchung des 4 x 100 Meter Standes (beleuchtet)<\/a><\/td>\n<\/tr>\n<tr class=\"row-3\">\n\t<td class=\"column-1\"><a href=\" https:\/\/jagdklub-darmstadt.de\/hp\/buchung-2x100-meter-stand\/\">Buchung des 2 x 100 Meter Standes (beleuchtet) - nur f\u00fcr Mitglieder!<\/a><\/td>\n<\/tr>\n<tr class=\"row-4\">\n\t<td class=\"column-1\"><a href=\"https:\/\/jagdklub-darmstadt.de\/hp\/buchung-des-kombistandes\/\">Buchung des Kombistandes - laufender Keiler oder Kipphase (beleuchtet)<\/a><\/td>\n<\/tr>\n<tr class=\"row-5\">\n\t<td class=\"column-1\"><a href=\"https:\/\/jagdklub-darmstadt.de\/hp\/buchung-des-alten-laufenden-keilers\/\">Buchung des neuen laufenden Keilers mit elektronischer Trefferpunktanzeige<\/a><\/td>\n<\/tr>\n<tr class=\"row-6\">\n\t<td class=\"column-1\"><a href=\"https:\/\/jagdklub-darmstadt.de\/hp\/buchung-des-kurzwaffenstandes\/\">Buchung des Kurzwaffenstandes (beleuchtet)<\/a><\/td>\n<\/tr>\n<\/tbody>\n<\/table>\n<\/div><!-- #tablepress-11 from cache -->\n","protected":false},"excerpt":{"rendered":"<p>Die derzeitigen Regelungen zur Benutzung der Schie\u00df- und Sportst\u00e4tte des JKD finden Sie hier! Ab sofort ist vor Ort nur noch Kartenzahlung m\u00f6glich! Das Einschie\u00dfen von Waffen gestatten wir nur [&hellip;]<\/p>\n","protected":false},"author":7,"featured_media":0,"parent":0,"menu_order":0,"comment_status":"closed","ping_status":"closed","template":"","meta":{"_price":"","_stock":"","_tribe_ticket_header":"","_tribe_default_ticket_provider":"","_tribe_ticket_capacity":"0","_ticket_start_date":"","_ticket_end_date":"","_tribe_ticket_show_description":"","_tribe_ticket_show_not_going":false,"_tribe_ticket_use_global_stock":"","_tribe_ticket_global_stock_level":"","_global_stock_mode":"","_global_stock_cap":"","_tribe_rsvp_for_event":"","_tribe_ticket_going_count":"","_tribe_ticket_not_going_count":"","_tribe_tickets_list":"[]","_tribe_ticket_has_attendee_info_fields":false,"footnotes":""},"class_list":["post-3262","page","type-page","status-publish","hentry"],"yoast_head":"<!-- This site is optimized with the Yoast SEO plugin v27.4 - https:\/\/yoast.com\/product\/yoast-seo-wordpress\/ -->\n<title>Reservierung des Schie\u00dfstandes - Jagdklub Darmstadt<\/title>\n<meta name=\"robots\" content=\"index, follow, max-snippet:-1, max-image-preview:large, max-video-preview:-1\" \/>\n<link rel=\"canonical\" href=\"https:\/\/jagdklub-darmstadt.de\/hp\/reservierung_stand\/\" \/>\n<meta property=\"og:locale\" content=\"de_DE\" \/>\n<meta property=\"og:type\" content=\"article\" \/>\n<meta property=\"og:title\" content=\"Reservierung des Schie\u00dfstandes - Jagdklub Darmstadt\" \/>\n<meta property=\"og:description\" content=\"Die derzeitigen Regelungen zur Benutzung der Schie\u00df- und Sportst\u00e4tte des JKD finden Sie hier! Ab sofort ist vor Ort nur noch Kartenzahlung m\u00f6glich! Das Einschie\u00dfen von Waffen gestatten wir nur [&hellip;]\" \/>\n<meta property=\"og:url\" content=\"https:\/\/jagdklub-darmstadt.de\/hp\/reservierung_stand\/\" \/>\n<meta property=\"og:site_name\" content=\"Jagdklub Darmstadt\" \/>\n<meta property=\"article:modified_time\" content=\"2025-05-22T19:42:38+00:00\" \/>\n<meta name=\"twitter:card\" content=\"summary_large_image\" \/>\n<meta name=\"twitter:label1\" content=\"Gesch\u00e4tzte Lesezeit\" \/>\n\t<meta name=\"twitter:data1\" content=\"1\u00a0Minute\" \/>\n<script type=\"application\/ld+json\" class=\"yoast-schema-graph\">{\"@context\":\"https:\\\/\\\/schema.org\",\"@graph\":[{\"@type\":\"WebPage\",\"@id\":\"https:\\\/\\\/jagdklub-darmstadt.de\\\/hp\\\/reservierung_stand\\\/\",\"url\":\"https:\\\/\\\/jagdklub-darmstadt.de\\\/hp\\\/reservierung_stand\\\/\",\"name\":\"Reservierung des Schie\u00dfstandes - Jagdklub Darmstadt\",\"isPartOf\":{\"@id\":\"https:\\\/\\\/jagdklub-darmstadt.de\\\/hp\\\/#website\"},\"datePublished\":\"2020-04-06T20:10:45+00:00\",\"dateModified\":\"2025-05-22T19:42:38+00:00\",\"breadcrumb\":{\"@id\":\"https:\\\/\\\/jagdklub-darmstadt.de\\\/hp\\\/reservierung_stand\\\/#breadcrumb\"},\"inLanguage\":\"de\",\"potentialAction\":[{\"@type\":\"ReadAction\",\"target\":[\"https:\\\/\\\/jagdklub-darmstadt.de\\\/hp\\\/reservierung_stand\\\/\"]}]},{\"@type\":\"BreadcrumbList\",\"@id\":\"https:\\\/\\\/jagdklub-darmstadt.de\\\/hp\\\/reservierung_stand\\\/#breadcrumb\",\"itemListElement\":[{\"@type\":\"ListItem\",\"position\":1,\"name\":\"Startseite\",\"item\":\"https:\\\/\\\/jagdklub-darmstadt.de\\\/hp\\\/\"},{\"@type\":\"ListItem\",\"position\":2,\"name\":\"Reservierung des Schie\u00dfstandes\"}]},{\"@type\":\"WebSite\",\"@id\":\"https:\\\/\\\/jagdklub-darmstadt.de\\\/hp\\\/#website\",\"url\":\"https:\\\/\\\/jagdklub-darmstadt.de\\\/hp\\\/\",\"name\":\"Jagdklub Darmstadt\",\"description\":\"Die Webseite des Jagdklub Darmstadt, Verein f\u00fcr J\u00e4ger und Sportsch\u00fctzen e.V.\",\"publisher\":{\"@id\":\"https:\\\/\\\/jagdklub-darmstadt.de\\\/hp\\\/#organization\"},\"potentialAction\":[{\"@type\":\"SearchAction\",\"target\":{\"@type\":\"EntryPoint\",\"urlTemplate\":\"https:\\\/\\\/jagdklub-darmstadt.de\\\/hp\\\/?s={search_term_string}\"},\"query-input\":{\"@type\":\"PropertyValueSpecification\",\"valueRequired\":true,\"valueName\":\"search_term_string\"}}],\"inLanguage\":\"de\"},{\"@type\":\"Organization\",\"@id\":\"https:\\\/\\\/jagdklub-darmstadt.de\\\/hp\\\/#organization\",\"name\":\"Jagdklub Darmstadt, Verein f\u00fcr J\u00e4ger und Sportsch\u00fctzen e.V.\",\"url\":\"https:\\\/\\\/jagdklub-darmstadt.de\\\/hp\\\/\",\"logo\":{\"@type\":\"ImageObject\",\"inLanguage\":\"de\",\"@id\":\"https:\\\/\\\/jagdklub-darmstadt.de\\\/hp\\\/#\\\/schema\\\/logo\\\/image\\\/\",\"url\":\"https:\\\/\\\/jagdklub-darmstadt.de\\\/hp\\\/wp-content\\\/uploads\\\/2016\\\/06\\\/JKD-Logo.png\",\"contentUrl\":\"https:\\\/\\\/jagdklub-darmstadt.de\\\/hp\\\/wp-content\\\/uploads\\\/2016\\\/06\\\/JKD-Logo.png\",\"width\":279,\"height\":361,\"caption\":\"Jagdklub Darmstadt, Verein f\u00fcr J\u00e4ger und Sportsch\u00fctzen e.V.\"},\"image\":{\"@id\":\"https:\\\/\\\/jagdklub-darmstadt.de\\\/hp\\\/#\\\/schema\\\/logo\\\/image\\\/\"}}]}<\/script>\n<!-- \/ Yoast SEO plugin. -->","yoast_head_json":{"title":"Reservierung des Schie\u00dfstandes - Jagdklub Darmstadt","robots":{"index":"index","follow":"follow","max-snippet":"max-snippet:-1","max-image-preview":"max-image-preview:large","max-video-preview":"max-video-preview:-1"},"canonical":"https:\/\/jagdklub-darmstadt.de\/hp\/reservierung_stand\/","og_locale":"de_DE","og_type":"article","og_title":"Reservierung des Schie\u00dfstandes - Jagdklub Darmstadt","og_description":"Die derzeitigen Regelungen zur Benutzung der Schie\u00df- und Sportst\u00e4tte des JKD finden Sie hier! Ab sofort ist vor Ort nur noch Kartenzahlung m\u00f6glich! Das Einschie\u00dfen von Waffen gestatten wir nur [&hellip;]","og_url":"https:\/\/jagdklub-darmstadt.de\/hp\/reservierung_stand\/","og_site_name":"Jagdklub Darmstadt","article_modified_time":"2025-05-22T19:42:38+00:00","twitter_card":"summary_large_image","twitter_misc":{"Gesch\u00e4tzte Lesezeit":"1\u00a0Minute"},"schema":{"@context":"https:\/\/schema.org","@graph":[{"@type":"WebPage","@id":"https:\/\/jagdklub-darmstadt.de\/hp\/reservierung_stand\/","url":"https:\/\/jagdklub-darmstadt.de\/hp\/reservierung_stand\/","name":"Reservierung des Schie\u00dfstandes - Jagdklub Darmstadt","isPartOf":{"@id":"https:\/\/jagdklub-darmstadt.de\/hp\/#website"},"datePublished":"2020-04-06T20:10:45+00:00","dateModified":"2025-05-22T19:42:38+00:00","breadcrumb":{"@id":"https:\/\/jagdklub-darmstadt.de\/hp\/reservierung_stand\/#breadcrumb"},"inLanguage":"de","potentialAction":[{"@type":"ReadAction","target":["https:\/\/jagdklub-darmstadt.de\/hp\/reservierung_stand\/"]}]},{"@type":"BreadcrumbList","@id":"https:\/\/jagdklub-darmstadt.de\/hp\/reservierung_stand\/#breadcrumb","itemListElement":[{"@type":"ListItem","position":1,"name":"Startseite","item":"https:\/\/jagdklub-darmstadt.de\/hp\/"},{"@type":"ListItem","position":2,"name":"Reservierung des Schie\u00dfstandes"}]},{"@type":"WebSite","@id":"https:\/\/jagdklub-darmstadt.de\/hp\/#website","url":"https:\/\/jagdklub-darmstadt.de\/hp\/","name":"Jagdklub Darmstadt","description":"Die Webseite des Jagdklub Darmstadt, Verein f\u00fcr J\u00e4ger und Sportsch\u00fctzen e.V.","publisher":{"@id":"https:\/\/jagdklub-darmstadt.de\/hp\/#organization"},"potentialAction":[{"@type":"SearchAction","target":{"@type":"EntryPoint","urlTemplate":"https:\/\/jagdklub-darmstadt.de\/hp\/?s={search_term_string}"},"query-input":{"@type":"PropertyValueSpecification","valueRequired":true,"valueName":"search_term_string"}}],"inLanguage":"de"},{"@type":"Organization","@id":"https:\/\/jagdklub-darmstadt.de\/hp\/#organization","name":"Jagdklub Darmstadt, Verein f\u00fcr J\u00e4ger und Sportsch\u00fctzen e.V.","url":"https:\/\/jagdklub-darmstadt.de\/hp\/","logo":{"@type":"ImageObject","inLanguage":"de","@id":"https:\/\/jagdklub-darmstadt.de\/hp\/#\/schema\/logo\/image\/","url":"https:\/\/jagdklub-darmstadt.de\/hp\/wp-content\/uploads\/2016\/06\/JKD-Logo.png","contentUrl":"https:\/\/jagdklub-darmstadt.de\/hp\/wp-content\/uploads\/2016\/06\/JKD-Logo.png","width":279,"height":361,"caption":"Jagdklub Darmstadt, Verein f\u00fcr J\u00e4ger und Sportsch\u00fctzen e.V."},"image":{"@id":"https:\/\/jagdklub-darmstadt.de\/hp\/#\/schema\/logo\/image\/"}}]}},"_links":{"self":[{"href":"https:\/\/jagdklub-darmstadt.de\/hp\/wp-json\/wp\/v2\/pages\/3262","targetHints":{"allow":["GET"]}}],"collection":[{"href":"https:\/\/jagdklub-darmstadt.de\/hp\/wp-json\/wp\/v2\/pages"}],"about":[{"href":"https:\/\/jagdklub-darmstadt.de\/hp\/wp-json\/wp\/v2\/types\/page"}],"author":[{"embeddable":true,"href":"https:\/\/jagdklub-darmstadt.de\/hp\/wp-json\/wp\/v2\/users\/7"}],"replies":[{"embeddable":true,"href":"https:\/\/jagdklub-darmstadt.de\/hp\/wp-json\/wp\/v2\/comments?post=3262"}],"version-history":[{"count":35,"href":"https:\/\/jagdklub-darmstadt.de\/hp\/wp-json\/wp\/v2\/pages\/3262\/revisions"}],"predecessor-version":[{"id":6289,"href":"https:\/\/jagdklub-darmstadt.de\/hp\/wp-json\/wp\/v2\/pages\/3262\/revisions\/6289"}],"wp:attachment":[{"href":"https:\/\/jagdklub-darmstadt.de\/hp\/wp-json\/wp\/v2\/media?parent=3262"}],"curies":[{"name":"wp","href":"https:\/\/api.w.org\/{rel}","templated":true}]}}