{"id":36,"date":"2016-04-13T15:02:52","date_gmt":"2016-04-13T13:02:52","guid":{"rendered":"http:\/\/jagdklub.localhost:8080\/?page_id=36"},"modified":"2026-03-21T13:10:01","modified_gmt":"2026-03-21T12:10:01","slug":"satzung-und-gos","status":"publish","type":"page","link":"https:\/\/jagdklub-darmstadt.de\/hp\/vereinsregularien\/satzung-und-gos\/","title":{"rendered":"Satzung und GOs"},"content":{"rendered":"<p>&nbsp;<\/p>\n<h3>Satzung \/ Ordnungen des Jagdklub Darmstadt, Verein f\u00fcr J\u00e4ger und- Sportsch\u00fctzen e.V.<\/h3>\n<p>&nbsp;<\/p>\n<div align=\"left\">\n<p>Folgend stehen Ihnen die aktuelle Satzung und g\u00fcltige Gesch\u00e4ftsordnungen zum Download zur Verf\u00fcgung:<\/p>\n<p><a href=\"https:\/\/jagdklub-darmstadt.de\/hp\/satzung2022\/\" target=\"_blank\" rel=\"noopener noreferrer\">Satzung des Jagdklub Darmstadt, Verein f\u00fcr J\u00e4ger und Sportsch\u00fctzen e.V. (beschlossen MGV 2022)<\/a><\/p>\n<p><a href=\"https:\/\/jagdklub-darmstadt.de\/hp\/wp-content\/uploads\/2026\/02\/GO_Vorstand_2026-4.pdf\" target=\"_blank\" rel=\"noopener noreferrer\">Gesch\u00e4ftsordnung des Vorstandes<\/a> (2026)<\/p>\n<p><a href=\"https:\/\/jagdklub-darmstadt.de\/hp\/wp-content\/uploads\/2026\/02\/Beitrags_und_Gebuehrenordnung.pdf\" target=\"_blank\" rel=\"noopener noreferrer\">Beitragsordnung des Jagdklub Darmstadt, Verein f\u00fcr J\u00e4ger und Sportsch\u00fctzen e.V.<\/a> (2022)<\/p>\n<p><a href=\"https:\/\/jagdklub-darmstadt.de\/hp\/ehrenordnung_2022\/\" target=\"_blank\" rel=\"noopener noreferrer\">Ordnung f\u00fcr Ehrungen des Jagdklub Darmstadt, Verein f\u00fcr J\u00e4ger und Sportsch\u00fctzen e.V.<\/a> (2022)<\/p>\n<p><a href=\"https:\/\/jagdklub-darmstadt.de\/hp\/wp-content\/uploads\/2022\/03\/GO_Blaeser_neu_v2.2.pdf\" target=\"_blank\" rel=\"noopener noreferrer\">Gesch\u00e4ftsordnung der Bl\u00e4serabteilungen<\/a> (2022)<\/p>\n<p><a href=\"https:\/\/jagdklub-darmstadt.de\/hp\/wp-content\/uploads\/2026\/03\/GO_Schiessbetrieb_v4.1.pdf\" target=\"_blank\" rel=\"noopener noreferrer\">Gesch\u00e4ftsordnung Schie\u00dfbetrieb und Schie\u00dfstand<\/a> (2026)<\/p>\n<p><a href=\"https:\/\/jagdklub-darmstadt.de\/hp\/wp-content\/uploads\/2026\/03\/GO_Hunde_Vers_2026.pdf\" target=\"_blank\" rel=\"noopener\">Gesch\u00e4ftsordnung der Hundeabteilung<\/a> (2026)<\/p>\n<p><a href=\"https:\/\/jagdklub-darmstadt.de\/hp\/wp-content\/uploads\/2026\/03\/GO_SportschuetzenAbteilung.pdf\" target=\"_blank\" rel=\"noopener\">Gesch\u00e4ftsordnung der Sportsch\u00fctzenabteilung<\/a> (2026)<\/p>\n<p>&nbsp;<\/p>\n<\/div>\n","protected":false},"excerpt":{"rendered":"<p>&nbsp; Satzung \/ Ordnungen des Jagdklub Darmstadt, Verein f\u00fcr J\u00e4ger und- Sportsch\u00fctzen e.V. &nbsp; Folgend stehen Ihnen die aktuelle Satzung und g\u00fcltige Gesch\u00e4ftsordnungen zum Download zur Verf\u00fcgung: Satzung des Jagdklub [&hellip;]<\/p>\n","protected":false},"author":7,"featured_media":0,"parent":34,"menu_order":5,"comment_status":"closed","ping_status":"closed","template":"","meta":{"_price":"","_stock":"","_tribe_ticket_header":"","_tribe_default_ticket_provider":"","_tribe_ticket_capacity":"0","_ticket_start_date":"","_ticket_end_date":"","_tribe_ticket_show_description":"","_tribe_ticket_show_not_going":false,"_tribe_ticket_use_global_stock":"","_tribe_ticket_global_stock_level":"","_global_stock_mode":"","_global_stock_cap":"","_tribe_rsvp_for_event":"","_tribe_ticket_going_count":"","_tribe_ticket_not_going_count":"","_tribe_tickets_list":"[]","_tribe_ticket_has_attendee_info_fields":false,"footnotes":""},"class_list":["post-36","page","type-page","status-publish","hentry"],"yoast_head":"<!-- This site is optimized with the Yoast SEO plugin v27.3 - https:\/\/yoast.com\/product\/yoast-seo-wordpress\/ -->\n<title>Satzung und GOs - Jagdklub Darmstadt<\/title>\n<meta name=\"robots\" content=\"index, follow, max-snippet:-1, max-image-preview:large, max-video-preview:-1\" \/>\n<link rel=\"canonical\" href=\"https:\/\/jagdklub-darmstadt.de\/hp\/vereinsregularien\/satzung-und-gos\/\" \/>\n<meta property=\"og:locale\" content=\"de_DE\" \/>\n<meta property=\"og:type\" content=\"article\" \/>\n<meta property=\"og:title\" content=\"Satzung und GOs - Jagdklub Darmstadt\" \/>\n<meta property=\"og:description\" content=\"&nbsp; Satzung \/ Ordnungen des Jagdklub Darmstadt, Verein f\u00fcr J\u00e4ger und- Sportsch\u00fctzen e.V. &nbsp; Folgend stehen Ihnen die aktuelle Satzung und g\u00fcltige Gesch\u00e4ftsordnungen zum Download zur Verf\u00fcgung: Satzung des Jagdklub [&hellip;]\" \/>\n<meta property=\"og:url\" content=\"https:\/\/jagdklub-darmstadt.de\/hp\/vereinsregularien\/satzung-und-gos\/\" \/>\n<meta property=\"og:site_name\" content=\"Jagdklub Darmstadt\" \/>\n<meta property=\"article:modified_time\" content=\"2026-03-21T12:10:01+00:00\" \/>\n<meta name=\"twitter:card\" content=\"summary_large_image\" \/>\n<meta name=\"twitter:label1\" content=\"Gesch\u00e4tzte Lesezeit\" \/>\n\t<meta name=\"twitter:data1\" content=\"1\u00a0Minute\" \/>\n<script type=\"application\/ld+json\" class=\"yoast-schema-graph\">{\"@context\":\"https:\\\/\\\/schema.org\",\"@graph\":[{\"@type\":\"WebPage\",\"@id\":\"https:\\\/\\\/jagdklub-darmstadt.de\\\/hp\\\/vereinsregularien\\\/satzung-und-gos\\\/\",\"url\":\"https:\\\/\\\/jagdklub-darmstadt.de\\\/hp\\\/vereinsregularien\\\/satzung-und-gos\\\/\",\"name\":\"Satzung und GOs - Jagdklub Darmstadt\",\"isPartOf\":{\"@id\":\"https:\\\/\\\/jagdklub-darmstadt.de\\\/hp\\\/#website\"},\"datePublished\":\"2016-04-13T13:02:52+00:00\",\"dateModified\":\"2026-03-21T12:10:01+00:00\",\"breadcrumb\":{\"@id\":\"https:\\\/\\\/jagdklub-darmstadt.de\\\/hp\\\/vereinsregularien\\\/satzung-und-gos\\\/#breadcrumb\"},\"inLanguage\":\"de\",\"potentialAction\":[{\"@type\":\"ReadAction\",\"target\":[\"https:\\\/\\\/jagdklub-darmstadt.de\\\/hp\\\/vereinsregularien\\\/satzung-und-gos\\\/\"]}]},{\"@type\":\"BreadcrumbList\",\"@id\":\"https:\\\/\\\/jagdklub-darmstadt.de\\\/hp\\\/vereinsregularien\\\/satzung-und-gos\\\/#breadcrumb\",\"itemListElement\":[{\"@type\":\"ListItem\",\"position\":1,\"name\":\"Startseite\",\"item\":\"https:\\\/\\\/jagdklub-darmstadt.de\\\/hp\\\/\"},{\"@type\":\"ListItem\",\"position\":2,\"name\":\"Vereinsregularien\",\"item\":\"https:\\\/\\\/jagdklub-darmstadt.de\\\/hp\\\/vereinsregularien\\\/\"},{\"@type\":\"ListItem\",\"position\":3,\"name\":\"Satzung und GOs\"}]},{\"@type\":\"WebSite\",\"@id\":\"https:\\\/\\\/jagdklub-darmstadt.de\\\/hp\\\/#website\",\"url\":\"https:\\\/\\\/jagdklub-darmstadt.de\\\/hp\\\/\",\"name\":\"Jagdklub Darmstadt\",\"description\":\"Die Webseite des Jagdklub Darmstadt, Verein f\u00fcr J\u00e4ger und Sportsch\u00fctzen e.V.\",\"publisher\":{\"@id\":\"https:\\\/\\\/jagdklub-darmstadt.de\\\/hp\\\/#organization\"},\"potentialAction\":[{\"@type\":\"SearchAction\",\"target\":{\"@type\":\"EntryPoint\",\"urlTemplate\":\"https:\\\/\\\/jagdklub-darmstadt.de\\\/hp\\\/?s={search_term_string}\"},\"query-input\":{\"@type\":\"PropertyValueSpecification\",\"valueRequired\":true,\"valueName\":\"search_term_string\"}}],\"inLanguage\":\"de\"},{\"@type\":\"Organization\",\"@id\":\"https:\\\/\\\/jagdklub-darmstadt.de\\\/hp\\\/#organization\",\"name\":\"Jagdklub Darmstadt, Verein f\u00fcr J\u00e4ger und Sportsch\u00fctzen e.V.\",\"url\":\"https:\\\/\\\/jagdklub-darmstadt.de\\\/hp\\\/\",\"logo\":{\"@type\":\"ImageObject\",\"inLanguage\":\"de\",\"@id\":\"https:\\\/\\\/jagdklub-darmstadt.de\\\/hp\\\/#\\\/schema\\\/logo\\\/image\\\/\",\"url\":\"https:\\\/\\\/jagdklub-darmstadt.de\\\/hp\\\/wp-content\\\/uploads\\\/2016\\\/06\\\/JKD-Logo.png\",\"contentUrl\":\"https:\\\/\\\/jagdklub-darmstadt.de\\\/hp\\\/wp-content\\\/uploads\\\/2016\\\/06\\\/JKD-Logo.png\",\"width\":279,\"height\":361,\"caption\":\"Jagdklub Darmstadt, Verein f\u00fcr J\u00e4ger und Sportsch\u00fctzen e.V.\"},\"image\":{\"@id\":\"https:\\\/\\\/jagdklub-darmstadt.de\\\/hp\\\/#\\\/schema\\\/logo\\\/image\\\/\"}}]}<\/script>\n<!-- \/ Yoast SEO plugin. -->","yoast_head_json":{"title":"Satzung und GOs - Jagdklub Darmstadt","robots":{"index":"index","follow":"follow","max-snippet":"max-snippet:-1","max-image-preview":"max-image-preview:large","max-video-preview":"max-video-preview:-1"},"canonical":"https:\/\/jagdklub-darmstadt.de\/hp\/vereinsregularien\/satzung-und-gos\/","og_locale":"de_DE","og_type":"article","og_title":"Satzung und GOs - Jagdklub Darmstadt","og_description":"&nbsp; Satzung \/ Ordnungen des Jagdklub Darmstadt, Verein f\u00fcr J\u00e4ger und- Sportsch\u00fctzen e.V. &nbsp; Folgend stehen Ihnen die aktuelle Satzung und g\u00fcltige Gesch\u00e4ftsordnungen zum Download zur Verf\u00fcgung: Satzung des Jagdklub [&hellip;]","og_url":"https:\/\/jagdklub-darmstadt.de\/hp\/vereinsregularien\/satzung-und-gos\/","og_site_name":"Jagdklub Darmstadt","article_modified_time":"2026-03-21T12:10:01+00:00","twitter_card":"summary_large_image","twitter_misc":{"Gesch\u00e4tzte Lesezeit":"1\u00a0Minute"},"schema":{"@context":"https:\/\/schema.org","@graph":[{"@type":"WebPage","@id":"https:\/\/jagdklub-darmstadt.de\/hp\/vereinsregularien\/satzung-und-gos\/","url":"https:\/\/jagdklub-darmstadt.de\/hp\/vereinsregularien\/satzung-und-gos\/","name":"Satzung und GOs - Jagdklub Darmstadt","isPartOf":{"@id":"https:\/\/jagdklub-darmstadt.de\/hp\/#website"},"datePublished":"2016-04-13T13:02:52+00:00","dateModified":"2026-03-21T12:10:01+00:00","breadcrumb":{"@id":"https:\/\/jagdklub-darmstadt.de\/hp\/vereinsregularien\/satzung-und-gos\/#breadcrumb"},"inLanguage":"de","potentialAction":[{"@type":"ReadAction","target":["https:\/\/jagdklub-darmstadt.de\/hp\/vereinsregularien\/satzung-und-gos\/"]}]},{"@type":"BreadcrumbList","@id":"https:\/\/jagdklub-darmstadt.de\/hp\/vereinsregularien\/satzung-und-gos\/#breadcrumb","itemListElement":[{"@type":"ListItem","position":1,"name":"Startseite","item":"https:\/\/jagdklub-darmstadt.de\/hp\/"},{"@type":"ListItem","position":2,"name":"Vereinsregularien","item":"https:\/\/jagdklub-darmstadt.de\/hp\/vereinsregularien\/"},{"@type":"ListItem","position":3,"name":"Satzung und GOs"}]},{"@type":"WebSite","@id":"https:\/\/jagdklub-darmstadt.de\/hp\/#website","url":"https:\/\/jagdklub-darmstadt.de\/hp\/","name":"Jagdklub Darmstadt","description":"Die Webseite des Jagdklub Darmstadt, Verein f\u00fcr J\u00e4ger und Sportsch\u00fctzen e.V.","publisher":{"@id":"https:\/\/jagdklub-darmstadt.de\/hp\/#organization"},"potentialAction":[{"@type":"SearchAction","target":{"@type":"EntryPoint","urlTemplate":"https:\/\/jagdklub-darmstadt.de\/hp\/?s={search_term_string}"},"query-input":{"@type":"PropertyValueSpecification","valueRequired":true,"valueName":"search_term_string"}}],"inLanguage":"de"},{"@type":"Organization","@id":"https:\/\/jagdklub-darmstadt.de\/hp\/#organization","name":"Jagdklub Darmstadt, Verein f\u00fcr J\u00e4ger und Sportsch\u00fctzen e.V.","url":"https:\/\/jagdklub-darmstadt.de\/hp\/","logo":{"@type":"ImageObject","inLanguage":"de","@id":"https:\/\/jagdklub-darmstadt.de\/hp\/#\/schema\/logo\/image\/","url":"https:\/\/jagdklub-darmstadt.de\/hp\/wp-content\/uploads\/2016\/06\/JKD-Logo.png","contentUrl":"https:\/\/jagdklub-darmstadt.de\/hp\/wp-content\/uploads\/2016\/06\/JKD-Logo.png","width":279,"height":361,"caption":"Jagdklub Darmstadt, Verein f\u00fcr J\u00e4ger und Sportsch\u00fctzen e.V."},"image":{"@id":"https:\/\/jagdklub-darmstadt.de\/hp\/#\/schema\/logo\/image\/"}}]}},"_links":{"self":[{"href":"https:\/\/jagdklub-darmstadt.de\/hp\/wp-json\/wp\/v2\/pages\/36","targetHints":{"allow":["GET"]}}],"collection":[{"href":"https:\/\/jagdklub-darmstadt.de\/hp\/wp-json\/wp\/v2\/pages"}],"about":[{"href":"https:\/\/jagdklub-darmstadt.de\/hp\/wp-json\/wp\/v2\/types\/page"}],"author":[{"embeddable":true,"href":"https:\/\/jagdklub-darmstadt.de\/hp\/wp-json\/wp\/v2\/users\/7"}],"replies":[{"embeddable":true,"href":"https:\/\/jagdklub-darmstadt.de\/hp\/wp-json\/wp\/v2\/comments?post=36"}],"version-history":[{"count":50,"href":"https:\/\/jagdklub-darmstadt.de\/hp\/wp-json\/wp\/v2\/pages\/36\/revisions"}],"predecessor-version":[{"id":6753,"href":"https:\/\/jagdklub-darmstadt.de\/hp\/wp-json\/wp\/v2\/pages\/36\/revisions\/6753"}],"up":[{"embeddable":true,"href":"https:\/\/jagdklub-darmstadt.de\/hp\/wp-json\/wp\/v2\/pages\/34"}],"wp:attachment":[{"href":"https:\/\/jagdklub-darmstadt.de\/hp\/wp-json\/wp\/v2\/media?parent=36"}],"curies":[{"name":"wp","href":"https:\/\/api.w.org\/{rel}","templated":true}]}}