{"id":39,"date":"2016-04-13T15:04:13","date_gmt":"2016-04-13T13:04:13","guid":{"rendered":"http:\/\/jagdklub.localhost:8080\/?page_id=39"},"modified":"2022-12-28T15:10:14","modified_gmt":"2022-12-28T14:10:14","slug":"beitraege","status":"publish","type":"page","link":"https:\/\/jagdklub-darmstadt.de\/hp\/vereinsregularien\/beitraege\/","title":{"rendered":"Beitr\u00e4ge"},"content":{"rendered":"<p>Alle wichtigen Informationen und Regelungen bez\u00fcglich des Beitrages beinhaltet die<\/p>\n<ul>\n<li><a href=\"https:\/\/jagdklub-darmstadt.de\/hp\/beitrags_und_gebuehrenordnung_2022\/\" target=\"_blank\" rel=\"noopener noreferrer\">Beitragsordnung des Jagdklub Darmstadt<\/a><\/li>\n<\/ul>\n<hr \/>\n<h3><strong>Beitr\u00e4ge und Aufnahmegeb\u00fchren ab 2023<\/strong><\/h3>\n<p>Ab dem 01.01.2023 gelten gem. Beschluss der Mitgliederversammlung folgende neue Beitr\u00e4ge:<\/p>\n<div class=\"table-responsive\">\n<table id=\"tablepress-4\" class=\"tablepress tablepress-id-4\">\n<thead>\n<tr class=\"row-1\">\n\t<th class=\"column-1\"><b>Aufnahmegeb\u00fchr<\/b><\/th><th class=\"column-2\"><b>Einmaliger Betrag bei<br \/>Eintritt in den Verein:<\/b><\/th>\n<\/tr>\n<\/thead>\n<tbody class=\"row-striping row-hover\">\n<tr class=\"row-2\">\n\t<td class=\"column-1\">Mitglieder<\/td><td class=\"column-2\">150 \u20ac<\/td>\n<\/tr>\n<tr class=\"row-3\">\n\t<td class=\"column-1\"><b>Familienmitglieder<\/b><br\/><br \/>\nEheleute oder Partner eines Mitgliedes mit gleichem Wohnsitz<br\/><br \/>\noder Kinder, die noch im gleichen Hausstand leben, ohne eigenes Einkommen<\/td><td class=\"column-2\">125 \u20ac<\/td>\n<\/tr>\n<tr class=\"row-4\">\n\t<td class=\"column-1\">Kinder und Jugendliche<br\/><br \/>\n(bis einschlie\u00dflich 18 Jahre)<\/td><td class=\"column-2\">0 \u20ac<\/td>\n<\/tr>\n<\/tbody>\n<\/table>\n<\/div><!-- #tablepress-4 from cache -->\n<div class=\"table-responsive\">\n<table id=\"tablepress-5\" class=\"tablepress tablepress-id-5 tbody-has-connected-cells\">\n<thead>\n<tr class=\"row-1\">\n\t<th class=\"column-1\"><b>Vereinsbeitrag<\/b><\/th><th class=\"column-2\"><b>Jahresbeitrag:<\/b><\/th>\n<\/tr>\n<\/thead>\n<tbody class=\"row-striping row-hover\">\n<tr class=\"row-2\">\n\t<td class=\"column-1\">Mitglieder<\/td><td class=\"column-2\">120 \u20ac<\/td>\n<\/tr>\n<tr class=\"row-3\">\n\t<td class=\"column-1\"><b>Familienmitglieder<\/b><br\/><br \/>\nEheleute oder Partner mit gleichem Wohnsitz<br\/><br \/>\noder Kinder, die noch im gleichen Hausstand leben, ohne eigenes Einkommen<\/td><td rowspan=\"2\" class=\"column-2\">84 \u20ac<br \/>\n<\/td>\n<\/tr>\n<tr class=\"row-4\">\n\t<td class=\"column-1\">Sch\u00fcler und Studenten<br\/><br \/>\n(19 bis einschlie\u00dflich 24 Jahre \u2013 Nachweis j\u00e4hrlich erforderlich)<\/td>\n<\/tr>\n<tr class=\"row-5\">\n\t<td class=\"column-1\">Jugendliche<br\/><br \/>\n(15 bis einschlie\u00dflich 18 Jahre)<\/td><td class=\"column-2\">72 \u20ac<\/td>\n<\/tr>\n<tr class=\"row-6\">\n\t<td class=\"column-1\">Kinder und Jugendliche<br\/><br \/>\n(bis einschlie\u00dflich 14 Jahre)<\/td><td class=\"column-2\">48 \u20ac<\/td>\n<\/tr>\n<tr class=\"row-7\">\n\t<td class=\"column-1\">Ehrenmitglieder<\/td><td class=\"column-2\">0 \u20ac<\/td>\n<\/tr>\n<\/tbody>\n<\/table>\n<\/div><!-- #tablepress-5 from cache -->\n<div class=\"table-responsive\">\n<table id=\"tablepress-12\" class=\"tablepress tablepress-id-12\">\n<thead>\n<tr class=\"row-1\">\n\t<th class=\"column-1\"><b>Zusatzbeitrag<\/b><\/th><th class=\"column-2\"><b>Jahresbeitrag:<\/b><\/th>\n<\/tr>\n<\/thead>\n<tbody class=\"row-striping row-hover\">\n<tr class=\"row-2\">\n\t<td class=\"column-1\">Mitgliedschaft im Landesjagdverband Hessen e.V. und im Deutschen Jagdverband<br \/>\ne.V<\/td><td class=\"column-2\">70,80 \u20ac<\/td>\n<\/tr>\n<tr class=\"row-3\">\n\t<td class=\"column-1\">Zweitmitgliedschaft im Landesjagdverband Hessen e.V. und im Deutschen<br \/>\nJagdverband e.V. (bereits \u00fcber einen anderen Jagdverein beim LJV Hessen<br \/>\ngemeldet)<\/td><td class=\"column-2\">0,00 \u20ac<\/td>\n<\/tr>\n<tr class=\"row-4\">\n\t<td class=\"column-1\">Mitgliedschaft im Landesjagdverband Hessen e.V. und im Deutschen Jagdverband<br \/>\ne.V. f\u00fcr Kinder und- Jugendliche bis zum 18. Lebensjahr <\/td><td class=\"column-2\">0,00 \u20ac<\/td>\n<\/tr>\n<tr class=\"row-5\">\n\t<td class=\"column-1\">Mitgliedschaft im Landesjagdverband Hessen e.V. und im Deutschen Jagdverband<br \/>\ne.V. f\u00fcr Ordentliche Mitglieder ab 80 Jahren, die bereits 15 Jahre ununterbrochen<br \/>\nzuvor Mitglied im Jagdklub Darmstadt, Verein f\u00fcr J\u00e4ger und Sportsch\u00fctzen e.V.<br \/>\ngewesen sind.<\/td><td class=\"column-2\">0,00 \u20ac<\/td>\n<\/tr>\n<tr class=\"row-6\">\n\t<td class=\"column-1\">Mitgliedschaft im Hessischen Sch\u00fctzenverband e.V. und im Deutschen Sch\u00fctzenbund<br \/>\ne.V. inklusive der Mitgliedschaft im Landessportbund Hessen e.V. f\u00fcr Ordentliche<br \/>\nMitglieder ab 18 Jahren<\/td><td class=\"column-2\">18,00 \u20ac<\/td>\n<\/tr>\n<tr class=\"row-7\">\n\t<td class=\"column-1\">Mitgliedschaft im Hessischen Sch\u00fctzenverband e.V. und im Deutschen Sch\u00fctzenbund<br \/>\ne.V. inklusive der Mitgliedschaft im Landessportbund Hessen e.V. f\u00fcr Ordentliche<br \/>\nMitglieder, die 15 bis 17 Jahre alt sind<\/td><td class=\"column-2\">8,00 \u20ac<\/td>\n<\/tr>\n<tr class=\"row-8\">\n\t<td class=\"column-1\">Mitgliedschaft im Hessischen Sch\u00fctzenverband e.V. und im Deutschen Sch\u00fctzenbund<br \/>\ne.V. inklusive der Mitgliedschaft im Landessportbund Hessen e.V. f\u00fcr Ordentliche<br \/>\nMitglieder bis 14 Jahren<\/td><td class=\"column-2\">0,00 \u20ac<\/td>\n<\/tr>\n<tr class=\"row-9\">\n\t<td class=\"column-1\">Mitgliedschaft in der Deutsche Schie\u00dfsport Union e.V. f\u00fcr Ordentliche Mitglieder ab<br \/>\n18 Jahren<\/td><td class=\"column-2\">24,00 \u20ac<\/td>\n<\/tr>\n<tr class=\"row-10\">\n\t<td class=\"column-1\">Mitgliedschaft in der Deutsche Schie\u00dfsport Union e.V. f\u00fcr Ordentliche Mitglieder, die<br \/>\n15 bis 17 Jahre alt sind <\/td><td class=\"column-2\">8,00 \u20ac<\/td>\n<\/tr>\n<tr class=\"row-11\">\n\t<td class=\"column-1\">Mitgliedschaft in der Deutsche Schie\u00dfsport Union e.V. f\u00fcr Ordentliche Mitglieder bis<br \/>\n14 Jahren<\/td><td class=\"column-2\">0,00 \u20ac<\/td>\n<\/tr>\n<\/tbody>\n<\/table>\n<\/div><!-- #tablepress-12 from cache -->\n","protected":false},"excerpt":{"rendered":"<p>Alle wichtigen Informationen und Regelungen bez\u00fcglich des Beitrages beinhaltet die Beitragsordnung des Jagdklub Darmstadt Beitr\u00e4ge und Aufnahmegeb\u00fchren ab 2023 Ab dem 01.01.2023 gelten gem. Beschluss der Mitgliederversammlung folgende neue Beitr\u00e4ge:<\/p>\n","protected":false},"author":7,"featured_media":0,"parent":34,"menu_order":6,"comment_status":"closed","ping_status":"closed","template":"","meta":{"_price":"","_stock":"","_tribe_ticket_header":"","_tribe_default_ticket_provider":"Tribe__Tickets_Plus__Commerce__WooCommerce__Main","_tribe_ticket_capacity":"0","_ticket_start_date":"","_ticket_end_date":"","_tribe_ticket_show_description":"","_tribe_ticket_show_not_going":false,"_tribe_ticket_use_global_stock":"","_tribe_ticket_global_stock_level":"","_global_stock_mode":"","_global_stock_cap":"","_tribe_rsvp_for_event":"","_tribe_ticket_going_count":"","_tribe_ticket_not_going_count":"","_tribe_tickets_list":"[]","_tribe_ticket_has_attendee_info_fields":false,"footnotes":""},"class_list":["post-39","page","type-page","status-publish","hentry"],"yoast_head":"<!-- This site is optimized with the Yoast SEO plugin v27.4 - https:\/\/yoast.com\/product\/yoast-seo-wordpress\/ -->\n<title>Beitr\u00e4ge - Jagdklub Darmstadt<\/title>\n<meta name=\"robots\" content=\"index, follow, max-snippet:-1, max-image-preview:large, max-video-preview:-1\" \/>\n<link rel=\"canonical\" href=\"https:\/\/jagdklub-darmstadt.de\/hp\/vereinsregularien\/beitraege\/\" \/>\n<meta property=\"og:locale\" content=\"de_DE\" \/>\n<meta property=\"og:type\" content=\"article\" \/>\n<meta property=\"og:title\" content=\"Beitr\u00e4ge - Jagdklub Darmstadt\" \/>\n<meta property=\"og:description\" content=\"Alle wichtigen Informationen und Regelungen bez\u00fcglich des Beitrages beinhaltet die Beitragsordnung des Jagdklub Darmstadt Beitr\u00e4ge und Aufnahmegeb\u00fchren ab 2023 Ab dem 01.01.2023 gelten gem. Beschluss der Mitgliederversammlung folgende neue Beitr\u00e4ge:\" \/>\n<meta property=\"og:url\" content=\"https:\/\/jagdklub-darmstadt.de\/hp\/vereinsregularien\/beitraege\/\" \/>\n<meta property=\"og:site_name\" content=\"Jagdklub Darmstadt\" \/>\n<meta property=\"article:modified_time\" content=\"2022-12-28T14:10:14+00:00\" \/>\n<meta name=\"twitter:card\" content=\"summary_large_image\" \/>\n<meta name=\"twitter:label1\" content=\"Gesch\u00e4tzte Lesezeit\" \/>\n\t<meta name=\"twitter:data1\" content=\"1\u00a0Minute\" \/>\n<script type=\"application\/ld+json\" class=\"yoast-schema-graph\">{\"@context\":\"https:\\\/\\\/schema.org\",\"@graph\":[{\"@type\":\"WebPage\",\"@id\":\"https:\\\/\\\/jagdklub-darmstadt.de\\\/hp\\\/vereinsregularien\\\/beitraege\\\/\",\"url\":\"https:\\\/\\\/jagdklub-darmstadt.de\\\/hp\\\/vereinsregularien\\\/beitraege\\\/\",\"name\":\"Beitr\u00e4ge - Jagdklub Darmstadt\",\"isPartOf\":{\"@id\":\"https:\\\/\\\/jagdklub-darmstadt.de\\\/hp\\\/#website\"},\"datePublished\":\"2016-04-13T13:04:13+00:00\",\"dateModified\":\"2022-12-28T14:10:14+00:00\",\"breadcrumb\":{\"@id\":\"https:\\\/\\\/jagdklub-darmstadt.de\\\/hp\\\/vereinsregularien\\\/beitraege\\\/#breadcrumb\"},\"inLanguage\":\"de\",\"potentialAction\":[{\"@type\":\"ReadAction\",\"target\":[\"https:\\\/\\\/jagdklub-darmstadt.de\\\/hp\\\/vereinsregularien\\\/beitraege\\\/\"]}]},{\"@type\":\"BreadcrumbList\",\"@id\":\"https:\\\/\\\/jagdklub-darmstadt.de\\\/hp\\\/vereinsregularien\\\/beitraege\\\/#breadcrumb\",\"itemListElement\":[{\"@type\":\"ListItem\",\"position\":1,\"name\":\"Startseite\",\"item\":\"https:\\\/\\\/jagdklub-darmstadt.de\\\/hp\\\/\"},{\"@type\":\"ListItem\",\"position\":2,\"name\":\"Vereinsregularien\",\"item\":\"https:\\\/\\\/jagdklub-darmstadt.de\\\/hp\\\/vereinsregularien\\\/\"},{\"@type\":\"ListItem\",\"position\":3,\"name\":\"Beitr\u00e4ge\"}]},{\"@type\":\"WebSite\",\"@id\":\"https:\\\/\\\/jagdklub-darmstadt.de\\\/hp\\\/#website\",\"url\":\"https:\\\/\\\/jagdklub-darmstadt.de\\\/hp\\\/\",\"name\":\"Jagdklub Darmstadt\",\"description\":\"Die Webseite des Jagdklub Darmstadt, Verein f\u00fcr J\u00e4ger und Sportsch\u00fctzen e.V.\",\"publisher\":{\"@id\":\"https:\\\/\\\/jagdklub-darmstadt.de\\\/hp\\\/#organization\"},\"potentialAction\":[{\"@type\":\"SearchAction\",\"target\":{\"@type\":\"EntryPoint\",\"urlTemplate\":\"https:\\\/\\\/jagdklub-darmstadt.de\\\/hp\\\/?s={search_term_string}\"},\"query-input\":{\"@type\":\"PropertyValueSpecification\",\"valueRequired\":true,\"valueName\":\"search_term_string\"}}],\"inLanguage\":\"de\"},{\"@type\":\"Organization\",\"@id\":\"https:\\\/\\\/jagdklub-darmstadt.de\\\/hp\\\/#organization\",\"name\":\"Jagdklub Darmstadt, Verein f\u00fcr J\u00e4ger und Sportsch\u00fctzen e.V.\",\"url\":\"https:\\\/\\\/jagdklub-darmstadt.de\\\/hp\\\/\",\"logo\":{\"@type\":\"ImageObject\",\"inLanguage\":\"de\",\"@id\":\"https:\\\/\\\/jagdklub-darmstadt.de\\\/hp\\\/#\\\/schema\\\/logo\\\/image\\\/\",\"url\":\"https:\\\/\\\/jagdklub-darmstadt.de\\\/hp\\\/wp-content\\\/uploads\\\/2016\\\/06\\\/JKD-Logo.png\",\"contentUrl\":\"https:\\\/\\\/jagdklub-darmstadt.de\\\/hp\\\/wp-content\\\/uploads\\\/2016\\\/06\\\/JKD-Logo.png\",\"width\":279,\"height\":361,\"caption\":\"Jagdklub Darmstadt, Verein f\u00fcr J\u00e4ger und Sportsch\u00fctzen e.V.\"},\"image\":{\"@id\":\"https:\\\/\\\/jagdklub-darmstadt.de\\\/hp\\\/#\\\/schema\\\/logo\\\/image\\\/\"}}]}<\/script>\n<!-- \/ Yoast SEO plugin. -->","yoast_head_json":{"title":"Beitr\u00e4ge - Jagdklub Darmstadt","robots":{"index":"index","follow":"follow","max-snippet":"max-snippet:-1","max-image-preview":"max-image-preview:large","max-video-preview":"max-video-preview:-1"},"canonical":"https:\/\/jagdklub-darmstadt.de\/hp\/vereinsregularien\/beitraege\/","og_locale":"de_DE","og_type":"article","og_title":"Beitr\u00e4ge - Jagdklub Darmstadt","og_description":"Alle wichtigen Informationen und Regelungen bez\u00fcglich des Beitrages beinhaltet die Beitragsordnung des Jagdklub Darmstadt Beitr\u00e4ge und Aufnahmegeb\u00fchren ab 2023 Ab dem 01.01.2023 gelten gem. Beschluss der Mitgliederversammlung folgende neue Beitr\u00e4ge:","og_url":"https:\/\/jagdklub-darmstadt.de\/hp\/vereinsregularien\/beitraege\/","og_site_name":"Jagdklub Darmstadt","article_modified_time":"2022-12-28T14:10:14+00:00","twitter_card":"summary_large_image","twitter_misc":{"Gesch\u00e4tzte Lesezeit":"1\u00a0Minute"},"schema":{"@context":"https:\/\/schema.org","@graph":[{"@type":"WebPage","@id":"https:\/\/jagdklub-darmstadt.de\/hp\/vereinsregularien\/beitraege\/","url":"https:\/\/jagdklub-darmstadt.de\/hp\/vereinsregularien\/beitraege\/","name":"Beitr\u00e4ge - Jagdklub Darmstadt","isPartOf":{"@id":"https:\/\/jagdklub-darmstadt.de\/hp\/#website"},"datePublished":"2016-04-13T13:04:13+00:00","dateModified":"2022-12-28T14:10:14+00:00","breadcrumb":{"@id":"https:\/\/jagdklub-darmstadt.de\/hp\/vereinsregularien\/beitraege\/#breadcrumb"},"inLanguage":"de","potentialAction":[{"@type":"ReadAction","target":["https:\/\/jagdklub-darmstadt.de\/hp\/vereinsregularien\/beitraege\/"]}]},{"@type":"BreadcrumbList","@id":"https:\/\/jagdklub-darmstadt.de\/hp\/vereinsregularien\/beitraege\/#breadcrumb","itemListElement":[{"@type":"ListItem","position":1,"name":"Startseite","item":"https:\/\/jagdklub-darmstadt.de\/hp\/"},{"@type":"ListItem","position":2,"name":"Vereinsregularien","item":"https:\/\/jagdklub-darmstadt.de\/hp\/vereinsregularien\/"},{"@type":"ListItem","position":3,"name":"Beitr\u00e4ge"}]},{"@type":"WebSite","@id":"https:\/\/jagdklub-darmstadt.de\/hp\/#website","url":"https:\/\/jagdklub-darmstadt.de\/hp\/","name":"Jagdklub Darmstadt","description":"Die Webseite des Jagdklub Darmstadt, Verein f\u00fcr J\u00e4ger und Sportsch\u00fctzen e.V.","publisher":{"@id":"https:\/\/jagdklub-darmstadt.de\/hp\/#organization"},"potentialAction":[{"@type":"SearchAction","target":{"@type":"EntryPoint","urlTemplate":"https:\/\/jagdklub-darmstadt.de\/hp\/?s={search_term_string}"},"query-input":{"@type":"PropertyValueSpecification","valueRequired":true,"valueName":"search_term_string"}}],"inLanguage":"de"},{"@type":"Organization","@id":"https:\/\/jagdklub-darmstadt.de\/hp\/#organization","name":"Jagdklub Darmstadt, Verein f\u00fcr J\u00e4ger und Sportsch\u00fctzen e.V.","url":"https:\/\/jagdklub-darmstadt.de\/hp\/","logo":{"@type":"ImageObject","inLanguage":"de","@id":"https:\/\/jagdklub-darmstadt.de\/hp\/#\/schema\/logo\/image\/","url":"https:\/\/jagdklub-darmstadt.de\/hp\/wp-content\/uploads\/2016\/06\/JKD-Logo.png","contentUrl":"https:\/\/jagdklub-darmstadt.de\/hp\/wp-content\/uploads\/2016\/06\/JKD-Logo.png","width":279,"height":361,"caption":"Jagdklub Darmstadt, Verein f\u00fcr J\u00e4ger und Sportsch\u00fctzen e.V."},"image":{"@id":"https:\/\/jagdklub-darmstadt.de\/hp\/#\/schema\/logo\/image\/"}}]}},"_links":{"self":[{"href":"https:\/\/jagdklub-darmstadt.de\/hp\/wp-json\/wp\/v2\/pages\/39","targetHints":{"allow":["GET"]}}],"collection":[{"href":"https:\/\/jagdklub-darmstadt.de\/hp\/wp-json\/wp\/v2\/pages"}],"about":[{"href":"https:\/\/jagdklub-darmstadt.de\/hp\/wp-json\/wp\/v2\/types\/page"}],"author":[{"embeddable":true,"href":"https:\/\/jagdklub-darmstadt.de\/hp\/wp-json\/wp\/v2\/users\/7"}],"replies":[{"embeddable":true,"href":"https:\/\/jagdklub-darmstadt.de\/hp\/wp-json\/wp\/v2\/comments?post=39"}],"version-history":[{"count":19,"href":"https:\/\/jagdklub-darmstadt.de\/hp\/wp-json\/wp\/v2\/pages\/39\/revisions"}],"predecessor-version":[{"id":4985,"href":"https:\/\/jagdklub-darmstadt.de\/hp\/wp-json\/wp\/v2\/pages\/39\/revisions\/4985"}],"up":[{"embeddable":true,"href":"https:\/\/jagdklub-darmstadt.de\/hp\/wp-json\/wp\/v2\/pages\/34"}],"wp:attachment":[{"href":"https:\/\/jagdklub-darmstadt.de\/hp\/wp-json\/wp\/v2\/media?parent=39"}],"curies":[{"name":"wp","href":"https:\/\/api.w.org\/{rel}","templated":true}]}}