{"id":72,"date":"2016-04-13T15:36:06","date_gmt":"2016-04-13T13:36:06","guid":{"rendered":"http:\/\/jagdklub.localhost:8080\/?page_id=72"},"modified":"2022-02-02T20:12:37","modified_gmt":"2022-02-02T19:12:37","slug":"buechsenlichtkalender","status":"publish","type":"page","link":"https:\/\/jagdklub-darmstadt.de\/hp\/aktuelles\/buechsenlichtkalender\/","title":{"rendered":"B\u00fcchsenlichtkalender"},"content":{"rendered":"<p><a href=\"http:\/\/www.der-mond.org\/mond-aktuell\/mond-aktuell-fuer-ihre-homepage\/\" target=\"_blank\" rel=\"noopener noreferrer\"><br \/>\n<img decoding=\"async\" border=0 src=\"https:\/\/www.der-mond.de\/feature\/luna.php?version=5&#038;txue=Mond+aktuell&#038;zeko=1&#038;rand=1&#038;trans=0&#038;julia=1&#038;daem=3&#038;zefu=1&#038;grmo=1&#038;grmoueber=1&#038;txph=1&#038;txmoal=1&#038;txmoph=1&#038;txmobe=1&#038;txmophti=1&#038;txmost=1&#038;txmostau=0&#038;txze=1&#038;zezo=1&#038;zeso=1&#038;format=0&#038;schgr=11&#038;schriftart=Standard&#038;schriftschnitt=0&#038;grafikausdehnung=0&#038;grafikpx=200&#038;faan=1&#038;scro=0&#038;scgr=0&#038;scbl=0&#038;hiro=240&#038;higr=240&#038;hibl=240&#038;grsoho=1&#038;grsohoueber=1&#038;soep=1&#038;txsost=1&#038;txsostau=0&#038;geolagr=10&#038;geolami=0&#038;geolase=0&#038;geola=o&#038;geobrgr=50&#038;geobrmi=0&#038;geobrse=0&#038;geobr=n&#038;lang=de\" alt=\"Der Mond - Geheimnisvoller Begleiter unserer Erde\"><br \/>\nEin Service von www.Der-Mond.org<\/a><\/p>\n","protected":false},"excerpt":{"rendered":"<p>Ein Service von www.Der-Mond.org<\/p>\n","protected":false},"author":7,"featured_media":0,"parent":66,"menu_order":17,"comment_status":"closed","ping_status":"closed","template":"","meta":{"_price":"","_stock":"","_tribe_ticket_header":"","_tribe_default_ticket_provider":"","_tribe_ticket_capacity":"0","_ticket_start_date":"","_ticket_end_date":"","_tribe_ticket_show_description":"","_tribe_ticket_show_not_going":false,"_tribe_ticket_use_global_stock":"","_tribe_ticket_global_stock_level":"","_global_stock_mode":"","_global_stock_cap":"","_tribe_rsvp_for_event":"","_tribe_ticket_going_count":"","_tribe_ticket_not_going_count":"","_tribe_tickets_list":"[]","_tribe_ticket_has_attendee_info_fields":false,"footnotes":""},"class_list":["post-72","page","type-page","status-publish","hentry"],"yoast_head":"<!-- This site is optimized with the Yoast SEO plugin v27.4 - https:\/\/yoast.com\/product\/yoast-seo-wordpress\/ -->\n<title>B\u00fcchsenlichtkalender - Jagdklub Darmstadt<\/title>\n<meta name=\"robots\" content=\"index, follow, max-snippet:-1, max-image-preview:large, max-video-preview:-1\" \/>\n<link rel=\"canonical\" href=\"https:\/\/jagdklub-darmstadt.de\/hp\/aktuelles\/buechsenlichtkalender\/\" \/>\n<meta property=\"og:locale\" content=\"de_DE\" \/>\n<meta property=\"og:type\" content=\"article\" \/>\n<meta property=\"og:title\" content=\"B\u00fcchsenlichtkalender - Jagdklub Darmstadt\" \/>\n<meta property=\"og:description\" content=\"Ein Service von www.Der-Mond.org\" \/>\n<meta property=\"og:url\" content=\"https:\/\/jagdklub-darmstadt.de\/hp\/aktuelles\/buechsenlichtkalender\/\" \/>\n<meta property=\"og:site_name\" content=\"Jagdklub Darmstadt\" \/>\n<meta property=\"article:modified_time\" content=\"2022-02-02T19:12:37+00:00\" \/>\n<meta property=\"og:image\" content=\"https:\/\/www.der-mond.de\/feature\/luna.php?version=5&txue=Mond+aktuell&zeko=1&rand=1&trans=0&julia=1&daem=3&zefu=1&grmo=1&grmoueber=1&txph=1&txmoal=1&txmoph=1&txmobe=1&txmophti=1&txmost=1&txmostau=0&txze=1&zezo=1&zeso=1&format=0&schgr=11&schriftart=Standard&schriftschnitt=0&grafikausdehnung=0&grafikpx=200&faan=1&scro=0&scgr=0&scbl=0&hiro=240&higr=240&hibl=240&grsoho=1&grsohoueber=1&soep=1&txsost=1&txsostau=0&geolagr=10&geolami=0&geolase=0&geola=o&geobrgr=50&geobrmi=0&geobrse=0&geobr=n&lang=de\" \/>\n<meta name=\"twitter:card\" content=\"summary_large_image\" \/>\n<meta name=\"twitter:label1\" content=\"Gesch\u00e4tzte Lesezeit\" \/>\n\t<meta name=\"twitter:data1\" content=\"1\u00a0Minute\" \/>\n<script type=\"application\/ld+json\" class=\"yoast-schema-graph\">{\"@context\":\"https:\\\/\\\/schema.org\",\"@graph\":[{\"@type\":\"WebPage\",\"@id\":\"https:\\\/\\\/jagdklub-darmstadt.de\\\/hp\\\/aktuelles\\\/buechsenlichtkalender\\\/\",\"url\":\"https:\\\/\\\/jagdklub-darmstadt.de\\\/hp\\\/aktuelles\\\/buechsenlichtkalender\\\/\",\"name\":\"B\u00fcchsenlichtkalender - Jagdklub Darmstadt\",\"isPartOf\":{\"@id\":\"https:\\\/\\\/jagdklub-darmstadt.de\\\/hp\\\/#website\"},\"primaryImageOfPage\":{\"@id\":\"https:\\\/\\\/jagdklub-darmstadt.de\\\/hp\\\/aktuelles\\\/buechsenlichtkalender\\\/#primaryimage\"},\"image\":{\"@id\":\"https:\\\/\\\/jagdklub-darmstadt.de\\\/hp\\\/aktuelles\\\/buechsenlichtkalender\\\/#primaryimage\"},\"thumbnailUrl\":\"https:\\\/\\\/www.der-mond.de\\\/feature\\\/luna.php?version=5&txue=Mond+aktuell&zeko=1&rand=1&trans=0&julia=1&daem=3&zefu=1&grmo=1&grmoueber=1&txph=1&txmoal=1&txmoph=1&txmobe=1&txmophti=1&txmost=1&txmostau=0&txze=1&zezo=1&zeso=1&format=0&schgr=11&schriftart=Standard&schriftschnitt=0&grafikausdehnung=0&grafikpx=200&faan=1&scro=0&scgr=0&scbl=0&hiro=240&higr=240&hibl=240&grsoho=1&grsohoueber=1&soep=1&txsost=1&txsostau=0&geolagr=10&geolami=0&geolase=0&geola=o&geobrgr=50&geobrmi=0&geobrse=0&geobr=n&lang=de\",\"datePublished\":\"2016-04-13T13:36:06+00:00\",\"dateModified\":\"2022-02-02T19:12:37+00:00\",\"breadcrumb\":{\"@id\":\"https:\\\/\\\/jagdklub-darmstadt.de\\\/hp\\\/aktuelles\\\/buechsenlichtkalender\\\/#breadcrumb\"},\"inLanguage\":\"de\",\"potentialAction\":[{\"@type\":\"ReadAction\",\"target\":[\"https:\\\/\\\/jagdklub-darmstadt.de\\\/hp\\\/aktuelles\\\/buechsenlichtkalender\\\/\"]}]},{\"@type\":\"ImageObject\",\"inLanguage\":\"de\",\"@id\":\"https:\\\/\\\/jagdklub-darmstadt.de\\\/hp\\\/aktuelles\\\/buechsenlichtkalender\\\/#primaryimage\",\"url\":\"https:\\\/\\\/www.der-mond.de\\\/feature\\\/luna.php?version=5&txue=Mond+aktuell&zeko=1&rand=1&trans=0&julia=1&daem=3&zefu=1&grmo=1&grmoueber=1&txph=1&txmoal=1&txmoph=1&txmobe=1&txmophti=1&txmost=1&txmostau=0&txze=1&zezo=1&zeso=1&format=0&schgr=11&schriftart=Standard&schriftschnitt=0&grafikausdehnung=0&grafikpx=200&faan=1&scro=0&scgr=0&scbl=0&hiro=240&higr=240&hibl=240&grsoho=1&grsohoueber=1&soep=1&txsost=1&txsostau=0&geolagr=10&geolami=0&geolase=0&geola=o&geobrgr=50&geobrmi=0&geobrse=0&geobr=n&lang=de\",\"contentUrl\":\"https:\\\/\\\/www.der-mond.de\\\/feature\\\/luna.php?version=5&txue=Mond+aktuell&zeko=1&rand=1&trans=0&julia=1&daem=3&zefu=1&grmo=1&grmoueber=1&txph=1&txmoal=1&txmoph=1&txmobe=1&txmophti=1&txmost=1&txmostau=0&txze=1&zezo=1&zeso=1&format=0&schgr=11&schriftart=Standard&schriftschnitt=0&grafikausdehnung=0&grafikpx=200&faan=1&scro=0&scgr=0&scbl=0&hiro=240&higr=240&hibl=240&grsoho=1&grsohoueber=1&soep=1&txsost=1&txsostau=0&geolagr=10&geolami=0&geolase=0&geola=o&geobrgr=50&geobrmi=0&geobrse=0&geobr=n&lang=de\"},{\"@type\":\"BreadcrumbList\",\"@id\":\"https:\\\/\\\/jagdklub-darmstadt.de\\\/hp\\\/aktuelles\\\/buechsenlichtkalender\\\/#breadcrumb\",\"itemListElement\":[{\"@type\":\"ListItem\",\"position\":1,\"name\":\"Startseite\",\"item\":\"https:\\\/\\\/jagdklub-darmstadt.de\\\/hp\\\/\"},{\"@type\":\"ListItem\",\"position\":2,\"name\":\"Aktuelles\",\"item\":\"https:\\\/\\\/jagdklub-darmstadt.de\\\/hp\\\/aktuelles\\\/\"},{\"@type\":\"ListItem\",\"position\":3,\"name\":\"B\u00fcchsenlichtkalender\"}]},{\"@type\":\"WebSite\",\"@id\":\"https:\\\/\\\/jagdklub-darmstadt.de\\\/hp\\\/#website\",\"url\":\"https:\\\/\\\/jagdklub-darmstadt.de\\\/hp\\\/\",\"name\":\"Jagdklub Darmstadt\",\"description\":\"Die Webseite des Jagdklub Darmstadt, Verein f\u00fcr J\u00e4ger und Sportsch\u00fctzen e.V.\",\"publisher\":{\"@id\":\"https:\\\/\\\/jagdklub-darmstadt.de\\\/hp\\\/#organization\"},\"potentialAction\":[{\"@type\":\"SearchAction\",\"target\":{\"@type\":\"EntryPoint\",\"urlTemplate\":\"https:\\\/\\\/jagdklub-darmstadt.de\\\/hp\\\/?s={search_term_string}\"},\"query-input\":{\"@type\":\"PropertyValueSpecification\",\"valueRequired\":true,\"valueName\":\"search_term_string\"}}],\"inLanguage\":\"de\"},{\"@type\":\"Organization\",\"@id\":\"https:\\\/\\\/jagdklub-darmstadt.de\\\/hp\\\/#organization\",\"name\":\"Jagdklub Darmstadt, Verein f\u00fcr J\u00e4ger und Sportsch\u00fctzen e.V.\",\"url\":\"https:\\\/\\\/jagdklub-darmstadt.de\\\/hp\\\/\",\"logo\":{\"@type\":\"ImageObject\",\"inLanguage\":\"de\",\"@id\":\"https:\\\/\\\/jagdklub-darmstadt.de\\\/hp\\\/#\\\/schema\\\/logo\\\/image\\\/\",\"url\":\"https:\\\/\\\/jagdklub-darmstadt.de\\\/hp\\\/wp-content\\\/uploads\\\/2016\\\/06\\\/JKD-Logo.png\",\"contentUrl\":\"https:\\\/\\\/jagdklub-darmstadt.de\\\/hp\\\/wp-content\\\/uploads\\\/2016\\\/06\\\/JKD-Logo.png\",\"width\":279,\"height\":361,\"caption\":\"Jagdklub Darmstadt, Verein f\u00fcr J\u00e4ger und Sportsch\u00fctzen e.V.\"},\"image\":{\"@id\":\"https:\\\/\\\/jagdklub-darmstadt.de\\\/hp\\\/#\\\/schema\\\/logo\\\/image\\\/\"}}]}<\/script>\n<!-- \/ Yoast SEO plugin. -->","yoast_head_json":{"title":"B\u00fcchsenlichtkalender - Jagdklub Darmstadt","robots":{"index":"index","follow":"follow","max-snippet":"max-snippet:-1","max-image-preview":"max-image-preview:large","max-video-preview":"max-video-preview:-1"},"canonical":"https:\/\/jagdklub-darmstadt.de\/hp\/aktuelles\/buechsenlichtkalender\/","og_locale":"de_DE","og_type":"article","og_title":"B\u00fcchsenlichtkalender - Jagdklub Darmstadt","og_description":"Ein Service von www.Der-Mond.org","og_url":"https:\/\/jagdklub-darmstadt.de\/hp\/aktuelles\/buechsenlichtkalender\/","og_site_name":"Jagdklub Darmstadt","article_modified_time":"2022-02-02T19:12:37+00:00","og_image":[{"url":"https:\/\/www.der-mond.de\/feature\/luna.php?version=5&txue=Mond+aktuell&zeko=1&rand=1&trans=0&julia=1&daem=3&zefu=1&grmo=1&grmoueber=1&txph=1&txmoal=1&txmoph=1&txmobe=1&txmophti=1&txmost=1&txmostau=0&txze=1&zezo=1&zeso=1&format=0&schgr=11&schriftart=Standard&schriftschnitt=0&grafikausdehnung=0&grafikpx=200&faan=1&scro=0&scgr=0&scbl=0&hiro=240&higr=240&hibl=240&grsoho=1&grsohoueber=1&soep=1&txsost=1&txsostau=0&geolagr=10&geolami=0&geolase=0&geola=o&geobrgr=50&geobrmi=0&geobrse=0&geobr=n&lang=de","type":"","width":"","height":""}],"twitter_card":"summary_large_image","twitter_misc":{"Gesch\u00e4tzte Lesezeit":"1\u00a0Minute"},"schema":{"@context":"https:\/\/schema.org","@graph":[{"@type":"WebPage","@id":"https:\/\/jagdklub-darmstadt.de\/hp\/aktuelles\/buechsenlichtkalender\/","url":"https:\/\/jagdklub-darmstadt.de\/hp\/aktuelles\/buechsenlichtkalender\/","name":"B\u00fcchsenlichtkalender - Jagdklub Darmstadt","isPartOf":{"@id":"https:\/\/jagdklub-darmstadt.de\/hp\/#website"},"primaryImageOfPage":{"@id":"https:\/\/jagdklub-darmstadt.de\/hp\/aktuelles\/buechsenlichtkalender\/#primaryimage"},"image":{"@id":"https:\/\/jagdklub-darmstadt.de\/hp\/aktuelles\/buechsenlichtkalender\/#primaryimage"},"thumbnailUrl":"https:\/\/www.der-mond.de\/feature\/luna.php?version=5&txue=Mond+aktuell&zeko=1&rand=1&trans=0&julia=1&daem=3&zefu=1&grmo=1&grmoueber=1&txph=1&txmoal=1&txmoph=1&txmobe=1&txmophti=1&txmost=1&txmostau=0&txze=1&zezo=1&zeso=1&format=0&schgr=11&schriftart=Standard&schriftschnitt=0&grafikausdehnung=0&grafikpx=200&faan=1&scro=0&scgr=0&scbl=0&hiro=240&higr=240&hibl=240&grsoho=1&grsohoueber=1&soep=1&txsost=1&txsostau=0&geolagr=10&geolami=0&geolase=0&geola=o&geobrgr=50&geobrmi=0&geobrse=0&geobr=n&lang=de","datePublished":"2016-04-13T13:36:06+00:00","dateModified":"2022-02-02T19:12:37+00:00","breadcrumb":{"@id":"https:\/\/jagdklub-darmstadt.de\/hp\/aktuelles\/buechsenlichtkalender\/#breadcrumb"},"inLanguage":"de","potentialAction":[{"@type":"ReadAction","target":["https:\/\/jagdklub-darmstadt.de\/hp\/aktuelles\/buechsenlichtkalender\/"]}]},{"@type":"ImageObject","inLanguage":"de","@id":"https:\/\/jagdklub-darmstadt.de\/hp\/aktuelles\/buechsenlichtkalender\/#primaryimage","url":"https:\/\/www.der-mond.de\/feature\/luna.php?version=5&txue=Mond+aktuell&zeko=1&rand=1&trans=0&julia=1&daem=3&zefu=1&grmo=1&grmoueber=1&txph=1&txmoal=1&txmoph=1&txmobe=1&txmophti=1&txmost=1&txmostau=0&txze=1&zezo=1&zeso=1&format=0&schgr=11&schriftart=Standard&schriftschnitt=0&grafikausdehnung=0&grafikpx=200&faan=1&scro=0&scgr=0&scbl=0&hiro=240&higr=240&hibl=240&grsoho=1&grsohoueber=1&soep=1&txsost=1&txsostau=0&geolagr=10&geolami=0&geolase=0&geola=o&geobrgr=50&geobrmi=0&geobrse=0&geobr=n&lang=de","contentUrl":"https:\/\/www.der-mond.de\/feature\/luna.php?version=5&txue=Mond+aktuell&zeko=1&rand=1&trans=0&julia=1&daem=3&zefu=1&grmo=1&grmoueber=1&txph=1&txmoal=1&txmoph=1&txmobe=1&txmophti=1&txmost=1&txmostau=0&txze=1&zezo=1&zeso=1&format=0&schgr=11&schriftart=Standard&schriftschnitt=0&grafikausdehnung=0&grafikpx=200&faan=1&scro=0&scgr=0&scbl=0&hiro=240&higr=240&hibl=240&grsoho=1&grsohoueber=1&soep=1&txsost=1&txsostau=0&geolagr=10&geolami=0&geolase=0&geola=o&geobrgr=50&geobrmi=0&geobrse=0&geobr=n&lang=de"},{"@type":"BreadcrumbList","@id":"https:\/\/jagdklub-darmstadt.de\/hp\/aktuelles\/buechsenlichtkalender\/#breadcrumb","itemListElement":[{"@type":"ListItem","position":1,"name":"Startseite","item":"https:\/\/jagdklub-darmstadt.de\/hp\/"},{"@type":"ListItem","position":2,"name":"Aktuelles","item":"https:\/\/jagdklub-darmstadt.de\/hp\/aktuelles\/"},{"@type":"ListItem","position":3,"name":"B\u00fcchsenlichtkalender"}]},{"@type":"WebSite","@id":"https:\/\/jagdklub-darmstadt.de\/hp\/#website","url":"https:\/\/jagdklub-darmstadt.de\/hp\/","name":"Jagdklub Darmstadt","description":"Die Webseite des Jagdklub Darmstadt, Verein f\u00fcr J\u00e4ger und Sportsch\u00fctzen e.V.","publisher":{"@id":"https:\/\/jagdklub-darmstadt.de\/hp\/#organization"},"potentialAction":[{"@type":"SearchAction","target":{"@type":"EntryPoint","urlTemplate":"https:\/\/jagdklub-darmstadt.de\/hp\/?s={search_term_string}"},"query-input":{"@type":"PropertyValueSpecification","valueRequired":true,"valueName":"search_term_string"}}],"inLanguage":"de"},{"@type":"Organization","@id":"https:\/\/jagdklub-darmstadt.de\/hp\/#organization","name":"Jagdklub Darmstadt, Verein f\u00fcr J\u00e4ger und Sportsch\u00fctzen e.V.","url":"https:\/\/jagdklub-darmstadt.de\/hp\/","logo":{"@type":"ImageObject","inLanguage":"de","@id":"https:\/\/jagdklub-darmstadt.de\/hp\/#\/schema\/logo\/image\/","url":"https:\/\/jagdklub-darmstadt.de\/hp\/wp-content\/uploads\/2016\/06\/JKD-Logo.png","contentUrl":"https:\/\/jagdklub-darmstadt.de\/hp\/wp-content\/uploads\/2016\/06\/JKD-Logo.png","width":279,"height":361,"caption":"Jagdklub Darmstadt, Verein f\u00fcr J\u00e4ger und Sportsch\u00fctzen e.V."},"image":{"@id":"https:\/\/jagdklub-darmstadt.de\/hp\/#\/schema\/logo\/image\/"}}]}},"_links":{"self":[{"href":"https:\/\/jagdklub-darmstadt.de\/hp\/wp-json\/wp\/v2\/pages\/72","targetHints":{"allow":["GET"]}}],"collection":[{"href":"https:\/\/jagdklub-darmstadt.de\/hp\/wp-json\/wp\/v2\/pages"}],"about":[{"href":"https:\/\/jagdklub-darmstadt.de\/hp\/wp-json\/wp\/v2\/types\/page"}],"author":[{"embeddable":true,"href":"https:\/\/jagdklub-darmstadt.de\/hp\/wp-json\/wp\/v2\/users\/7"}],"replies":[{"embeddable":true,"href":"https:\/\/jagdklub-darmstadt.de\/hp\/wp-json\/wp\/v2\/comments?post=72"}],"version-history":[{"count":8,"href":"https:\/\/jagdklub-darmstadt.de\/hp\/wp-json\/wp\/v2\/pages\/72\/revisions"}],"predecessor-version":[{"id":345,"href":"https:\/\/jagdklub-darmstadt.de\/hp\/wp-json\/wp\/v2\/pages\/72\/revisions\/345"}],"up":[{"embeddable":true,"href":"https:\/\/jagdklub-darmstadt.de\/hp\/wp-json\/wp\/v2\/pages\/66"}],"wp:attachment":[{"href":"https:\/\/jagdklub-darmstadt.de\/hp\/wp-json\/wp\/v2\/media?parent=72"}],"curies":[{"name":"wp","href":"https:\/\/api.w.org\/{rel}","templated":true}]}}