{"id":78,"date":"2016-04-13T15:38:26","date_gmt":"2016-04-13T13:38:26","guid":{"rendered":"http:\/\/jagdklub.localhost:8080\/?page_id=78"},"modified":"2026-03-13T14:38:59","modified_gmt":"2026-03-13T13:38:59","slug":"jagdschule","status":"publish","type":"page","link":"https:\/\/jagdklub-darmstadt.de\/hp\/jagdschule\/","title":{"rendered":"Jagd- und Naturschutzschule Darmstadt"},"content":{"rendered":"<h3><strong>Jagd- und Naturschutzschule Darmstadt &#8211; Der definitive Erfolgsweg zum\/r J\u00e4ger\/in!<\/strong><\/h3>\n<div align=\"left\">\n<h3>Sie wollen J\u00e4ger, J\u00e4gerin werden?<\/h3>\n<p>Wir freuen uns dar\u00fcber sehr und wir freuen uns auch, dass Sie sich aus diesem Grunde f\u00fcr den Jagdklub Darmstadt, eine der \u00e4ltesten J\u00e4gervereinigungen Deutschlands, interessieren. Seit \u00fcber 75 Jahren bildet der Jagdklub Darmstadt, Verein f\u00fcr J\u00e4ger und Sportsch\u00fctzen e.V., Jungj\u00e4gerinnen und Jungj\u00e4ger aus und der Erfolg kann sich sehen lassen. Wie erfolgreich ein Lehrgang im Endeffekt ist, d.h. wie viele Teilnehmer\/innen die bekanntlich anspruchsvolle aber durchaus l\u00f6sbare J\u00e4gerpr\u00fcfung bestehen, h\u00e4ngt aber nicht nur von uns als Jagdverein und unseren Ausbildern ab, sondern vor allen Dingen auch von Ihnen.<br \/>\nUnsere Ausbilder wollen nat\u00fcrlich, dass Sie die Pr\u00fcfung bestehen &#8211; aber sie wollen Ihnen vor allen Dingen auch ein vern\u00fcnftiges und fundiertes Wissen in allen Bereichen der Jagd und des Naturschutzes vermitteln! Nur mit diesem Grundwissen um die komplexen Zusammenh\u00e4nge in unserer Natur kann die Jagd in Zukunft weiterbestehen und vor allen Dingen Sie ein erfolgreicher und waidgerechter J\u00e4ger\/in werden. Dass man dieses komplexe Wissen nicht in vollem Umfang in nur zwei oder drei Wochen oder an ein paar Wochenenden so erwerben kann, dass man auch den theoretischen wie praktischen Transfer in die jagdliche Praxis f\u00fcr sich pers\u00f6nlich erschlossen hat, sollte eigentlich jedem klar sein.<br \/>\nWir sind bem\u00fcht, Ihnen eine sehr gute und fundierte Ausbildung in Theorie und Praxis zu geben, aber wir erwarten auch von Ihnen den festen Willen zum Lernen und zur Mitarbeit. Sollten Sie sich dazu entschlie\u00dfen, an unserem Jungj\u00e4gerlehrgang teilzunehmen, so k\u00f6nnen wir Ihnen eine interessante und spannende Zeit im Kreise von Gleichgesinnten versprechen.<br \/>\nAber Sie werden &#8211; und auch das k\u00f6nnen wir Ihnen vorhersagen &#8211; viel Freude und Spa\u00df haben, wenn Sie sich wirklich f\u00fcr die Natur, f\u00fcr unsere Tier- und Pflanzenwelt, f\u00fcr Jagd und J\u00e4gerei interessieren.<br \/>\nWas wir Ihnen nicht zu 100%, sondern nur fast zu 100% versprechen k\u00f6nnen: Die bestandene J\u00e4gerpr\u00fcfung, aber wir sind ziemlich sicher, dass Sie wirklich sehr gute Chancen haben, wenn die Zusammenarbeit zwischen unseren Ausbildern und Ihnen wie fast immer von uns gewohnt klappt.<\/p>\n<h3><strong>Anmeldung<\/strong><\/h3>\n<p><b><u>Kursstart:<\/u><\/b><\/p>\n<p>Der n\u00e4chste Ausbildungslehrgang der Jagdschule Darmstadt wird kommenden M\u00e4rz mit einer Pr\u00fcfung im September beginnen. Anmeldungen sind jedoch immer jederzeit m\u00f6glich. Es besteht damit die M\u00f6glichkeit ohne Aufpreis am Unterricht des laufenden Kurses teilzunehmen. Dies macht durchaus Sinn in Anbetracht des umfangreichen Stoffes, den es zu lernen gilt. Auch externe Pr\u00fcfungs-Wiederholer werden von uns zum verg\u00fcnstigten Pauschalpreis erneut auf die erfolgreiche Ablegung der Pr\u00fcfung vorbereitet. Nehmen Sie einfach Kontakt mit uns auf!<\/p>\n<p><b><u>Voraussetzung:<\/u><\/b><\/p>\n<p>Zum Ausbildungsbeginn m\u00fcssen Sie mindestens 15 Jahre alt sein und binnen 6 Monaten nach Anmeldung zur J\u00e4gerpr\u00fcfung Ihr 16. Lebensjahr vollendet haben sowie die erforderliche Zuverl\u00e4ssigkeit und k\u00f6rperliche Eignung besitzen, welche zur Erteilung eines Jagdscheines erforderlich sind.<br \/>\nFerner erwarten wir von Ihnen Freude an der Natur, Begeisterung und den festen Willen zum Lernen.<\/p>\n<p><b><u>Anmeldung:<\/u><\/b><\/p>\n<p>F\u00fcr die Anmeldung ben\u00f6tigen wir die Anmeldung zum Lehrgang in zweifacher Ausfertigung, ein Passbild (gerne auch digital) und im Falle von Minderj\u00e4hrigen die schriftliche Einwilligung der Erziehungsberechtigten. Dieses Anmeldeformular erhalten Sie bei uns: <a href=\"mailto:ausbildung@jagdschule-darmstadt.de\">ausbildung@jagdschule-darmstadt.de<\/a>. F\u00fcr weitere Informationen stehen wir Ihnen gerne zur Verf\u00fcgung. Bitte wenden Sie sich dazu an den untenstehende Kontakt.<br \/>\nBitte beachten Sie auch die aktuell g\u00fcltigen <a href=\"https:\/\/jagdklub-darmstadt.de\/hp\/wp-content\/uploads\/2023\/12\/231121_AGB_Hessen.pdf\">AGB<\/a>.<\/p>\n<p>Wir laden alle Jagdschein-Interessenten und deren Angeh\u00f6rige und Freunde recht herzlich zu einem Info Abend ein, an dem wir unser sehr erfolgreiches Jagdschein Ausbildungskonzept der Jagd- und Naturschutzschule Darmstadt des Jagdklub Darmstadt, Verein f\u00fcr J\u00e4ger und Sportsch\u00fctzen e.V. erl\u00e4utern und Ihnen gerne alle Ihre Fragen zum Anfang M\u00e4rz 2026 beginnenden Ausbildungskurs beantworten: <a href=\"https:\/\/jagdklub-darmstadt.de\/hp\/2025\/11\/13\/neuer-jungjaegerkurs-infoabend\/\">Zu den Infoabenden<\/a><\/p>\n<p><b><u>Kosten<\/u><\/b><\/p>\n<p>Alle Details hierzu und die H\u00f6he der Gesamtausbildungskosten teilen Ihnen jederzeit gerne unsere Ausbildungsleiter auf Anfrage mit!<\/p>\n<p>&nbsp;<\/p>\n<h3><strong>Lehrplan<\/strong><\/h3>\n<p><b><u>Ausbildung &#8211; Unterrichtsstoff:<\/u><\/b><\/p>\n<p>Ihr Unterricht umfasst Exkursionen, Simulationen im Revier, den praktischen Schie\u00dfunterricht und den Unterricht in Wildbiologie und Wild\u00f6kologie unserer heimischen Tierarten (Bundesweit). Wildkrankheiten, Wildbretthygiene, die Hege unserer Wildarten, Land- und Waldbau, Wildschadensverh\u00fctung, Landschafts- und Naturschutz, Waffenrecht, das F\u00fchren und die Handhabung von Waffen sowie Waffentechnik sind ebenfalls Teil der Ausbildung ebenso wie das Jagd- und Naturschutzrecht, Jagdbetrieb, die Jagd mit der Falle, Jagdhundewesen, Brauchtum und Jagdarten.<\/p>\n<p><b><u>Lehrgangsdauer und Unterrichtsplan:<\/u><\/b><\/p>\n<p>Der Jungj\u00e4gerlehrgang dauert ca. 6 Monate.<br \/>\nDer Unterricht findet, falls im Stundenplan nicht anders angegeben, im Wesentlichen Sonntags von 09:00 Uhr bis 13:00 Uhr und 14:00 Uhr bis 18:00 Uhr im Ausbildungsraum der Jagdschule Darmstadt statt, sowie Dienstag- und Donnerstagabend von 19.00 Uhr bis 22.00 Uhr sowie das praktische Schie\u00dfen am Samstag von 09:00 Uhr bis 13:00 Uhr auf unserem vereinseigenen Schie\u00dfstand. Teilweise finden alternativ an Samstagen auch ganzt\u00e4gige Exkursionen und Revierg\u00e4nge statt.<br \/>\nEine mindestens SIEBZIGPROZENTIGE Teilnahme an allen Ausbildungsterminen ist f\u00fcr jeden Kursteilnehmer Pflicht und sehr empfehlenswert, andernfalls m\u00fcssen wir dann gemeinsam einen sp\u00e4teren Pr\u00fcfungstermin anstreben.<\/p>\n<p>In unseren Ausbildung-Lehrgang zur J\u00e4gerpr\u00fcfung ist im kosteng\u00fcnstigen Pauschalpreis die kostenlose Teilnahme an einem Kettens\u00e4gen Lehrgang, am Fangjagdlehrgang, Schulung zur &#8220;Kundigen Person&#8221;, alle Leihwaffen, alle verschossene Munition inbegriffen!<\/p>\n<p>Sollten Sie bei der J\u00e4gerpr\u00fcfung wider Erwartens dennoch durchfallen, k\u00f6nnen Sie am nachfolgenden Kurs kostenlos nochmals teilnehmen und zahlen lediglich die beh\u00f6rdliche Pr\u00fcfungsgeb\u00fchr und ihre Munitionskosten!<br \/>\nMehr k\u00f6nnen wir Ihnen von unserer Seite nicht anbieten, damit Sie den Jagdschein in regionaler Ausbildung so sicher und in so \u00fcberschaubarer Zeit wie nur irgend m\u00f6glich erlangen!<br \/>\nWir freuen uns, falls Sie sich f\u00fcr uns entscheiden sollten oder in einem ersten Schritt zur Kl\u00e4rung weiterer Fragen mit uns Kontakt aufnehmen.<\/p>\n<h3><strong>Kontakt &#8211; Ausbildungsleiter<\/strong><\/h3>\n<p><span style=\"font-size: 10pt;\"><strong>Mareike Horitzky<\/strong><\/span><\/p>\n<p><span style=\"font-size: 10pt;\"><strong>Stefan Bechtel<\/strong><\/span><\/p>\n<p><span style=\"font-size: 10pt;\"><strong>Martin Ramrath<\/strong><\/span><\/p>\n<p>Email: <a href=\"mailto:ausbildung@jagdschule-darmstadt.de\">ausbildung@jagdschule-darmstadt.de<\/a><\/p>\n<p><img loading=\"lazy\" decoding=\"async\" class=\"alignnone size-medium wp-image-1915\" src=\"http:\/\/newhp.jagdklub-darmstadt.de\/wp-content\/uploads\/2016\/04\/wegbeschreibung-300x240.jpg\" alt=\"Wegbeschreibung\" width=\"300\" height=\"240\" srcset=\"https:\/\/jagdklub-darmstadt.de\/hp\/wp-content\/uploads\/2016\/04\/wegbeschreibung-300x240.jpg 300w, https:\/\/jagdklub-darmstadt.de\/hp\/wp-content\/uploads\/2016\/04\/wegbeschreibung.jpg 551w\" sizes=\"auto, (max-width: 300px) 100vw, 300px\" \/><\/p>\n<\/div>\n","protected":false},"excerpt":{"rendered":"<p>Jagd- und Naturschutzschule Darmstadt &#8211; Der definitive Erfolgsweg zum\/r J\u00e4ger\/in! Sie wollen J\u00e4ger, J\u00e4gerin werden? Wir freuen uns dar\u00fcber sehr und wir freuen uns auch, dass Sie sich aus diesem [&hellip;]<\/p>\n","protected":false},"author":7,"featured_media":0,"parent":0,"menu_order":17,"comment_status":"closed","ping_status":"closed","template":"","meta":{"_price":"","_stock":"","_tribe_ticket_header":"","_tribe_default_ticket_provider":"","_tribe_ticket_capacity":"0","_ticket_start_date":"","_ticket_end_date":"","_tribe_ticket_show_description":"","_tribe_ticket_show_not_going":false,"_tribe_ticket_use_global_stock":"","_tribe_ticket_global_stock_level":"","_global_stock_mode":"","_global_stock_cap":"","_tribe_rsvp_for_event":"","_tribe_ticket_going_count":"","_tribe_ticket_not_going_count":"","_tribe_tickets_list":"[]","_tribe_ticket_has_attendee_info_fields":false,"footnotes":""},"class_list":["post-78","page","type-page","status-publish","hentry"],"yoast_head":"<!-- This site is optimized with the Yoast SEO plugin v27.5 - https:\/\/yoast.com\/product\/yoast-seo-wordpress\/ -->\n<title>Jagd- und Naturschutzschule Darmstadt - Jagdklub Darmstadt<\/title>\n<meta name=\"robots\" content=\"index, follow, max-snippet:-1, max-image-preview:large, max-video-preview:-1\" \/>\n<link rel=\"canonical\" href=\"https:\/\/jagdklub-darmstadt.de\/hp\/jagdschule\/\" \/>\n<meta property=\"og:locale\" content=\"de_DE\" \/>\n<meta property=\"og:type\" content=\"article\" \/>\n<meta property=\"og:title\" content=\"Jagd- und Naturschutzschule Darmstadt - Jagdklub Darmstadt\" \/>\n<meta property=\"og:description\" content=\"Jagd- und Naturschutzschule Darmstadt &#8211; Der definitive Erfolgsweg zum\/r J\u00e4ger\/in! Sie wollen J\u00e4ger, J\u00e4gerin werden? Wir freuen uns dar\u00fcber sehr und wir freuen uns auch, dass Sie sich aus diesem [&hellip;]\" \/>\n<meta property=\"og:url\" content=\"https:\/\/jagdklub-darmstadt.de\/hp\/jagdschule\/\" \/>\n<meta property=\"og:site_name\" content=\"Jagdklub Darmstadt\" \/>\n<meta property=\"article:modified_time\" content=\"2026-03-13T13:38:59+00:00\" \/>\n<meta property=\"og:image\" content=\"https:\/\/jagdklub-darmstadt.de\/hp\/wp-content\/uploads\/2016\/04\/wegbeschreibung.jpg\" \/>\n\t<meta property=\"og:image:width\" content=\"551\" \/>\n\t<meta property=\"og:image:height\" content=\"441\" \/>\n\t<meta property=\"og:image:type\" content=\"image\/jpeg\" \/>\n<meta name=\"twitter:card\" content=\"summary_large_image\" \/>\n<meta name=\"twitter:label1\" content=\"Gesch\u00e4tzte Lesezeit\" \/>\n\t<meta name=\"twitter:data1\" content=\"6\u00a0Minuten\" \/>\n<script type=\"application\/ld+json\" class=\"yoast-schema-graph\">{\"@context\":\"https:\\\/\\\/schema.org\",\"@graph\":[{\"@type\":\"WebPage\",\"@id\":\"https:\\\/\\\/jagdklub-darmstadt.de\\\/hp\\\/jagdschule\\\/\",\"url\":\"https:\\\/\\\/jagdklub-darmstadt.de\\\/hp\\\/jagdschule\\\/\",\"name\":\"Jagd- und Naturschutzschule Darmstadt - Jagdklub Darmstadt\",\"isPartOf\":{\"@id\":\"https:\\\/\\\/jagdklub-darmstadt.de\\\/hp\\\/#website\"},\"primaryImageOfPage\":{\"@id\":\"https:\\\/\\\/jagdklub-darmstadt.de\\\/hp\\\/jagdschule\\\/#primaryimage\"},\"image\":{\"@id\":\"https:\\\/\\\/jagdklub-darmstadt.de\\\/hp\\\/jagdschule\\\/#primaryimage\"},\"thumbnailUrl\":\"http:\\\/\\\/newhp.jagdklub-darmstadt.de\\\/wp-content\\\/uploads\\\/2016\\\/04\\\/wegbeschreibung-300x240.jpg\",\"datePublished\":\"2016-04-13T13:38:26+00:00\",\"dateModified\":\"2026-03-13T13:38:59+00:00\",\"breadcrumb\":{\"@id\":\"https:\\\/\\\/jagdklub-darmstadt.de\\\/hp\\\/jagdschule\\\/#breadcrumb\"},\"inLanguage\":\"de\",\"potentialAction\":[{\"@type\":\"ReadAction\",\"target\":[\"https:\\\/\\\/jagdklub-darmstadt.de\\\/hp\\\/jagdschule\\\/\"]}]},{\"@type\":\"ImageObject\",\"inLanguage\":\"de\",\"@id\":\"https:\\\/\\\/jagdklub-darmstadt.de\\\/hp\\\/jagdschule\\\/#primaryimage\",\"url\":\"http:\\\/\\\/newhp.jagdklub-darmstadt.de\\\/wp-content\\\/uploads\\\/2016\\\/04\\\/wegbeschreibung-300x240.jpg\",\"contentUrl\":\"http:\\\/\\\/newhp.jagdklub-darmstadt.de\\\/wp-content\\\/uploads\\\/2016\\\/04\\\/wegbeschreibung-300x240.jpg\"},{\"@type\":\"BreadcrumbList\",\"@id\":\"https:\\\/\\\/jagdklub-darmstadt.de\\\/hp\\\/jagdschule\\\/#breadcrumb\",\"itemListElement\":[{\"@type\":\"ListItem\",\"position\":1,\"name\":\"Startseite\",\"item\":\"https:\\\/\\\/jagdklub-darmstadt.de\\\/hp\\\/\"},{\"@type\":\"ListItem\",\"position\":2,\"name\":\"Jagd- und Naturschutzschule Darmstadt\"}]},{\"@type\":\"WebSite\",\"@id\":\"https:\\\/\\\/jagdklub-darmstadt.de\\\/hp\\\/#website\",\"url\":\"https:\\\/\\\/jagdklub-darmstadt.de\\\/hp\\\/\",\"name\":\"Jagdklub Darmstadt\",\"description\":\"Die Webseite des Jagdklub Darmstadt, Verein f\u00fcr J\u00e4ger und Sportsch\u00fctzen e.V.\",\"publisher\":{\"@id\":\"https:\\\/\\\/jagdklub-darmstadt.de\\\/hp\\\/#organization\"},\"potentialAction\":[{\"@type\":\"SearchAction\",\"target\":{\"@type\":\"EntryPoint\",\"urlTemplate\":\"https:\\\/\\\/jagdklub-darmstadt.de\\\/hp\\\/?s={search_term_string}\"},\"query-input\":{\"@type\":\"PropertyValueSpecification\",\"valueRequired\":true,\"valueName\":\"search_term_string\"}}],\"inLanguage\":\"de\"},{\"@type\":\"Organization\",\"@id\":\"https:\\\/\\\/jagdklub-darmstadt.de\\\/hp\\\/#organization\",\"name\":\"Jagdklub Darmstadt, Verein f\u00fcr J\u00e4ger und Sportsch\u00fctzen e.V.\",\"url\":\"https:\\\/\\\/jagdklub-darmstadt.de\\\/hp\\\/\",\"logo\":{\"@type\":\"ImageObject\",\"inLanguage\":\"de\",\"@id\":\"https:\\\/\\\/jagdklub-darmstadt.de\\\/hp\\\/#\\\/schema\\\/logo\\\/image\\\/\",\"url\":\"https:\\\/\\\/jagdklub-darmstadt.de\\\/hp\\\/wp-content\\\/uploads\\\/2016\\\/06\\\/JKD-Logo.png\",\"contentUrl\":\"https:\\\/\\\/jagdklub-darmstadt.de\\\/hp\\\/wp-content\\\/uploads\\\/2016\\\/06\\\/JKD-Logo.png\",\"width\":279,\"height\":361,\"caption\":\"Jagdklub Darmstadt, Verein f\u00fcr J\u00e4ger und Sportsch\u00fctzen e.V.\"},\"image\":{\"@id\":\"https:\\\/\\\/jagdklub-darmstadt.de\\\/hp\\\/#\\\/schema\\\/logo\\\/image\\\/\"}}]}<\/script>\n<!-- \/ Yoast SEO plugin. -->","yoast_head_json":{"title":"Jagd- und Naturschutzschule Darmstadt - Jagdklub Darmstadt","robots":{"index":"index","follow":"follow","max-snippet":"max-snippet:-1","max-image-preview":"max-image-preview:large","max-video-preview":"max-video-preview:-1"},"canonical":"https:\/\/jagdklub-darmstadt.de\/hp\/jagdschule\/","og_locale":"de_DE","og_type":"article","og_title":"Jagd- und Naturschutzschule Darmstadt - Jagdklub Darmstadt","og_description":"Jagd- und Naturschutzschule Darmstadt &#8211; Der definitive Erfolgsweg zum\/r J\u00e4ger\/in! Sie wollen J\u00e4ger, J\u00e4gerin werden? Wir freuen uns dar\u00fcber sehr und wir freuen uns auch, dass Sie sich aus diesem [&hellip;]","og_url":"https:\/\/jagdklub-darmstadt.de\/hp\/jagdschule\/","og_site_name":"Jagdklub Darmstadt","article_modified_time":"2026-03-13T13:38:59+00:00","og_image":[{"width":551,"height":441,"url":"https:\/\/jagdklub-darmstadt.de\/hp\/wp-content\/uploads\/2016\/04\/wegbeschreibung.jpg","type":"image\/jpeg"}],"twitter_card":"summary_large_image","twitter_misc":{"Gesch\u00e4tzte Lesezeit":"6\u00a0Minuten"},"schema":{"@context":"https:\/\/schema.org","@graph":[{"@type":"WebPage","@id":"https:\/\/jagdklub-darmstadt.de\/hp\/jagdschule\/","url":"https:\/\/jagdklub-darmstadt.de\/hp\/jagdschule\/","name":"Jagd- und Naturschutzschule Darmstadt - Jagdklub Darmstadt","isPartOf":{"@id":"https:\/\/jagdklub-darmstadt.de\/hp\/#website"},"primaryImageOfPage":{"@id":"https:\/\/jagdklub-darmstadt.de\/hp\/jagdschule\/#primaryimage"},"image":{"@id":"https:\/\/jagdklub-darmstadt.de\/hp\/jagdschule\/#primaryimage"},"thumbnailUrl":"http:\/\/newhp.jagdklub-darmstadt.de\/wp-content\/uploads\/2016\/04\/wegbeschreibung-300x240.jpg","datePublished":"2016-04-13T13:38:26+00:00","dateModified":"2026-03-13T13:38:59+00:00","breadcrumb":{"@id":"https:\/\/jagdklub-darmstadt.de\/hp\/jagdschule\/#breadcrumb"},"inLanguage":"de","potentialAction":[{"@type":"ReadAction","target":["https:\/\/jagdklub-darmstadt.de\/hp\/jagdschule\/"]}]},{"@type":"ImageObject","inLanguage":"de","@id":"https:\/\/jagdklub-darmstadt.de\/hp\/jagdschule\/#primaryimage","url":"http:\/\/newhp.jagdklub-darmstadt.de\/wp-content\/uploads\/2016\/04\/wegbeschreibung-300x240.jpg","contentUrl":"http:\/\/newhp.jagdklub-darmstadt.de\/wp-content\/uploads\/2016\/04\/wegbeschreibung-300x240.jpg"},{"@type":"BreadcrumbList","@id":"https:\/\/jagdklub-darmstadt.de\/hp\/jagdschule\/#breadcrumb","itemListElement":[{"@type":"ListItem","position":1,"name":"Startseite","item":"https:\/\/jagdklub-darmstadt.de\/hp\/"},{"@type":"ListItem","position":2,"name":"Jagd- und Naturschutzschule Darmstadt"}]},{"@type":"WebSite","@id":"https:\/\/jagdklub-darmstadt.de\/hp\/#website","url":"https:\/\/jagdklub-darmstadt.de\/hp\/","name":"Jagdklub Darmstadt","description":"Die Webseite des Jagdklub Darmstadt, Verein f\u00fcr J\u00e4ger und Sportsch\u00fctzen e.V.","publisher":{"@id":"https:\/\/jagdklub-darmstadt.de\/hp\/#organization"},"potentialAction":[{"@type":"SearchAction","target":{"@type":"EntryPoint","urlTemplate":"https:\/\/jagdklub-darmstadt.de\/hp\/?s={search_term_string}"},"query-input":{"@type":"PropertyValueSpecification","valueRequired":true,"valueName":"search_term_string"}}],"inLanguage":"de"},{"@type":"Organization","@id":"https:\/\/jagdklub-darmstadt.de\/hp\/#organization","name":"Jagdklub Darmstadt, Verein f\u00fcr J\u00e4ger und Sportsch\u00fctzen e.V.","url":"https:\/\/jagdklub-darmstadt.de\/hp\/","logo":{"@type":"ImageObject","inLanguage":"de","@id":"https:\/\/jagdklub-darmstadt.de\/hp\/#\/schema\/logo\/image\/","url":"https:\/\/jagdklub-darmstadt.de\/hp\/wp-content\/uploads\/2016\/06\/JKD-Logo.png","contentUrl":"https:\/\/jagdklub-darmstadt.de\/hp\/wp-content\/uploads\/2016\/06\/JKD-Logo.png","width":279,"height":361,"caption":"Jagdklub Darmstadt, Verein f\u00fcr J\u00e4ger und Sportsch\u00fctzen e.V."},"image":{"@id":"https:\/\/jagdklub-darmstadt.de\/hp\/#\/schema\/logo\/image\/"}}]}},"_links":{"self":[{"href":"https:\/\/jagdklub-darmstadt.de\/hp\/wp-json\/wp\/v2\/pages\/78","targetHints":{"allow":["GET"]}}],"collection":[{"href":"https:\/\/jagdklub-darmstadt.de\/hp\/wp-json\/wp\/v2\/pages"}],"about":[{"href":"https:\/\/jagdklub-darmstadt.de\/hp\/wp-json\/wp\/v2\/types\/page"}],"author":[{"embeddable":true,"href":"https:\/\/jagdklub-darmstadt.de\/hp\/wp-json\/wp\/v2\/users\/7"}],"replies":[{"embeddable":true,"href":"https:\/\/jagdklub-darmstadt.de\/hp\/wp-json\/wp\/v2\/comments?post=78"}],"version-history":[{"count":40,"href":"https:\/\/jagdklub-darmstadt.de\/hp\/wp-json\/wp\/v2\/pages\/78\/revisions"}],"predecessor-version":[{"id":6741,"href":"https:\/\/jagdklub-darmstadt.de\/hp\/wp-json\/wp\/v2\/pages\/78\/revisions\/6741"}],"wp:attachment":[{"href":"https:\/\/jagdklub-darmstadt.de\/hp\/wp-json\/wp\/v2\/media?parent=78"}],"curies":[{"name":"wp","href":"https:\/\/api.w.org\/{rel}","templated":true}]}}