{"id":84,"date":"2016-04-13T15:40:23","date_gmt":"2016-04-13T13:40:23","guid":{"rendered":"http:\/\/jagdklub.localhost:8080\/?page_id=84"},"modified":"2024-03-22T09:54:35","modified_gmt":"2024-03-22T08:54:35","slug":"oeffnungszeiten","status":"publish","type":"page","link":"https:\/\/jagdklub-darmstadt.de\/hp\/klubgelaende\/oeffnungszeiten\/","title":{"rendered":"\u00d6ffnungszeiten"},"content":{"rendered":"<h3><strong>\u00d6ffnungszeiten Schie\u00dfstand<\/strong><\/h3>\n<p>&nbsp;<\/p>\n<p>G\u00e4ste und Mitglieder m\u00fcssen die jeweiligen St\u00e4nde online reservieren!<\/p>\n<p>&nbsp;<\/p>\n<div class=\"table-responsive\">\n<table id=\"tablepress-6\" class=\"tablepress tablepress-id-6\">\n<tbody class=\"row-striping row-hover\">\n<tr class=\"row-1\">\n\t<td class=\"column-1\">Montag<\/td><td class=\"column-2\">nur f\u00fcr Mitglieder nutzbar<\/td>\n<\/tr>\n<tr class=\"row-2\">\n\t<td class=\"column-1\">Dienstag<\/td><td class=\"column-2\">nur f\u00fcr Mitglieder nutzbar<\/td>\n<\/tr>\n<tr class=\"row-3\">\n\t<td class=\"column-1\">Mittwoch<\/td><td class=\"column-2\">09.00 - 13.00<br \/>\n15.00 - 18.00<\/td>\n<\/tr>\n<tr class=\"row-4\">\n\t<td class=\"column-1\">Donnerstag<\/td><td class=\"column-2\">nur f\u00fcr Mitglieder nutzbar<\/td>\n<\/tr>\n<tr class=\"row-5\">\n\t<td class=\"column-1\">Freitag<\/td><td class=\"column-2\">09.00 - 13.00<br \/>\n15.00 - 18.00<\/td>\n<\/tr>\n<tr class=\"row-6\">\n\t<td class=\"column-1\">Samstag<\/td><td class=\"column-2\">09.00 - 13.00<br \/>\n15.00 - 18.00<\/td>\n<\/tr>\n<tr class=\"row-7\">\n\t<td class=\"column-1\">Sonntag<\/td><td class=\"column-2\">Geschlossen<\/td>\n<\/tr>\n<\/tbody>\n<\/table>\n<\/div><!-- #tablepress-6 from cache -->\n<p>An gesetzlichen Feiertagen findet kein Schie\u00dfbetrieb statt!<\/p>\n<p>Sollten Sie Bedarf an weiteren Zeiten haben, ein Projekt oder Event planen oder generell den Schie\u00dfstand f\u00fcr Ihre Gruppe nutzen wollen, sprechen Sie uns an!<\/p>\n<p>Einschr\u00e4nkungen des Schie\u00dfbetriebs und Standsperrungen werden im Reservierungsklaender entsprechend angezeigt!<\/p>\n<h3><strong>\u00d6ffnungszeiten Klubheim<\/strong><\/h3>\n<p>Das Klubheim ist nicht bewirtschaftet.<\/p>\n<div class=\"table-responsive\">\n<table id=\"tablepress-7\" class=\"tablepress tablepress-id-7\">\n<tbody class=\"row-striping row-hover\">\n<tr class=\"row-1\">\n\t<td class=\"column-1\">Montag<\/td><td class=\"column-2\">Geschlossen<\/td>\n<\/tr>\n<tr class=\"row-2\">\n\t<td class=\"column-1\">Dienstag<\/td><td class=\"column-2\">Geschlossen<\/td>\n<\/tr>\n<tr class=\"row-3\">\n\t<td class=\"column-1\">Mittwoch<\/td><td class=\"column-2\">09.00 -  18.00<\/td>\n<\/tr>\n<tr class=\"row-4\">\n\t<td class=\"column-1\">Donnerstag<\/td><td class=\"column-2\">Geschlossen<\/td>\n<\/tr>\n<tr class=\"row-5\">\n\t<td class=\"column-1\">Freitag<\/td><td class=\"column-2\">09.00 - 18.00<\/td>\n<\/tr>\n<tr class=\"row-6\">\n\t<td class=\"column-1\">Samstag<\/td><td class=\"column-2\">09.00 - 18.00<\/td>\n<\/tr>\n<tr class=\"row-7\">\n\t<td class=\"column-1\">Sonntag<\/td><td class=\"column-2\">Geschlossen<\/td>\n<\/tr>\n<\/tbody>\n<\/table>\n<\/div><!-- #tablepress-7 from cache -->\n","protected":false},"excerpt":{"rendered":"<p>\u00d6ffnungszeiten Schie\u00dfstand &nbsp; G\u00e4ste und Mitglieder m\u00fcssen die jeweiligen St\u00e4nde online reservieren! &nbsp; An gesetzlichen Feiertagen findet kein Schie\u00dfbetrieb statt! Sollten Sie Bedarf an weiteren Zeiten haben, ein Projekt oder [&hellip;]<\/p>\n","protected":false},"author":7,"featured_media":0,"parent":80,"menu_order":20,"comment_status":"closed","ping_status":"closed","template":"","meta":{"_price":"","_stock":"","_tribe_ticket_header":"","_tribe_default_ticket_provider":"","_tribe_ticket_capacity":"0","_ticket_start_date":"","_ticket_end_date":"","_tribe_ticket_show_description":"","_tribe_ticket_show_not_going":false,"_tribe_ticket_use_global_stock":"","_tribe_ticket_global_stock_level":"","_global_stock_mode":"","_global_stock_cap":"","_tribe_rsvp_for_event":"","_tribe_ticket_going_count":"","_tribe_ticket_not_going_count":"","_tribe_tickets_list":"[]","_tribe_ticket_has_attendee_info_fields":false,"footnotes":""},"class_list":["post-84","page","type-page","status-publish","hentry"],"yoast_head":"<!-- This site is optimized with the Yoast SEO plugin v27.5 - https:\/\/yoast.com\/product\/yoast-seo-wordpress\/ -->\n<title>\u00d6ffnungszeiten - Jagdklub Darmstadt<\/title>\n<meta name=\"robots\" content=\"index, follow, max-snippet:-1, max-image-preview:large, max-video-preview:-1\" \/>\n<link rel=\"canonical\" href=\"https:\/\/jagdklub-darmstadt.de\/hp\/klubgelaende\/oeffnungszeiten\/\" \/>\n<meta property=\"og:locale\" content=\"de_DE\" \/>\n<meta property=\"og:type\" content=\"article\" \/>\n<meta property=\"og:title\" content=\"\u00d6ffnungszeiten - Jagdklub Darmstadt\" \/>\n<meta property=\"og:description\" content=\"\u00d6ffnungszeiten Schie\u00dfstand &nbsp; G\u00e4ste und Mitglieder m\u00fcssen die jeweiligen St\u00e4nde online reservieren! &nbsp; An gesetzlichen Feiertagen findet kein Schie\u00dfbetrieb statt! Sollten Sie Bedarf an weiteren Zeiten haben, ein Projekt oder [&hellip;]\" \/>\n<meta property=\"og:url\" content=\"https:\/\/jagdklub-darmstadt.de\/hp\/klubgelaende\/oeffnungszeiten\/\" \/>\n<meta property=\"og:site_name\" content=\"Jagdklub Darmstadt\" \/>\n<meta property=\"article:modified_time\" content=\"2024-03-22T08:54:35+00:00\" \/>\n<meta name=\"twitter:card\" content=\"summary_large_image\" \/>\n<meta name=\"twitter:label1\" content=\"Gesch\u00e4tzte Lesezeit\" \/>\n\t<meta name=\"twitter:data1\" content=\"1\u00a0Minute\" \/>\n<script type=\"application\/ld+json\" class=\"yoast-schema-graph\">{\"@context\":\"https:\\\/\\\/schema.org\",\"@graph\":[{\"@type\":\"WebPage\",\"@id\":\"https:\\\/\\\/jagdklub-darmstadt.de\\\/hp\\\/klubgelaende\\\/oeffnungszeiten\\\/\",\"url\":\"https:\\\/\\\/jagdklub-darmstadt.de\\\/hp\\\/klubgelaende\\\/oeffnungszeiten\\\/\",\"name\":\"\u00d6ffnungszeiten - Jagdklub Darmstadt\",\"isPartOf\":{\"@id\":\"https:\\\/\\\/jagdklub-darmstadt.de\\\/hp\\\/#website\"},\"datePublished\":\"2016-04-13T13:40:23+00:00\",\"dateModified\":\"2024-03-22T08:54:35+00:00\",\"breadcrumb\":{\"@id\":\"https:\\\/\\\/jagdklub-darmstadt.de\\\/hp\\\/klubgelaende\\\/oeffnungszeiten\\\/#breadcrumb\"},\"inLanguage\":\"de\",\"potentialAction\":[{\"@type\":\"ReadAction\",\"target\":[\"https:\\\/\\\/jagdklub-darmstadt.de\\\/hp\\\/klubgelaende\\\/oeffnungszeiten\\\/\"]}]},{\"@type\":\"BreadcrumbList\",\"@id\":\"https:\\\/\\\/jagdklub-darmstadt.de\\\/hp\\\/klubgelaende\\\/oeffnungszeiten\\\/#breadcrumb\",\"itemListElement\":[{\"@type\":\"ListItem\",\"position\":1,\"name\":\"Startseite\",\"item\":\"https:\\\/\\\/jagdklub-darmstadt.de\\\/hp\\\/\"},{\"@type\":\"ListItem\",\"position\":2,\"name\":\"Klubgel\u00e4nde\",\"item\":\"https:\\\/\\\/jagdklub-darmstadt.de\\\/hp\\\/klubgelaende\\\/\"},{\"@type\":\"ListItem\",\"position\":3,\"name\":\"\u00d6ffnungszeiten\"}]},{\"@type\":\"WebSite\",\"@id\":\"https:\\\/\\\/jagdklub-darmstadt.de\\\/hp\\\/#website\",\"url\":\"https:\\\/\\\/jagdklub-darmstadt.de\\\/hp\\\/\",\"name\":\"Jagdklub Darmstadt\",\"description\":\"Die Webseite des Jagdklub Darmstadt, Verein f\u00fcr J\u00e4ger und Sportsch\u00fctzen e.V.\",\"publisher\":{\"@id\":\"https:\\\/\\\/jagdklub-darmstadt.de\\\/hp\\\/#organization\"},\"potentialAction\":[{\"@type\":\"SearchAction\",\"target\":{\"@type\":\"EntryPoint\",\"urlTemplate\":\"https:\\\/\\\/jagdklub-darmstadt.de\\\/hp\\\/?s={search_term_string}\"},\"query-input\":{\"@type\":\"PropertyValueSpecification\",\"valueRequired\":true,\"valueName\":\"search_term_string\"}}],\"inLanguage\":\"de\"},{\"@type\":\"Organization\",\"@id\":\"https:\\\/\\\/jagdklub-darmstadt.de\\\/hp\\\/#organization\",\"name\":\"Jagdklub Darmstadt, Verein f\u00fcr J\u00e4ger und Sportsch\u00fctzen e.V.\",\"url\":\"https:\\\/\\\/jagdklub-darmstadt.de\\\/hp\\\/\",\"logo\":{\"@type\":\"ImageObject\",\"inLanguage\":\"de\",\"@id\":\"https:\\\/\\\/jagdklub-darmstadt.de\\\/hp\\\/#\\\/schema\\\/logo\\\/image\\\/\",\"url\":\"https:\\\/\\\/jagdklub-darmstadt.de\\\/hp\\\/wp-content\\\/uploads\\\/2016\\\/06\\\/JKD-Logo.png\",\"contentUrl\":\"https:\\\/\\\/jagdklub-darmstadt.de\\\/hp\\\/wp-content\\\/uploads\\\/2016\\\/06\\\/JKD-Logo.png\",\"width\":279,\"height\":361,\"caption\":\"Jagdklub Darmstadt, Verein f\u00fcr J\u00e4ger und Sportsch\u00fctzen e.V.\"},\"image\":{\"@id\":\"https:\\\/\\\/jagdklub-darmstadt.de\\\/hp\\\/#\\\/schema\\\/logo\\\/image\\\/\"}}]}<\/script>\n<!-- \/ Yoast SEO plugin. -->","yoast_head_json":{"title":"\u00d6ffnungszeiten - Jagdklub Darmstadt","robots":{"index":"index","follow":"follow","max-snippet":"max-snippet:-1","max-image-preview":"max-image-preview:large","max-video-preview":"max-video-preview:-1"},"canonical":"https:\/\/jagdklub-darmstadt.de\/hp\/klubgelaende\/oeffnungszeiten\/","og_locale":"de_DE","og_type":"article","og_title":"\u00d6ffnungszeiten - Jagdklub Darmstadt","og_description":"\u00d6ffnungszeiten Schie\u00dfstand &nbsp; G\u00e4ste und Mitglieder m\u00fcssen die jeweiligen St\u00e4nde online reservieren! &nbsp; An gesetzlichen Feiertagen findet kein Schie\u00dfbetrieb statt! Sollten Sie Bedarf an weiteren Zeiten haben, ein Projekt oder [&hellip;]","og_url":"https:\/\/jagdklub-darmstadt.de\/hp\/klubgelaende\/oeffnungszeiten\/","og_site_name":"Jagdklub Darmstadt","article_modified_time":"2024-03-22T08:54:35+00:00","twitter_card":"summary_large_image","twitter_misc":{"Gesch\u00e4tzte Lesezeit":"1\u00a0Minute"},"schema":{"@context":"https:\/\/schema.org","@graph":[{"@type":"WebPage","@id":"https:\/\/jagdklub-darmstadt.de\/hp\/klubgelaende\/oeffnungszeiten\/","url":"https:\/\/jagdklub-darmstadt.de\/hp\/klubgelaende\/oeffnungszeiten\/","name":"\u00d6ffnungszeiten - Jagdklub Darmstadt","isPartOf":{"@id":"https:\/\/jagdklub-darmstadt.de\/hp\/#website"},"datePublished":"2016-04-13T13:40:23+00:00","dateModified":"2024-03-22T08:54:35+00:00","breadcrumb":{"@id":"https:\/\/jagdklub-darmstadt.de\/hp\/klubgelaende\/oeffnungszeiten\/#breadcrumb"},"inLanguage":"de","potentialAction":[{"@type":"ReadAction","target":["https:\/\/jagdklub-darmstadt.de\/hp\/klubgelaende\/oeffnungszeiten\/"]}]},{"@type":"BreadcrumbList","@id":"https:\/\/jagdklub-darmstadt.de\/hp\/klubgelaende\/oeffnungszeiten\/#breadcrumb","itemListElement":[{"@type":"ListItem","position":1,"name":"Startseite","item":"https:\/\/jagdklub-darmstadt.de\/hp\/"},{"@type":"ListItem","position":2,"name":"Klubgel\u00e4nde","item":"https:\/\/jagdklub-darmstadt.de\/hp\/klubgelaende\/"},{"@type":"ListItem","position":3,"name":"\u00d6ffnungszeiten"}]},{"@type":"WebSite","@id":"https:\/\/jagdklub-darmstadt.de\/hp\/#website","url":"https:\/\/jagdklub-darmstadt.de\/hp\/","name":"Jagdklub Darmstadt","description":"Die Webseite des Jagdklub Darmstadt, Verein f\u00fcr J\u00e4ger und Sportsch\u00fctzen e.V.","publisher":{"@id":"https:\/\/jagdklub-darmstadt.de\/hp\/#organization"},"potentialAction":[{"@type":"SearchAction","target":{"@type":"EntryPoint","urlTemplate":"https:\/\/jagdklub-darmstadt.de\/hp\/?s={search_term_string}"},"query-input":{"@type":"PropertyValueSpecification","valueRequired":true,"valueName":"search_term_string"}}],"inLanguage":"de"},{"@type":"Organization","@id":"https:\/\/jagdklub-darmstadt.de\/hp\/#organization","name":"Jagdklub Darmstadt, Verein f\u00fcr J\u00e4ger und Sportsch\u00fctzen e.V.","url":"https:\/\/jagdklub-darmstadt.de\/hp\/","logo":{"@type":"ImageObject","inLanguage":"de","@id":"https:\/\/jagdklub-darmstadt.de\/hp\/#\/schema\/logo\/image\/","url":"https:\/\/jagdklub-darmstadt.de\/hp\/wp-content\/uploads\/2016\/06\/JKD-Logo.png","contentUrl":"https:\/\/jagdklub-darmstadt.de\/hp\/wp-content\/uploads\/2016\/06\/JKD-Logo.png","width":279,"height":361,"caption":"Jagdklub Darmstadt, Verein f\u00fcr J\u00e4ger und Sportsch\u00fctzen e.V."},"image":{"@id":"https:\/\/jagdklub-darmstadt.de\/hp\/#\/schema\/logo\/image\/"}}]}},"_links":{"self":[{"href":"https:\/\/jagdklub-darmstadt.de\/hp\/wp-json\/wp\/v2\/pages\/84","targetHints":{"allow":["GET"]}}],"collection":[{"href":"https:\/\/jagdklub-darmstadt.de\/hp\/wp-json\/wp\/v2\/pages"}],"about":[{"href":"https:\/\/jagdklub-darmstadt.de\/hp\/wp-json\/wp\/v2\/types\/page"}],"author":[{"embeddable":true,"href":"https:\/\/jagdklub-darmstadt.de\/hp\/wp-json\/wp\/v2\/users\/7"}],"replies":[{"embeddable":true,"href":"https:\/\/jagdklub-darmstadt.de\/hp\/wp-json\/wp\/v2\/comments?post=84"}],"version-history":[{"count":22,"href":"https:\/\/jagdklub-darmstadt.de\/hp\/wp-json\/wp\/v2\/pages\/84\/revisions"}],"predecessor-version":[{"id":5743,"href":"https:\/\/jagdklub-darmstadt.de\/hp\/wp-json\/wp\/v2\/pages\/84\/revisions\/5743"}],"up":[{"embeddable":true,"href":"https:\/\/jagdklub-darmstadt.de\/hp\/wp-json\/wp\/v2\/pages\/80"}],"wp:attachment":[{"href":"https:\/\/jagdklub-darmstadt.de\/hp\/wp-json\/wp\/v2\/media?parent=84"}],"curies":[{"name":"wp","href":"https:\/\/api.w.org\/{rel}","templated":true}]}}