{"id":86,"date":"2016-04-13T15:40:52","date_gmt":"2016-04-13T13:40:52","guid":{"rendered":"http:\/\/jagdklub.localhost:8080\/?page_id=86"},"modified":"2026-03-13T14:19:28","modified_gmt":"2026-03-13T13:19:28","slug":"schiessstand","status":"publish","type":"page","link":"https:\/\/jagdklub-darmstadt.de\/hp\/klubgelaende\/schiessstand\/","title":{"rendered":"Schie\u00dfstand"},"content":{"rendered":"<h3>Welche St\u00e4nde stehen zur Verf\u00fcgung?<\/h3>\n<p>Auf dem Gel\u00e4nde des Jagdklub Darmstadt gibt es mehrere Sch\u00fctzenst\u00e4nde f\u00fcr die unterschiedlichsten Disziplinen:<\/p>\n<p><strong>Kipphase<\/strong> &#8211; mit Schrot aus 35m auf eine gezogene, dreiteilige Hasensilhouette aus Blech<\/p>\n<p><strong>Laufender Keiler<\/strong> &#8211; mit einem Einzelgescho\u00df aus einer B\u00fcchse auf eine Pappscheibe mit einer gemalten Wildsau, die von rechts nach links und zur\u00fcck gezogen wird, aus 60m Entfernung<\/p>\n<p><strong>50 oder 100m St\u00e4nde<\/strong> &#8211; zum \u00dcben oder Einschie\u00dfen von B\u00fcchsen<\/p>\n<p><strong>Kurzwaffenst\u00e4nde<\/strong> &#8211; auf bis zu 25m auf feststehende oder klappbare Pappscheiben<\/p>\n<p>Alle St\u00e4nde sind auch zum Schie\u00dfen von Schwarzpulverwaffen (Vorderlader) zugelassen!<\/p>\n<h3><\/h3>\n<h3>Preise:<\/h3>\n<p>F\u00fcr Mitglieder ist die Standnutzung inkl. Verbrauchsmaterialien in Gebrauchsmengen (Scheiben, Spiegel, Schusspflaster etc.) kostenlos.<br \/>\nG\u00e4ste zahlen entweder vor Ort mit EC-Karte\/Kreditkarte o.\u00e4. oder im Rahmen der Online-Buchung mittels Kreditkarte <strong>15 Euro pro 30 Minuten und Sch\u00fctze<\/strong>. Eine Barzahlung ist generell nicht mehr m\u00f6glich!<br \/>\nEine Onlinebuchung ist stets zwingend Voraussetzung und kann hier vorgenommen werden:\u00a0 <a href=\"https:\/\/jagdklub-darmstadt.de\/hp\/reservierung_stand\/\">&lt;BUCHUNG&gt;<\/a> !<\/p>\n<p>&nbsp;<\/p>\n<p>&nbsp;<\/p>\n<h3><strong>Bilder vom Klubgel\u00e4nde<\/strong><\/h3>\n\n\t\t<style type=\"text\/css\">\n\t\t\t#gallery-1 {\n\t\t\t\tmargin: auto;\n\t\t\t}\n\t\t\t#gallery-1 .gallery-item {\n\t\t\t\tfloat: left;\n\t\t\t\tmargin-top: 10px;\n\t\t\t\ttext-align: center;\n\t\t\t\twidth: 33%;\n\t\t\t}\n\t\t\t#gallery-1 img {\n\t\t\t\tborder: 2px solid #cfcfcf;\n\t\t\t}\n\t\t\t#gallery-1 .gallery-caption {\n\t\t\t\tmargin-left: 0;\n\t\t\t}\n\t\t\t\/* see gallery_shortcode() in wp-includes\/media.php *\/\n\t\t<\/style>\n\t\t<div id='gallery-1' class='gallery galleryid-86 gallery-columns-3 gallery-size-thumbnail'><dl class='gallery-item'>\n\t\t\t<dt class='gallery-icon landscape'>\n\t\t\t\t<a href='https:\/\/jagdklub-darmstadt.de\/hp\/klubgelaende\/schiessstand\/khalt\/'><img loading=\"lazy\" decoding=\"async\" width=\"150\" height=\"150\" src=\"https:\/\/jagdklub-darmstadt.de\/hp\/wp-content\/uploads\/2016\/04\/khalt-150x150.jpg\" class=\"attachment-thumbnail size-thumbnail\" alt=\"\" aria-describedby=\"gallery-1-318\" \/><\/a>\n\t\t\t<\/dt>\n\t\t\t\t<dd class='wp-caption-text gallery-caption' id='gallery-1-318'>\n\t\t\t\tAlter Kipphasenstand\n\t\t\t\t<\/dd><\/dl><dl class='gallery-item'>\n\t\t\t<dt class='gallery-icon landscape'>\n\t\t\t\t<a href='https:\/\/jagdklub-darmstadt.de\/hp\/klubgelaende\/schiessstand\/pistole\/'><img loading=\"lazy\" decoding=\"async\" width=\"150\" height=\"150\" src=\"https:\/\/jagdklub-darmstadt.de\/hp\/wp-content\/uploads\/2016\/04\/pistole-150x150.jpg\" class=\"attachment-thumbnail size-thumbnail\" alt=\"\" aria-describedby=\"gallery-1-317\" \/><\/a>\n\t\t\t<\/dt>\n\t\t\t\t<dd class='wp-caption-text gallery-caption' id='gallery-1-317'>\n\t\t\t\tPistolenstand\n\t\t\t\t<\/dd><\/dl><dl class='gallery-item'>\n\t\t\t<dt class='gallery-icon landscape'>\n\t\t\t\t<a href='https:\/\/jagdklub-darmstadt.de\/hp\/klubgelaende\/schiessstand\/4-100-2\/'><img loading=\"lazy\" decoding=\"async\" width=\"150\" height=\"150\" src=\"https:\/\/jagdklub-darmstadt.de\/hp\/wp-content\/uploads\/2016\/04\/4-100-2-150x150.jpg\" class=\"attachment-thumbnail size-thumbnail\" alt=\"\" aria-describedby=\"gallery-1-316\" \/><\/a>\n\t\t\t<\/dt>\n\t\t\t\t<dd class='wp-caption-text gallery-caption' id='gallery-1-316'>\n\t\t\t\t4x100m Stand\n\t\t\t\t<\/dd><\/dl><br style=\"clear: both\" \/><dl class='gallery-item'>\n\t\t\t<dt class='gallery-icon landscape'>\n\t\t\t\t<a href='https:\/\/jagdklub-darmstadt.de\/hp\/klubgelaende\/schiessstand\/4-100\/'><img loading=\"lazy\" decoding=\"async\" width=\"150\" height=\"150\" src=\"https:\/\/jagdklub-darmstadt.de\/hp\/wp-content\/uploads\/2016\/04\/4-100-150x150.jpg\" class=\"attachment-thumbnail size-thumbnail\" alt=\"\" aria-describedby=\"gallery-1-315\" \/><\/a>\n\t\t\t<\/dt>\n\t\t\t\t<dd class='wp-caption-text gallery-caption' id='gallery-1-315'>\n\t\t\t\t4x100m Stand\n\t\t\t\t<\/dd><\/dl><dl class='gallery-item'>\n\t\t\t<dt class='gallery-icon landscape'>\n\t\t\t\t<a href='https:\/\/jagdklub-darmstadt.de\/hp\/klubgelaende\/schiessstand\/lkeiler\/'><img loading=\"lazy\" decoding=\"async\" width=\"150\" height=\"150\" src=\"https:\/\/jagdklub-darmstadt.de\/hp\/wp-content\/uploads\/2016\/04\/lkeiler-150x150.jpg\" class=\"attachment-thumbnail size-thumbnail\" alt=\"\" aria-describedby=\"gallery-1-314\" \/><\/a>\n\t\t\t<\/dt>\n\t\t\t\t<dd class='wp-caption-text gallery-caption' id='gallery-1-314'>\n\t\t\t\tLaufender Keiler\n\t\t\t\t<\/dd><\/dl><dl class='gallery-item'>\n\t\t\t<dt class='gallery-icon landscape'>\n\t\t\t\t<a href='https:\/\/jagdklub-darmstadt.de\/hp\/klubgelaende\/schiessstand\/khneu2\/'><img loading=\"lazy\" decoding=\"async\" width=\"150\" height=\"150\" src=\"https:\/\/jagdklub-darmstadt.de\/hp\/wp-content\/uploads\/2016\/04\/khneu2-150x150.jpg\" class=\"attachment-thumbnail size-thumbnail\" alt=\"\" aria-describedby=\"gallery-1-313\" \/><\/a>\n\t\t\t<\/dt>\n\t\t\t\t<dd class='wp-caption-text gallery-caption' id='gallery-1-313'>\n\t\t\t\tNeuer Kipphasenstand\n\t\t\t\t<\/dd><\/dl><br style=\"clear: both\" \/><dl class='gallery-item'>\n\t\t\t<dt class='gallery-icon landscape'>\n\t\t\t\t<a href='https:\/\/jagdklub-darmstadt.de\/hp\/klubgelaende\/schiessstand\/khneu\/'><img loading=\"lazy\" decoding=\"async\" width=\"150\" height=\"150\" src=\"https:\/\/jagdklub-darmstadt.de\/hp\/wp-content\/uploads\/2016\/04\/khneu-150x150.jpg\" class=\"attachment-thumbnail size-thumbnail\" alt=\"\" aria-describedby=\"gallery-1-311\" \/><\/a>\n\t\t\t<\/dt>\n\t\t\t\t<dd class='wp-caption-text gallery-caption' id='gallery-1-311'>\n\t\t\t\tNeuer Kipphasenstand\n\t\t\t\t<\/dd><\/dl>\n\t\t\t<br style='clear: both' \/>\n\t\t<\/div>\n\n","protected":false},"excerpt":{"rendered":"<p>Welche St\u00e4nde stehen zur Verf\u00fcgung? Auf dem Gel\u00e4nde des Jagdklub Darmstadt gibt es mehrere Sch\u00fctzenst\u00e4nde f\u00fcr die unterschiedlichsten Disziplinen: Kipphase &#8211; mit Schrot aus 35m auf eine gezogene, dreiteilige Hasensilhouette [&hellip;]<\/p>\n","protected":false},"author":7,"featured_media":0,"parent":80,"menu_order":21,"comment_status":"closed","ping_status":"closed","template":"","meta":{"_price":"","_stock":"","_tribe_ticket_header":"","_tribe_default_ticket_provider":"","_tribe_ticket_capacity":"0","_ticket_start_date":"","_ticket_end_date":"","_tribe_ticket_show_description":"","_tribe_ticket_show_not_going":false,"_tribe_ticket_use_global_stock":"","_tribe_ticket_global_stock_level":"","_global_stock_mode":"","_global_stock_cap":"","_tribe_rsvp_for_event":"","_tribe_ticket_going_count":"","_tribe_ticket_not_going_count":"","_tribe_tickets_list":"[]","_tribe_ticket_has_attendee_info_fields":false,"footnotes":""},"class_list":["post-86","page","type-page","status-publish","hentry"],"yoast_head":"<!-- This site is optimized with the Yoast SEO plugin v27.4 - https:\/\/yoast.com\/product\/yoast-seo-wordpress\/ -->\n<title>Schie\u00dfstand - Jagdklub Darmstadt<\/title>\n<meta name=\"robots\" content=\"index, follow, max-snippet:-1, max-image-preview:large, max-video-preview:-1\" \/>\n<link rel=\"canonical\" href=\"https:\/\/jagdklub-darmstadt.de\/hp\/klubgelaende\/schiessstand\/\" \/>\n<meta property=\"og:locale\" content=\"de_DE\" \/>\n<meta property=\"og:type\" content=\"article\" \/>\n<meta property=\"og:title\" content=\"Schie\u00dfstand - Jagdklub Darmstadt\" \/>\n<meta property=\"og:description\" content=\"Welche St\u00e4nde stehen zur Verf\u00fcgung? Auf dem Gel\u00e4nde des Jagdklub Darmstadt gibt es mehrere Sch\u00fctzenst\u00e4nde f\u00fcr die unterschiedlichsten Disziplinen: Kipphase &#8211; mit Schrot aus 35m auf eine gezogene, dreiteilige Hasensilhouette [&hellip;]\" \/>\n<meta property=\"og:url\" content=\"https:\/\/jagdklub-darmstadt.de\/hp\/klubgelaende\/schiessstand\/\" \/>\n<meta property=\"og:site_name\" content=\"Jagdklub Darmstadt\" \/>\n<meta property=\"article:modified_time\" content=\"2026-03-13T13:19:28+00:00\" \/>\n<meta property=\"og:image\" content=\"https:\/\/jagdklub-darmstadt.de\/hp\/wp-content\/uploads\/2016\/04\/khalt-150x150.jpg\" \/>\n<meta name=\"twitter:card\" content=\"summary_large_image\" \/>\n<meta name=\"twitter:label1\" content=\"Gesch\u00e4tzte Lesezeit\" \/>\n\t<meta name=\"twitter:data1\" content=\"1\u00a0Minute\" \/>\n<script type=\"application\/ld+json\" class=\"yoast-schema-graph\">{\"@context\":\"https:\\\/\\\/schema.org\",\"@graph\":[{\"@type\":\"WebPage\",\"@id\":\"https:\\\/\\\/jagdklub-darmstadt.de\\\/hp\\\/klubgelaende\\\/schiessstand\\\/\",\"url\":\"https:\\\/\\\/jagdklub-darmstadt.de\\\/hp\\\/klubgelaende\\\/schiessstand\\\/\",\"name\":\"Schie\u00dfstand - Jagdklub Darmstadt\",\"isPartOf\":{\"@id\":\"https:\\\/\\\/jagdklub-darmstadt.de\\\/hp\\\/#website\"},\"datePublished\":\"2016-04-13T13:40:52+00:00\",\"dateModified\":\"2026-03-13T13:19:28+00:00\",\"breadcrumb\":{\"@id\":\"https:\\\/\\\/jagdklub-darmstadt.de\\\/hp\\\/klubgelaende\\\/schiessstand\\\/#breadcrumb\"},\"inLanguage\":\"de\",\"potentialAction\":[{\"@type\":\"ReadAction\",\"target\":[\"https:\\\/\\\/jagdklub-darmstadt.de\\\/hp\\\/klubgelaende\\\/schiessstand\\\/\"]}]},{\"@type\":\"BreadcrumbList\",\"@id\":\"https:\\\/\\\/jagdklub-darmstadt.de\\\/hp\\\/klubgelaende\\\/schiessstand\\\/#breadcrumb\",\"itemListElement\":[{\"@type\":\"ListItem\",\"position\":1,\"name\":\"Startseite\",\"item\":\"https:\\\/\\\/jagdklub-darmstadt.de\\\/hp\\\/\"},{\"@type\":\"ListItem\",\"position\":2,\"name\":\"Klubgel\u00e4nde\",\"item\":\"https:\\\/\\\/jagdklub-darmstadt.de\\\/hp\\\/klubgelaende\\\/\"},{\"@type\":\"ListItem\",\"position\":3,\"name\":\"Schie\u00dfstand\"}]},{\"@type\":\"WebSite\",\"@id\":\"https:\\\/\\\/jagdklub-darmstadt.de\\\/hp\\\/#website\",\"url\":\"https:\\\/\\\/jagdklub-darmstadt.de\\\/hp\\\/\",\"name\":\"Jagdklub Darmstadt\",\"description\":\"Die Webseite des Jagdklub Darmstadt, Verein f\u00fcr J\u00e4ger und Sportsch\u00fctzen e.V.\",\"publisher\":{\"@id\":\"https:\\\/\\\/jagdklub-darmstadt.de\\\/hp\\\/#organization\"},\"potentialAction\":[{\"@type\":\"SearchAction\",\"target\":{\"@type\":\"EntryPoint\",\"urlTemplate\":\"https:\\\/\\\/jagdklub-darmstadt.de\\\/hp\\\/?s={search_term_string}\"},\"query-input\":{\"@type\":\"PropertyValueSpecification\",\"valueRequired\":true,\"valueName\":\"search_term_string\"}}],\"inLanguage\":\"de\"},{\"@type\":\"Organization\",\"@id\":\"https:\\\/\\\/jagdklub-darmstadt.de\\\/hp\\\/#organization\",\"name\":\"Jagdklub Darmstadt, Verein f\u00fcr J\u00e4ger und Sportsch\u00fctzen e.V.\",\"url\":\"https:\\\/\\\/jagdklub-darmstadt.de\\\/hp\\\/\",\"logo\":{\"@type\":\"ImageObject\",\"inLanguage\":\"de\",\"@id\":\"https:\\\/\\\/jagdklub-darmstadt.de\\\/hp\\\/#\\\/schema\\\/logo\\\/image\\\/\",\"url\":\"https:\\\/\\\/jagdklub-darmstadt.de\\\/hp\\\/wp-content\\\/uploads\\\/2016\\\/06\\\/JKD-Logo.png\",\"contentUrl\":\"https:\\\/\\\/jagdklub-darmstadt.de\\\/hp\\\/wp-content\\\/uploads\\\/2016\\\/06\\\/JKD-Logo.png\",\"width\":279,\"height\":361,\"caption\":\"Jagdklub Darmstadt, Verein f\u00fcr J\u00e4ger und Sportsch\u00fctzen e.V.\"},\"image\":{\"@id\":\"https:\\\/\\\/jagdklub-darmstadt.de\\\/hp\\\/#\\\/schema\\\/logo\\\/image\\\/\"}}]}<\/script>\n<!-- \/ Yoast SEO plugin. -->","yoast_head_json":{"title":"Schie\u00dfstand - Jagdklub Darmstadt","robots":{"index":"index","follow":"follow","max-snippet":"max-snippet:-1","max-image-preview":"max-image-preview:large","max-video-preview":"max-video-preview:-1"},"canonical":"https:\/\/jagdklub-darmstadt.de\/hp\/klubgelaende\/schiessstand\/","og_locale":"de_DE","og_type":"article","og_title":"Schie\u00dfstand - Jagdklub Darmstadt","og_description":"Welche St\u00e4nde stehen zur Verf\u00fcgung? Auf dem Gel\u00e4nde des Jagdklub Darmstadt gibt es mehrere Sch\u00fctzenst\u00e4nde f\u00fcr die unterschiedlichsten Disziplinen: Kipphase &#8211; mit Schrot aus 35m auf eine gezogene, dreiteilige Hasensilhouette [&hellip;]","og_url":"https:\/\/jagdklub-darmstadt.de\/hp\/klubgelaende\/schiessstand\/","og_site_name":"Jagdklub Darmstadt","article_modified_time":"2026-03-13T13:19:28+00:00","og_image":[{"url":"https:\/\/jagdklub-darmstadt.de\/hp\/wp-content\/uploads\/2016\/04\/khalt-150x150.jpg","type":"","width":"","height":""}],"twitter_card":"summary_large_image","twitter_misc":{"Gesch\u00e4tzte Lesezeit":"1\u00a0Minute"},"schema":{"@context":"https:\/\/schema.org","@graph":[{"@type":"WebPage","@id":"https:\/\/jagdklub-darmstadt.de\/hp\/klubgelaende\/schiessstand\/","url":"https:\/\/jagdklub-darmstadt.de\/hp\/klubgelaende\/schiessstand\/","name":"Schie\u00dfstand - Jagdklub Darmstadt","isPartOf":{"@id":"https:\/\/jagdklub-darmstadt.de\/hp\/#website"},"datePublished":"2016-04-13T13:40:52+00:00","dateModified":"2026-03-13T13:19:28+00:00","breadcrumb":{"@id":"https:\/\/jagdklub-darmstadt.de\/hp\/klubgelaende\/schiessstand\/#breadcrumb"},"inLanguage":"de","potentialAction":[{"@type":"ReadAction","target":["https:\/\/jagdklub-darmstadt.de\/hp\/klubgelaende\/schiessstand\/"]}]},{"@type":"BreadcrumbList","@id":"https:\/\/jagdklub-darmstadt.de\/hp\/klubgelaende\/schiessstand\/#breadcrumb","itemListElement":[{"@type":"ListItem","position":1,"name":"Startseite","item":"https:\/\/jagdklub-darmstadt.de\/hp\/"},{"@type":"ListItem","position":2,"name":"Klubgel\u00e4nde","item":"https:\/\/jagdklub-darmstadt.de\/hp\/klubgelaende\/"},{"@type":"ListItem","position":3,"name":"Schie\u00dfstand"}]},{"@type":"WebSite","@id":"https:\/\/jagdklub-darmstadt.de\/hp\/#website","url":"https:\/\/jagdklub-darmstadt.de\/hp\/","name":"Jagdklub Darmstadt","description":"Die Webseite des Jagdklub Darmstadt, Verein f\u00fcr J\u00e4ger und Sportsch\u00fctzen e.V.","publisher":{"@id":"https:\/\/jagdklub-darmstadt.de\/hp\/#organization"},"potentialAction":[{"@type":"SearchAction","target":{"@type":"EntryPoint","urlTemplate":"https:\/\/jagdklub-darmstadt.de\/hp\/?s={search_term_string}"},"query-input":{"@type":"PropertyValueSpecification","valueRequired":true,"valueName":"search_term_string"}}],"inLanguage":"de"},{"@type":"Organization","@id":"https:\/\/jagdklub-darmstadt.de\/hp\/#organization","name":"Jagdklub Darmstadt, Verein f\u00fcr J\u00e4ger und Sportsch\u00fctzen e.V.","url":"https:\/\/jagdklub-darmstadt.de\/hp\/","logo":{"@type":"ImageObject","inLanguage":"de","@id":"https:\/\/jagdklub-darmstadt.de\/hp\/#\/schema\/logo\/image\/","url":"https:\/\/jagdklub-darmstadt.de\/hp\/wp-content\/uploads\/2016\/06\/JKD-Logo.png","contentUrl":"https:\/\/jagdklub-darmstadt.de\/hp\/wp-content\/uploads\/2016\/06\/JKD-Logo.png","width":279,"height":361,"caption":"Jagdklub Darmstadt, Verein f\u00fcr J\u00e4ger und Sportsch\u00fctzen e.V."},"image":{"@id":"https:\/\/jagdklub-darmstadt.de\/hp\/#\/schema\/logo\/image\/"}}]}},"_links":{"self":[{"href":"https:\/\/jagdklub-darmstadt.de\/hp\/wp-json\/wp\/v2\/pages\/86","targetHints":{"allow":["GET"]}}],"collection":[{"href":"https:\/\/jagdklub-darmstadt.de\/hp\/wp-json\/wp\/v2\/pages"}],"about":[{"href":"https:\/\/jagdklub-darmstadt.de\/hp\/wp-json\/wp\/v2\/types\/page"}],"author":[{"embeddable":true,"href":"https:\/\/jagdklub-darmstadt.de\/hp\/wp-json\/wp\/v2\/users\/7"}],"replies":[{"embeddable":true,"href":"https:\/\/jagdklub-darmstadt.de\/hp\/wp-json\/wp\/v2\/comments?post=86"}],"version-history":[{"count":25,"href":"https:\/\/jagdklub-darmstadt.de\/hp\/wp-json\/wp\/v2\/pages\/86\/revisions"}],"predecessor-version":[{"id":6738,"href":"https:\/\/jagdklub-darmstadt.de\/hp\/wp-json\/wp\/v2\/pages\/86\/revisions\/6738"}],"up":[{"embeddable":true,"href":"https:\/\/jagdklub-darmstadt.de\/hp\/wp-json\/wp\/v2\/pages\/80"}],"wp:attachment":[{"href":"https:\/\/jagdklub-darmstadt.de\/hp\/wp-json\/wp\/v2\/media?parent=86"}],"curies":[{"name":"wp","href":"https:\/\/api.w.org\/{rel}","templated":true}]}}